{"id":100,"date":"2015-06-15T18:54:08","date_gmt":"2015-06-15T09:54:08","guid":{"rendered":"http:\/\/www.ube-k.ac.jp\/en\/?page_id=100"},"modified":"2022-02-18T14:26:18","modified_gmt":"2022-02-18T05:26:18","slug":"student-dormitories","status":"publish","type":"page","link":"https:\/\/www.ube-k.ac.jp\/vi\/facilities\/student-dormitories\/","title":{"rendered":"K\u00fd T\u00fac X\u00e1 Hakucho"},"content":{"rendered":"K\u00fd t\u00fac x\u00e1 &#8220;Hakucho (Thi\u00ean nga)&#8221; c\u1ee7a tr\u01b0\u1eddng t\u1ecda l\u1ea1c tr\u00ean ng\u1ea1n H\u1ed3 Tokiwa. K\u00fd t\u00fac x\u00e1 Hakucho l\u00e0 c\u01a1 s\u1edf n\u1ed9i tr\u00fa gi\u00e1o d\u1ee5c c\u00f3 t\u00f4n ch\u1ec9 &#8220;T\u1ef1 ch\u1ee7, h\u1eefu ngh\u1ecb v\u00e0 h\u1ee3p t\u00e1c&#8221;, v\u00e0 h\u01b0\u1edbng m\u1ee5c \u0111\u00edch h\u00ecnh th\u00e0nh nh\u00e2n c\u00e1ch c\u00e1 nh\u00e2n h\u1ecdc vi\u00ean qua vi\u1ec7c coi tr\u1ecdng c\u00e1c m\u1ed1i quan h\u1ec7 con ng\u01b0\u1eddi v\u1edbi c\u00e1c sinh vi\u00ean kh\u00e1c. Tr\u01b0\u1eddng c\u00f3 k\u00fd t\u00fac x\u00e1 nam v\u00e0 k\u00fd t\u00fac x\u00e1 n\u1eef v\u1edbi s\u1ed1 h\u1ecdc vi\u00ean hi\u1ec7n sinh ho\u1ea1t \u0103n \u1edf trong k\u00fd t\u00fac x\u00e1 l\u00e0 kho\u1ea3ng 300 ng\u01b0\u1eddi (trong \u0111\u00f3 n\u1eef chi\u1ebfm kho\u1ea3ng 50 ng\u01b0\u1eddi). T\u1ea5t c\u1ea3 c\u00e1c t\u00f2a nh\u00e0 trong k\u00fd t\u00fac x\u00e1 \u0111\u1ec1u \u0111\u01b0\u1ee3c trang b\u1ecb \u0111\u1ea7y \u0111\u1ee7 m\u00e1y \u0111i\u1ec1u ho\u00e0 v\u00e0 wifi nh\u1eb1m c\u00f3 th\u1ec3 cung c\u1ea5p m\u1ed9t m\u00f4i tr\u01b0\u1eddng h\u1ecdc t\u1eadp tho\u1ea3i m\u00e1i h\u01a1n.\r\n<h3>M\u1ee5c \u0111\u00edch c\u1ee7a k\u00fd t\u00fac x\u00e1<\/h3>\r\nTh\u00f4ng qua m\u00f4i tr\u01b0\u1eddng sinh ho\u1ea1t chung, h\u1ecdc vi\u00ean c\u00f3 th\u1ec3 t\u1eadp t\u00ednh t\u1ef1 l\u1eadp nh\u01b0 l\u00e0 m\u1ed9t th\u00e0nh vi\u00ean trong x\u00e3 h\u1ed9i v\u00e0 \u0111\u1ed3ng th\u1eddi c\u00f3 th\u1ec3 h\u1ecdc t\u1eadp \u0111\u01b0\u1ee3c t\u00ednh h\u1ee3p t\u00e1c v\u1edbi b\u1ea1n b\u00e8.T\u1eeb \u0111\u00f3, gi\u00fap k\u00fd t\u00fac x\u00e1 tr\u1edf th\u00e0nh m\u1ed9t m\u00f4i tr\u01b0\u1eddng &#8220;h\u1ecdc h\u1ecfi l\u1eabn nhau&#8221; gi\u1eefa c\u00e1c h\u1ecdc vi\u00ean l\u1edbp th\u1ea5p v\u00e0 h\u1ecdc vi\u00ean l\u1edbp cao.\r\n<table class=\"table-style01\" border=\"0\" width=\"100%\" cellspacing=\"0\" cellpadding=\"0\">\r\n<tbody>\r\n<tr>\r\n<td align=\"center\" width=\"33%\"><a href=\"https:\/\/www.ube-k.ac.jp\/cms\/wp-content\/uploads\/2015\/04\/hakucho-gate.jpg\"><img decoding=\"async\" class=\"img100 alignnone size-medium wp-image-6362\" src=\"https:\/\/www.ube-k.ac.jp\/cms\/wp-content\/uploads\/2015\/04\/hakucho-gate-300x200.jpg\" \/><\/a><\/td>\r\n<td align=\"center\" width=\"33%\"><a href=\"https:\/\/www.ube-k.ac.jp\/cms\/wp-content\/uploads\/2015\/04\/hakucho-entrance.jpg\"><img decoding=\"async\" class=\"img100 alignnone size-medium wp-image-6367\" src=\"https:\/\/www.ube-k.ac.jp\/cms\/wp-content\/uploads\/2015\/04\/hakucho-entrance-300x200.jpg\" \/><\/a><\/td>\r\n<td align=\"center\"><a href=\"https:\/\/www.ube-k.ac.jp\/cms\/wp-content\/uploads\/2015\/04\/hakucho-dormitory.jpg\"><img decoding=\"async\" class=\"img100 alignnone size-medium wp-image-6368\" src=\"https:\/\/www.ube-k.ac.jp\/cms\/wp-content\/uploads\/2015\/04\/hakucho-dormitory-300x200.jpg\" \/><\/a><\/td>\r\n<\/tr>\r\n<tr>\r\n<td align=\"center\"><a href=\"https:\/\/www.ube-k.ac.jp\/cms\/wp-content\/uploads\/2015\/04\/hakucho-girl.jpg\"><img decoding=\"async\" class=\"img100 alignnone size-medium wp-image-6368\" src=\"https:\/\/www.ube-k.ac.jp\/cms\/wp-content\/uploads\/2015\/04\/hakucho-girl-300x200.jpg\" \/><\/a><\/td>\r\n<td align=\"center\"><a href=\"https:\/\/www.ube-k.ac.jp\/cms\/wp-content\/uploads\/2015\/04\/hakucho-room1.jpg\"><img decoding=\"async\" class=\"img100 alignnone size-medium wp-image-6358\" src=\"https:\/\/www.ube-k.ac.jp\/cms\/wp-content\/uploads\/2015\/04\/hakucho-room1-300x200.jpg\" \/><\/a><\/td>\r\n<td align=\"center\"><a href=\"https:\/\/www.ube-k.ac.jp\/cms\/wp-content\/uploads\/2015\/04\/hakucho-room6.jpg\"><img decoding=\"async\" class=\"img100 alignnone size-medium wp-image-6359\" src=\"https:\/\/www.ube-k.ac.jp\/cms\/wp-content\/uploads\/2015\/04\/hakucho-room6-300x200.jpg\" \/><\/a><\/td>\r\n<\/tr>\r\n<tr>\r\n<td align=\"center\"><a href=\"https:\/\/www.ube-k.ac.jp\/cms\/wp-content\/uploads\/2015\/04\/hakucho-room4.jpg\"><img decoding=\"async\" class=\"img100 alignnone size-medium wp-image-6366\" src=\"https:\/\/www.ube-k.ac.jp\/cms\/wp-content\/uploads\/2015\/04\/hakucho-room4-300x200.jpg\" \/><\/a><\/td>\r\n<td align=\"center\"><a href=\"https:\/\/www.ube-k.ac.jp\/cms\/wp-content\/uploads\/2015\/04\/hakucho-room5.jpg\"><img decoding=\"async\" class=\"img100 alignnone size-medium wp-image-6366\" src=\"https:\/\/www.ube-k.ac.jp\/cms\/wp-content\/uploads\/2015\/04\/hakucho-room5-300x201.jpg\" \/><\/a><\/td>\r\n<td align=\"center\"><a href=\"https:\/\/www.ube-k.ac.jp\/cms\/wp-content\/uploads\/2015\/04\/hakucho-desk.jpg\"><img decoding=\"async\" class=\"img100 alignnone size-medium wp-image-6361\" src=\"https:\/\/www.ube-k.ac.jp\/cms\/wp-content\/uploads\/2015\/04\/hakucho-desk-300x200.jpg\" \/><\/a><\/td>\r\n<\/tr>\r\n<tr>\r\n<td align=\"center\"><a href=\"https:\/\/www.ube-k.ac.jp\/cms\/wp-content\/uploads\/2015\/04\/hakucho-aircon.jpg\"><img decoding=\"async\" class=\"img100 alignnone size-medium wp-image-6363\" src=\"https:\/\/www.ube-k.ac.jp\/cms\/wp-content\/uploads\/2015\/04\/hakucho-aircon-300x200.jpg\" \/><\/a><\/td>\r\n<td align=\"center\"><a href=\"https:\/\/www.ube-k.ac.jp\/cms\/wp-content\/uploads\/2015\/04\/hakucho-room3.jpg\"><img decoding=\"async\" class=\"img100 alignnone size-medium wp-image-6364\" src=\"https:\/\/www.ube-k.ac.jp\/cms\/wp-content\/uploads\/2015\/04\/hakucho-room3-300x200.jpg\" \/><\/a><\/td>\r\n<td align=\"center\"><a href=\"https:\/\/www.ube-k.ac.jp\/cms\/wp-content\/uploads\/2015\/04\/hakucho-lavatory.jpg\"><img decoding=\"async\" class=\"img100 alignnone size-medium wp-image-6365\" src=\"https:\/\/www.ube-k.ac.jp\/cms\/wp-content\/uploads\/2015\/04\/hakucho-lavatory-300x200.jpg\" \/><\/a><\/td>\r\n<\/tr>\r\n<tr>\r\n<td align=\"center\"><a href=\"https:\/\/www.ube-k.ac.jp\/cms\/wp-content\/uploads\/2015\/04\/hakucho-laundry.jpg\"><img decoding=\"async\" class=\"img100 alignnone size-medium wp-image-6362\" src=\"https:\/\/www.ube-k.ac.jp\/cms\/wp-content\/uploads\/2015\/04\/hakucho-laundry-300x200.jpg\" \/><\/a><\/td>\r\n<td align=\"center\"><a href=\"https:\/\/www.ube-k.ac.jp\/cms\/wp-content\/uploads\/2015\/04\/hakucho-corridor.jpg\"><img decoding=\"async\" class=\"img100 alignnone size-medium wp-image-6361\" src=\"https:\/\/www.ube-k.ac.jp\/cms\/wp-content\/uploads\/2015\/04\/hakucho-corridor-300x200.jpg\" \/><\/a><\/td>\r\n<td align=\"center\"><a href=\"https:\/\/www.ube-k.ac.jp\/cms\/wp-content\/uploads\/2015\/04\/hakucho-med_room.jpg\"><img decoding=\"async\" class=\"img100 alignnone size-medium wp-image-6365\" src=\"https:\/\/www.ube-k.ac.jp\/cms\/wp-content\/uploads\/2015\/04\/hakucho-med_room-300x200.jpg\" \/><\/a><\/td>\r\n<\/tr>\r\n<\/tbody>\r\n<\/table>","protected":false},"excerpt":{"rendered":"<p>K\u00fd t\u00fac x\u00e1 &#8220;Hakucho (Thi\u00ean nga)&#8221; c\u1ee7a tr\u01b0\u1eddng t\u1ecda l\u1ea1c tr\u00ean ng\u1ea1n H\u1ed3 Tokiwa. K\u00fd t\u00fac x\u00e1 Hakucho l\u00e0 c\u01a1 s\u1edf [&hellip;]<\/p>\n","protected":false},"author":1,"featured_media":2318,"parent":88,"menu_order":32,"comment_status":"open","ping_status":"open","template":"","meta":{"footnotes":""},"_links":{"self":[{"href":"https:\/\/www.ube-k.ac.jp\/vi\/wp-json\/wp\/v2\/pages\/100"}],"collection":[{"href":"https:\/\/www.ube-k.ac.jp\/vi\/wp-json\/wp\/v2\/pages"}],"about":[{"href":"https:\/\/www.ube-k.ac.jp\/vi\/wp-json\/wp\/v2\/types\/page"}],"author":[{"embeddable":true,"href":"https:\/\/www.ube-k.ac.jp\/vi\/wp-json\/wp\/v2\/users\/1"}],"replies":[{"embeddable":true,"href":"https:\/\/www.ube-k.ac.jp\/vi\/wp-json\/wp\/v2\/comments?post=100"}],"version-history":[{"count":2,"href":"https:\/\/www.ube-k.ac.jp\/vi\/wp-json\/wp\/v2\/pages\/100\/revisions"}],"predecessor-version":[{"id":2405,"href":"https:\/\/www.ube-k.ac.jp\/vi\/wp-json\/wp\/v2\/pages\/100\/revisions\/2405"}],"up":[{"embeddable":true,"href":"https:\/\/www.ube-k.ac.jp\/vi\/wp-json\/wp\/v2\/pages\/88"}],"wp:featuredmedia":[{"embeddable":true,"href":"https:\/\/www.ube-k.ac.jp\/vi\/wp-json\/wp\/v2\/media\/2318"}],"wp:attachment":[{"href":"https:\/\/www.ube-k.ac.jp\/vi\/wp-json\/wp\/v2\/media?parent=100"}],"curies":[{"name":"wp","href":"https:\/\/api.w.org\/{rel}","templated":true}]}}