{"id":102,"date":"2015-06-15T19:16:58","date_gmt":"2015-06-15T10:16:58","guid":{"rendered":"http:\/\/www.ube-k.ac.jp\/en\/?page_id=102"},"modified":"2018-11-28T13:43:33","modified_gmt":"2018-11-28T04:43:33","slug":"schedule","status":"publish","type":"page","link":"https:\/\/www.ube-k.ac.jp\/vi\/campus-life\/schedule\/","title":{"rendered":"L\u1ecbch tr\u00ecnh Ho\u1ea1t \u0111\u1ed9ng H\u00e0ng N\u0103m c\u1ee7a Tr\u01b0\u1eddng"},"content":{"rendered":"\u0110\u1ec3 c\u00f3 \u0111\u01b0\u1ee3c m\u1ed9t \u0111\u1eddi s\u1ed1ng h\u1ecdc \u0111\u01b0\u1eddng 5 n\u0103m \u0111\u1ea7y \u00fd ngh\u0129a, tr\u01b0\u1eddng \u0111\u00e3 l\u00ean k\u1ebf ho\u1ea1ch t\u1ed5 ch\u1ee9c nhi\u1ec1u s\u1ef1 ki\u1ec7n phong ph\u00fa c\u1ea3 b\u00ean trong v\u00e0 ngo\u00e0i tr\u01b0\u1eddng. C\u1ee9 m\u1ed7i h\u1ecdc k\u1ef3 1 v\u00e0 h\u1ecdc k\u1ef3 2 h\u00e0ng n\u0103m, \u0111\u1ec1u c\u00f3 t\u1ed5 ch\u1ee9c thi \u0111\u1ea5u gi\u1eefa c\u00e1c l\u1edbp, v\u00e0o m\u00f9a thu th\u00ec c\u00f3 L\u1ec5 h\u1ed9i Kosen, v.v.. \u0111\u1ec3 h\u01b0\u1edbng t\u1edbi vi\u1ec7c g\u1eafn k\u1ebft t\u00ecnh th\u00e2n gi\u1eefa c\u00e1c h\u1ecdc vi\u00ean v\u00e0 \u0111\u00e0o t\u1ea1o nh\u1eefng con ng\u01b0\u1eddi \u0111\u1ea7y t\u00ednh nh\u00e2n v\u0103n.\r\n\r\n<table class=\"table-style01 responsive\" border=\"0\" width=\"100%\" cellspacing=\"0\" cellpadding=\"0\">\r\n<tbody>\r\n<tr align=\"center\">\r\n<th colspan=\"2\">H\u1ecdc k\u00ec 1<\/th>\r\n<\/tr>\r\n<tr>\r\n<th align=\"center\">Th\u00e1ng 4<\/th>\r\n<td>\r\n<div><span class=\"txt-gray\">\u25a0<\/span> L\u1ec5 nh\u1eadp h\u1ecdc<br>\r\n<span class=\"txt-gray\">\u25a0<\/span> L\u1ec5 \u0111\u1ecbnh h\u01b0\u1edbng cho sinh vi\u00ean m\u1edbi v\u00e0 L\u1ec5 khai gi\u1ea3ng<br>\r\n<span class=\"txt-gray\">\u25a0<\/span> H\u1ed9i ngh\u1ecb sinh vi\u00ean<\/div><\/td>\r\n<\/tr>\r\n<tr>\r\n<th align=\"center\">Th\u00e1ng 5<\/th>\r\n<td>\r\n<div><span class=\"txt-gray\">\u25a0<\/span>  Thi \u0111\u1ea5u gi\u1eefa c\u00e1c l\u1edbp<br>\r\n<span class=\"txt-gray\">\u25a0<\/span>  L\u1ec5 h\u1ed9i th\u1ec3 thao tr\u01b0\u1eddng trung h\u1ecdc ph\u1ed5 th\u00f4ng to\u00e0n qu\u1ed1c (cu\u1ed1i th\u00e1ng 5 &#8211; \u0111\u1ea7u th\u00e1ng 6)<\/div>\r\n\r\n<hr \/>\r\n\r\n<p><img loading=\"lazy\" decoding=\"async\" class=\"alignleft size-full wp-image-6221\" src=\"http:\/\/www.ube-k.ac.jp\/cms\/wp-content\/uploads\/2015\/03\/calendar05_classmatch.jpg\" alt=\"calendar05_classmatch\" width=\"250\" height=\"180\" \/> <strong>Thi \u0111\u1ea5u gi\u1eefa c\u00e1c l\u1edbp<\/strong><\/p>\r\n\r\nM\u1ed7i n\u0103m c\u00f3 2 l\u1ea7n t\u1ed5 ch\u1ee9c thi \u0111\u1ea5u gi\u1eefa c\u00e1c l\u1edbp h\u1ecdc do ch\u00ednh h\u1ecdc sinh l\u00ean k\u1ebf ho\u1ea1ch v\u00e0 th\u1ef1c hi\u1ec7n. Cu\u1ed9c thi c\u00f3 r\u1ea5t nhi\u1ec1u m\u00f4n thi \u0111\u1ea5u t\u1eeb c\u00e1c m\u00f4n th\u1ec3 d\u1ee5c th\u1ec3 thao cho \u0111\u1ebfn c\u00e1c m\u00f4n thi \u0111\u1ea5u r\u1ea5t kh\u00e1c l\u1ea1.\r\n\r\n<p class='cl'><\/p><\/td>\r\n<\/tr>\r\n<tr>\r\n<th align=\"center\">Th\u00e1ng 6<\/th>\r\n<td>\r\n<div><span class=\"txt-gray\">\u25a0<\/span> Ki\u1ec3m tra \u0111\u1ecbnh k\u1ef3 (cu\u1ed1i th\u00e1ng 5 &#8211; \u0111\u1ea7u th\u00e1ng 6) <\/div><\/td>\r\n<\/tr>\r\n<tr>\r\n<th align=\"center\">Th\u00e1ng 7<\/th>\r\n<td>\r\n<div><span class=\"txt-gray\">\u25a0<\/span>  \u0110\u1ea1i h\u1ed9i th\u1ec3 thao Kosen khu v\u1ef1c Chugoku<br>\r\n<span class=\"txt-gray\">\u25a0<\/span> Gi\u1ea3i thi \u0111\u1ea5u B\u00f3ng ch\u00e0y d\u00e0nh cho sinh vi\u00ean trung h\u1ecdc ph\u1ed5 th\u00f4ng to\u00e0n qu\u1ed1c, khu v\u1ef1c t\u1ec9nh Yamaguchi<\/div>\r\n\r\n<hr \/>\r\n\r\n<p><img loading=\"lazy\" decoding=\"async\" class=\"alignleft size-full wp-image-6222\" src=\"http:\/\/www.ube-k.ac.jp\/cms\/wp-content\/uploads\/2015\/03\/calendar07_kousentaikai.jpg\" alt=\"calendar07_kousentaikai\" width=\"250\" height=\"180\" \/> <strong> \u0110\u1ea1i h\u1ed9i th\u1ec3 thao Kosen khu v\u1ef1c Chugoku<\/strong><\/p>\r\n\r\n\u0110\u1ed1i v\u1edbi c\u00e1c c\u00e2u l\u1ea1c b\u1ed9 th\u1ec3 d\u1ee5c th\u1ec3 thao c\u00f3 th\u1ec3 tham gia v\u00e0o m\u1ed9t \u0110\u1ea1i h\u1ed9i th\u1ec3 thao Kosen to\u00e0n qu\u1ed1c d\u00e0nh cho c\u00e1c h\u1ecdc vi\u00ean t\u1ea1i c\u00e1c tr\u01b0\u1eddng Kosen. \u0110\u1ea1i h\u1ed9i \u0111\u01b0\u1ee3c di\u1ec5n ra v\u1edbi 2 c\u1ea5p \u0111\u1ed9 khu v\u1ef1c v\u00e0 to\u00e0n qu\u1ed1c. \u0110\u1ea1i h\u1ed9i m\u00f9a h\u00e8 \u0111\u01b0\u1ee3c di\u1ec5n ra v\u00e0o th\u00e1ng 7 &#8211; th\u00e1ng 8, \u0111\u1ea1i h\u1ed9i m\u00f9a \u0111\u00f4ng \u0111\u01b0\u1ee3c di\u1ec5n ra v\u00e0 th\u00e1ng 11 &#8211; th\u00e1ng 1.\r\n\r\n<p class='cl'><\/p><\/td>\r\n<\/tr>\r\n<tr>\r\n<th align=\"center\">Th\u00e1ng 8 v\u00e0 Th\u00e1ng 9<\/th>\r\n<td>\r\n<div><span class=\"txt-gray\">\u25a0<\/span> Ki\u1ec3m tra \u0111\u1ecbnh k\u1ef3<br>\r\n<span class=\"txt-gray\">\u25a0<\/span> T\u1ed5 ch\u1ee9c Open campus l\u1ea7n 1<br>\r\n<span class=\"txt-gray\">\u25a0<\/span> Ngh\u1ec9 h\u00e8<br>\r\n<span class=\"txt-gray\">\u25a0<\/span> \u0110\u1ea1i h\u1ed9i th\u1ec3 thao Kosen To\u00e0n qu\u1ed1c<br>\r\n<span class=\"txt-gray\">\u25a0\u00a0<\/span>Th\u1ef1c t\u1eadp (Internship)<\/div>\r\n\r\n<hr \/>\r\n\r\n<p><img loading=\"lazy\" decoding=\"async\" class=\"alignleft size-full wp-image-6223\" src=\"http:\/\/www.ube-k.ac.jp\/cms\/wp-content\/uploads\/2015\/03\/calendar09_internship.jpg\" alt=\"calendar09_internship\" width=\"250\" height=\"180\" \/> <strong>Th\u1ef1c t\u1eadp (Internship)<\/strong><\/p>\r\n\r\nTi\u1ebfn h\u00e0nh th\u1ef1c h\u00e0nh v\u00e0 \u0111\u00e0o t\u1ea1o ngay t\u1ea1i c\u00e1c hi\u1ec7n tr\u01b0\u1eddng c\u1ee7a doanh nghi\u1ec7p t\u01b0 nh\u00e2n, c\u01a1 quan ch\u00ednh ph\u1ee7 trung \u01b0\u01a1ng c\u0169ng nh\u01b0 \u0111\u1ecba ph\u01b0\u01a1ng nh\u1eb1m m\u1ee5c \u0111\u00edch th\u00f4ng qua vi\u1ec7c tr\u1ea3i nghi\u1ec7m lao \u0111\u1ed9ng th\u1ef1c t\u1ebf, h\u1ecdc vi\u00ean s\u1ebd c\u00f3 \u0111\u01b0\u1ee3c tinh th\u1ea7n tr\u00e1ch nhi\u1ec7m v\u00e0 t\u00ednh t\u1ef1 l\u1eadp. Th\u00f4ng qua th\u1eddi gian th\u1ef1c t\u1eadp t\u1eeb 5 ng\u00e0y tr\u1edf l\u00ean, c\u00e1c h\u1ecdc vi\u00ean c\u1ee7a n\u0103m th\u1ee9 4 v\u00e0 th\u1ee9 5 s\u1ebd \u0111\u01b0\u1ee3c x\u00e9t ch\u1ee9ng nh\u1eadn t\u00edn ch\u1ec9 nh\u01b0 l\u00e0 m\u00f4n h\u1ecdc t\u1ef1 ch\u1ecdn.\r\n\r\n<p class='cl'><\/p><\/td>\r\n<\/tr>\r\n<tr align=\"center\">\r\n<th colspan=\"2\">H\u1ecdc k\u1ef3 2<\/th>\r\n<\/tr>\r\n<tr>\r\n<th align=\"center\">Th\u00e1ng 10<\/th>\r\n<td>\r\n<div><span class=\"txt-gray\">\u25a0<\/span> Thi TOEIC-IP<br>\r\n<span class=\"txt-gray\">\u25a0<\/span> \u0110\u00e0o t\u1ea1o tham quan nh\u00e0 x\u01b0\u1edfng<br>\r\n<span class=\"txt-gray\">\u25a0<\/span> \u0110\u1ea1i h\u1ed9i thi \u0111\u1ea5u Procon (l\u1eadp tr\u00ecnh m\u00e1y t\u00ednh) Kosen to\u00e0n qu\u1ed1c<br>\r\n<span class=\"txt-gray\">\u25a0<\/span> \u0110\u1ea1i h\u1ed9i thi \u0111\u1ea5u Robocon Kosen, Khu v\u1ef1c Chugoku<\/div><\/td>\r\n<\/tr>\r\n<tr>\r\n<th align=\"center\">Th\u00e1ng 11<\/th>\r\n<td>\r\n<div><span class=\"txt-gray\">\u25a0<\/span> Thi \u0111\u1ea5u gi\u1eefa c\u00e1c l\u1edbp h\u1ecdc<br>\r\n<span class=\"txt-gray\">\u25a0<\/span> \u0110\u1ea1i h\u1ed9i th\u1ec3 thao m\u00f9a \u0111\u00f4ng Kosen, Khu v\u1ef1c Chugoku<br>\r\n<span class=\"txt-gray\">\u25a0<\/span> L\u1ec5 h\u1ed9i Kosen<br>\r\n<span class=\"txt-gray\">\u25a0<\/span> T\u1ed5 ch\u1ee9c Open campus l\u1ea7n 2<\/div>\r\n\r\n<hr \/>\r\n\r\n<p><img loading=\"lazy\" decoding=\"async\" class=\"alignleft size-full wp-image-6225\" src=\"http:\/\/www.ube-k.ac.jp\/cms\/wp-content\/uploads\/2015\/03\/calendar11_kosensai.jpg\" alt=\"calendar11_kosensai\" width=\"250\" height=\"180\" \/> <strong>L\u1ec5 h\u1ed9i Kosen<\/strong><\/p>\r\n\r\nL\u1ec5 h\u1ed9i \u0111\u01b0\u1ee3c di\u1ec5n ra v\u00e0o ng\u00e0y th\u1ee9 B\u1ea3y v\u00e0 Ch\u1ee7 nh\u1eadt th\u00e1ng 11 d\u00e0nh cho t\u1ea5t c\u1ea3 c\u00e1c h\u1ecdc vi\u00ean v\u00e0 ng\u01b0\u1eddi ngo\u00e0i tr\u01b0\u1eddng \u0111\u1ebfn tham gia. L\u1ec5 h\u1ed9i do U\u1ef7 ban Th\u1ef1c hi\u1ec7n L\u1ec5 h\u1ed9i Kosen \u0111\u1ee9ng ra l\u00ean k\u1ebf ho\u1ea1ch v\u00e0 t\u1ed5 ch\u1ee9c th\u1ef1c hi\u1ec7n. L\u1ec5 h\u1ed9i bao g\u1ed3m r\u1ea5t nhi\u1ec1u c\u00e1c ho\u1ea1t \u0111\u1ed9ng nh\u01b0 t\u1ed5 ch\u1ee9c th\u00ed nghi\u1ec7m, tri\u1ec3n l\u00e3m, gian h\u00e0ng (ch\u1ee3) do c\u00e1c l\u1edbp c\u0169ng nh\u01b0 c\u00e1c c\u00e2u l\u1ea1c b\u1ed9 ngo\u1ea1i kho\u00e1 th\u1ef1c hi\u1ec7n.\r\n\r\n<p class='cl'><\/p><\/td>\r\n<\/tr>\r\n<tr>\r\n<th align=\"center\">Th\u00e1ng 12<\/th>\r\n<td>\r\n<div><span class=\"txt-gray\">\u25a0<\/span> \u0110\u1ea1i h\u1ed9i thi \u0111\u1ea5u Robocon Kosen to\u00e0n qu\u1ed1c<br>\r\n<span class=\"txt-gray\">\u25a0<\/span> Ki\u1ec3m tra \u0111\u1ecbnh k\u1ef3<br>\r\n<span class=\"txt-gray\">\u25a0<\/span> K\u1ef3 ngh\u1ec9 \u0111\u00f4ng<br>\r\n<span class=\"txt-gray\">\u25a0<\/span> L\u1ec5 h\u1ed9i vi\u1ec7c l\u00e0m k\u1ebft h\u1ee3p<\/div><\/td>\r\n<\/tr>\r\n<tr>\r\n<th align=\"center\">Th\u00e1ng 1<\/th>\r\n<td>\r\n<div><span class=\"txt-gray\">\u25a0<\/span> \u0110\u1ea1i h\u1ed9i th\u1ec3 thao m\u00f9a \u0111\u00f4ng Kosen to\u00e0n qu\u1ed1c<br>\r\n<span class=\"txt-gray\">\u25a0<\/span> \u0110\u1ea1i h\u1ed9i thi \u0111\u1ea5u di\u1ec5n thuy\u1ebft Precon Kosen<\/div><\/td>\r\n<\/tr>\r\n<tr>\r\n<th align=\"center\">Th\u00e1ng 2<\/th>\r\n<td>\r\n<div><span class=\"txt-gray\">\u25a0<\/span> H\u1ed9i th\u1ea3o ph\u00e1t bi\u1ec3u nghi\u00ean c\u1ee9u \u0111\u1ed3 \u00e1n t\u1ed1t nghi\u1ec7p<br>\r\n<span class=\"txt-gray\">\u25a0<\/span> Ki\u1ec3m tra \u0111\u1ecbnh k\u1ef3<\/div><\/td>\r\n<\/tr>\r\n<tr>\r\n<th align=\"center\">Th\u00e1ng 3<\/th>\r\n<td>\r\n<div><span class=\"txt-gray\">\u25a0<\/span> L\u1ec5 b\u1ebf gi\u1ea3ng<br>\r\n<span class=\"txt-gray\">\u25a0<\/span> K\u1ef3 ngh\u1ec9 xu\u00e2n<br>\r\n<span class=\"txt-gray\">\u25a0<\/span> L\u1ec5 t\u1ed1t nghi\u1ec7p<\/div><\/td>\r\n<\/tr>\r\n<\/tbody>\r\n<\/table>","protected":false},"excerpt":{"rendered":"<p>\u0110\u1ec3 c\u00f3 \u0111\u01b0\u1ee3c m\u1ed9t \u0111\u1eddi s\u1ed1ng h\u1ecdc \u0111\u01b0\u1eddng 5 n\u0103m \u0111\u1ea7y \u00fd ngh\u0129a, tr\u01b0\u1eddng \u0111\u00e3 l\u00ean k\u1ebf ho\u1ea1ch t\u1ed5 ch\u1ee9c nhi\u1ec1u s\u1ef1 ki\u1ec7n phong ph\u00fa c\u1ea3 [&hellip;]<\/p>\n","protected":false},"author":1,"featured_media":2279,"parent":275,"menu_order":68,"comment_status":"open","ping_status":"closed","template":"","meta":{"footnotes":""},"_links":{"self":[{"href":"https:\/\/www.ube-k.ac.jp\/vi\/wp-json\/wp\/v2\/pages\/102"}],"collection":[{"href":"https:\/\/www.ube-k.ac.jp\/vi\/wp-json\/wp\/v2\/pages"}],"about":[{"href":"https:\/\/www.ube-k.ac.jp\/vi\/wp-json\/wp\/v2\/types\/page"}],"author":[{"embeddable":true,"href":"https:\/\/www.ube-k.ac.jp\/vi\/wp-json\/wp\/v2\/users\/1"}],"replies":[{"embeddable":true,"href":"https:\/\/www.ube-k.ac.jp\/vi\/wp-json\/wp\/v2\/comments?post=102"}],"version-history":[{"count":2,"href":"https:\/\/www.ube-k.ac.jp\/vi\/wp-json\/wp\/v2\/pages\/102\/revisions"}],"predecessor-version":[{"id":2409,"href":"https:\/\/www.ube-k.ac.jp\/vi\/wp-json\/wp\/v2\/pages\/102\/revisions\/2409"}],"up":[{"embeddable":true,"href":"https:\/\/www.ube-k.ac.jp\/vi\/wp-json\/wp\/v2\/pages\/275"}],"wp:featuredmedia":[{"embeddable":true,"href":"https:\/\/www.ube-k.ac.jp\/vi\/wp-json\/wp\/v2\/media\/2279"}],"wp:attachment":[{"href":"https:\/\/www.ube-k.ac.jp\/vi\/wp-json\/wp\/v2\/media?parent=102"}],"curies":[{"name":"wp","href":"https:\/\/api.w.org\/{rel}","templated":true}]}}