{"id":113,"date":"2015-06-15T19:19:06","date_gmt":"2015-06-15T10:19:06","guid":{"rendered":"http:\/\/www.ube-k.ac.jp\/en\/?page_id=113"},"modified":"2018-11-28T13:41:53","modified_gmt":"2018-11-28T04:41:53","slug":"international-exchanges","status":"publish","type":"page","link":"https:\/\/www.ube-k.ac.jp\/vi\/campus-life\/international-exchanges\/","title":{"rendered":"Giao L\u01b0u Qu\u1ed1c T\u1ebf"},"content":{"rendered":"<p>\u0110\u1ec3 \u0111\u00e0o t\u1ea1o \u0111\u01b0\u1ee3c \u0111\u1ed9i ng\u0169 k\u1ef9 s\u01b0 c\u00f3 th\u1ec3 \u0111\u00f3ng m\u1ed9t vai tr\u00f2 t\u00edch c\u1ef1c tr\u00ean th\u1ebf gi\u1edbi, tr\u01b0\u1eddng ch\u00fang t\u00f4i x\u00fac ti\u1ebfn vi\u1ec7c giao l\u01b0u qu\u1ed1c t\u1ebf v\u00e0 \u0111\u00e3 k\u00fd k\u1ebft bi\u00ean b\u1ea3n th\u1ecfa thu\u1eadn trao \u0111\u1ed5i h\u1ecdc thu\u1eadt v\u1edbi 13 tr\u01b0\u1eddng \u0111\u1ea1i h\u1ecdc tr\u00ean th\u1ebf gi\u1edbi. Gi\u1eefa h\u1ecdc vi\u00ean &#8211; gi\u1ea3ng vi\u00ean c\u1ee7a tr\u01b0\u1eddng ch\u00fang t\u00f4i v\u00e0 c\u00e1c tr\u01b0\u1eddng \u0111\u00e3 k\u00fd k\u1ebft bi\u00ean b\u1ea3n tho\u1ea3 thu\u1eadn trao \u0111\u1ed5i h\u1ecdc thu\u1eadt \u0111\u00e3 v\u00e0 \u0111ang c\u00f3 nh\u1eefng ho\u1ea1t \u0111\u1ed9ng t\u00edch c\u1ef1c giao l\u01b0u gi\u1eefa c\u00e1c b\u00ean. \u0110\u1ed1i v\u1edbi h\u1ecdc vi\u00ean Ch\u01b0\u01a1ng tr\u00ecnh h\u1ecdc n\u00e2ng cao th\u00ec c\u00f3 ch\u01b0\u01a1ng tr\u00ecnh &#8220;Th\u1ef1c t\u1eadp n\u01b0\u1edbc ngo\u00e0i&#8221;, &#8220;\u0110\u00e0o t\u1ea1o ng\u00f4n ng\u1eef&#8221;, v\u00e0 \u0111\u1ed1i v\u1edbi h\u1ecdc vi\u00ean Ch\u01b0\u01a1ng tr\u00ecnh h\u1ecdc ch\u00ednh &#8220;\u0110\u00e0o t\u1ea1o n\u01b0\u1edbc ngo\u00e0i&#8221;, &#8220;\u0110\u00e0o t\u1ea1o ng\u00f4n ng\u1eef&#8221; \u0111\u1ec3 h\u1ecdc vi\u00ean c\u1ee7a tr\u01b0\u1eddng ch\u00fang t\u00f4i \u0111i du h\u1ecdc t\u1ea1i c\u00e1c tr\u01b0\u1eddng b\u1ea1n \u0111\u00e3 k\u00fd k\u1ebft bi\u00ean b\u1ea3n th\u1ecfa thu\u1eadn trao \u0111\u1ed5i h\u1ecdc thu\u1eadt. C\u00e1c h\u1ecdc vi\u00ean tham gia c\u00f3 th\u1ec3 s\u1eed d\u1ee5ng ch\u1ebf \u0111\u1ed9 h\u1ed7 tr\u1ee3 nh\u01b0 h\u1ecdc b\u1ed5ng t\u1eeb C\u01a1 quan H\u1ed7 tr\u1ee3 Sinh vi\u00ean Nh\u1eadt B\u1ea3n (JASSO) ho\u1eb7c Qu\u1ef9 H\u1ed7 tr\u1ee3 Giao l\u01b0u Qu\u1ed1c t\u1ebf c\u1ee7a tr\u01b0\u1eddng ch\u00fang t\u00f4i. Ngo\u00e0i ra, ch\u00fang t\u00f4i c\u0169ng ti\u1ebfp nh\u1eadn ng\u1eafn h\u1ea1n nh\u1eefng h\u1ecdc sinh \u0111\u1ebfn t\u1eeb c\u00e1c tr\u01b0\u1eddng b\u1ea1n h\u1ee3p t\u00e1c. V\u00e0o n\u0103m 2017, ch\u00fang t\u00f4i \u0111\u00e3 ph\u00e1i c\u1eed 84 h\u1ecdc vi\u00ean \u0111i n\u01b0\u1edbc ngo\u00e0i v\u00e0 \u0111\u00e3 ti\u1ebfp nh\u1eadn 61 h\u1ecdc vi\u00ean t\u1eeb c\u00e1c tr\u01b0\u1eddng b\u1ea1n h\u1ee3p t\u00e1c.<\/p>\r\n<h3>C\u00e1c tr\u01b0\u1eddng b\u1ea1n \u0111\u00e3 k\u00fd k\u1ebft bi\u00ean b\u1ea3n th\u1ecfa thu\u1eadn trao \u0111\u1ed5i h\u1ecdc thu\u1eadt<\/h3>\r\n<table class=\"table-style02\" border=\"0\" width=\"100%\" cellspacing=\"0\" cellpadding=\"0\">\r\n<tbody>\r\n<tr>\r\n<th width=\"30%\">Qu\u1ed1c gia \u0111\u1ed1i t\u00e1c<\/th>\r\n<th>T\u00ean tr\u01b0\u1eddng<\/th>\r\n<th>Ng\u00e0y k\u00fd k\u1ebft<\/th>\r\n<\/tr>\r\n<tr>\r\n<td align=\"center\">\u00dac<\/td>\r\n<td align=\"center\">\u0110\u1ea1i h\u1ecdc Newcastle<\/td>\r\n<td align=\"center\">Ng\u00e0y 10 th\u00e1ng 8 n\u0103m 2003<\/td>\r\n<\/tr>\r\n<tr>\r\n<td align=\"center\">H\u00e0n Qu\u1ed1c<\/td>\r\n<td align=\"center\">\u0110\u1ea1i h\u1ecdc Khoa h\u1ecdc Dongyi<\/td>\r\n<td align=\"center\">Ng\u00e0y 07 th\u00e1ng 1 n\u0103m 2004<\/td>\r\n<\/tr>\r\n<tr>\r\n<td align=\"center\">Trung Qu\u1ed1c<\/td>\r\n<td align=\"center\">\u0110\u1ea1i h\u1ecdc C\u00f4ng nghi\u1ec7p Harbin (Uy H\u1ea3i)<\/td>\r\n<td align=\"center\">Ng\u00e0y 17 th\u00e1ng 10 n\u0103m 2007<\/td>\r\n<\/tr>\r\n<tr>\r\n<td align=\"center\">Li\u00ean bang Nga<\/td>\r\n<td align=\"center\">\u0110\u1ea1i h\u1ecdc Khoa h\u1ecdc Komsomolsk<\/td>\r\n<td align=\"center\">Ng\u00e0y 23 th\u00e1ng 12 n\u0103m 2008<\/td>\r\n<\/tr>\r\n<tr>\r\n<td align=\"center\">Li\u00ean bang Nga<\/td>\r\n<td align=\"center\">\u0110\u1ea1i h\u1ecdc Gi\u00e1o d\u1ee5c Nh\u00e2n v\u0103n Amur<\/td>\r\n<td align=\"center\">Ng\u00e0y 23 th\u00e1ng 12 n\u0103m 2009<\/td>\r\n<\/tr>\r\n<tr>\r\n<td align=\"center\">\u0110\u00e0i Loan<\/td>\r\n<td align=\"center\">\u0110\u1ea1i h\u1ecdc Li\u00ean h\u1ee3p Qu\u1ed1c gia<\/td>\r\n<td align=\"center\">Ng\u00e0y 21 th\u00e1ng 11 n\u0103m 2014<\/td>\r\n<\/tr>\r\n<tr>\r\n<td align=\"center\">Singapore<\/td>\r\n<td align=\"center\">Nanyang Polytechnic<\/td>\r\n<td align=\"center\">Ng\u00e0y 23 th\u00e1ng 2 n\u0103m 2016<\/td>\r\n<\/tr>\r\n<tr>\r\n<td align=\"center\">\u0110\u00e0i Loan<\/td>\r\n<td align=\"center\">\u0110\u1ea1i h\u1ecdc Ngo\u1ea1i ng\u1eef Wenzao<\/td>\r\n<td align=\"center\">Ng\u00e0y 28 th\u00e1ng 3 n\u0103m 2016<\/td>\r\n<\/tr>\r\n<tr>\r\n<td align=\"center\">H\u00e0n Qu\u1ed1c<\/td>\r\n<td align=\"center\">Tr\u01b0\u1eddng Cao \u0111\u1eb3ng Yongkang<\/td>\r\n<td align=\"center\">Ng\u00e0y 1 th\u00e1ng 7 n\u0103m 2016<\/td>\r\n<\/tr>\r\n<tr>\r\n<td align=\"center\">Vi\u1ec7t Nam<\/td>\r\n<td align=\"center\">Tr\u01b0\u1eddng Cao \u0111\u1eb3ng C\u00f4ng nghi\u1ec7p v\u00e0 Th\u01b0\u01a1ng m\u1ea1i<\/td>\r\n<td align=\"center\">Ng\u00e0y 26 th\u00e1ng 6 n\u0103m 2017<\/td>\r\n<\/tr>\r\n<tr>\r\n<td align=\"center\">Vi\u1ec7t Nam<\/td>\r\n<td align=\"center\">Cao \u0111\u1eb3ng C\u00f4ng nghi\u1ec7p Hu\u1ebf<\/td>\r\n<td align=\"center\">Ng\u00e0y 04 th\u00e1ng 10 n\u0103m 2017<\/td>\r\n<\/tr>\r\n<tr>\r\n<td align=\"center\">New Zealand<\/td>\r\n<td align=\"center\">\u0110\u1ea1i h\u1ecdc C\u00f4ng ngh\u1ec7 Christchurch<\/td>\r\n<td align=\"center\">Ng\u00e0y 13 th\u00e1ng 3 n\u0103m 2018<\/td>\r\n<\/tr>\r\n<tr>\r\n<td align=\"center\">New Zealand<\/td>\r\n<td align=\"center\">\u0110\u1ea1i h\u1ecdc C\u00f4ng ngh\u1ec7 Waikato<\/td>\r\n<td align=\"center\">Ng\u00e0y 4 th\u00e1ng 5 n\u0103m 2018<\/td>\r\n<\/tr>\r\n<\/tbody><\/table>\r\n<table class=\"table-style03 responsive\" border=\"0\" width=\"100%\" cellspacing=\"0\" cellpadding=\"0\">\r\n<tbody>\r\n<tr>\r\n<td valign=\"top\" width=\"50%\"><img loading=\"lazy\" decoding=\"async\" class=\"aligncenter size-full wp-image-207\" src=\"http:\/\/www.ube-k.ac.jp\/en\/cms\/wp-content\/uploads\/2015\/06\/thumb_abroad.jpg\" alt=\"thumb_abroad\" width=\"260\" height=\"180\" \/><\/td>\r\n<td valign=\"top\"><img loading=\"lazy\" decoding=\"async\" class=\"aligncenter size-full wp-image-208\" src=\"http:\/\/www.ube-k.ac.jp\/en\/cms\/wp-content\/uploads\/2015\/06\/thumb_international.jpg\" alt=\"thumb_international\" width=\"260\" height=\"180\" \/><\/td>\r\n<\/tr>\r\n<\/tbody><\/table>\r\n","protected":false},"excerpt":{"rendered":"<p>\u0110\u1ec3 \u0111\u00e0o t\u1ea1o \u0111\u01b0\u1ee3c \u0111\u1ed9i ng\u0169 k\u1ef9 s\u01b0 c\u00f3 th\u1ec3 \u0111\u00f3ng m\u1ed9t vai tr\u00f2 t\u00edch c\u1ef1c tr\u00ean th\u1ebf gi\u1edbi, tr\u01b0\u1eddng ch\u00fang t\u00f4i x\u00fac ti\u1ebfn vi\u1ec7c g [&hellip;]<\/p>\n","protected":false},"author":1,"featured_media":2307,"parent":275,"menu_order":69,"comment_status":"open","ping_status":"closed","template":"","meta":{"footnotes":""},"_links":{"self":[{"href":"https:\/\/www.ube-k.ac.jp\/vi\/wp-json\/wp\/v2\/pages\/113"}],"collection":[{"href":"https:\/\/www.ube-k.ac.jp\/vi\/wp-json\/wp\/v2\/pages"}],"about":[{"href":"https:\/\/www.ube-k.ac.jp\/vi\/wp-json\/wp\/v2\/types\/page"}],"author":[{"embeddable":true,"href":"https:\/\/www.ube-k.ac.jp\/vi\/wp-json\/wp\/v2\/users\/1"}],"replies":[{"embeddable":true,"href":"https:\/\/www.ube-k.ac.jp\/vi\/wp-json\/wp\/v2\/comments?post=113"}],"version-history":[{"count":2,"href":"https:\/\/www.ube-k.ac.jp\/vi\/wp-json\/wp\/v2\/pages\/113\/revisions"}],"predecessor-version":[{"id":2428,"href":"https:\/\/www.ube-k.ac.jp\/vi\/wp-json\/wp\/v2\/pages\/113\/revisions\/2428"}],"up":[{"embeddable":true,"href":"https:\/\/www.ube-k.ac.jp\/vi\/wp-json\/wp\/v2\/pages\/275"}],"wp:featuredmedia":[{"embeddable":true,"href":"https:\/\/www.ube-k.ac.jp\/vi\/wp-json\/wp\/v2\/media\/2307"}],"wp:attachment":[{"href":"https:\/\/www.ube-k.ac.jp\/vi\/wp-json\/wp\/v2\/media?parent=113"}],"curies":[{"name":"wp","href":"https:\/\/api.w.org\/{rel}","templated":true}]}}