{"id":1177,"date":"2016-07-20T12:54:58","date_gmt":"2016-07-20T03:54:58","guid":{"rendered":"http:\/\/www.ube-k.ac.jp\/en\/?page_id=1177"},"modified":"2018-11-28T13:42:49","modified_gmt":"2018-11-28T04:42:49","slug":"club-activities","status":"publish","type":"page","link":"https:\/\/www.ube-k.ac.jp\/vi\/campus-life\/club-activities\/","title":{"rendered":"C\u00e1c Ho\u1ea1t \u0110\u1ed9ng C\u00e2u L\u1ea1c B\u1ed9 Ngo\u1ea1i Kho\u00e1"},"content":{"rendered":"<p>Tr\u01b0\u1eddng Ube Kosen c\u00f3 19 c\u00e2u l\u1ea1c b\u1ed9 th\u1ec3 thao v\u00e0 11 c\u00e2u l\u1ea1c b\u1ed9 v\u0103n ho\u00e1. Trong c\u00e1c c\u00e2u l\u1ea1c b\u1ed9 th\u1ec3 thao, c\u00f3 nh\u1eefng c\u00e2u l\u1ea1c b\u1ed9 \u0111\u00e3 t\u1eebng tham gia v\u00e0o c\u00e1c \u0111\u1ea1i h\u1ed9i th\u1ec3 thao Kosen, v\u00e0 c\u00e1c h\u1ecdc vi\u00ean n\u0103m th\u1ee9 1 &#8211; th\u1ee9 3 c\u0169ng \u0111\u00e3 t\u1eebng tham gia v\u00e0o \u0111\u1ea1i h\u1ed9i th\u1ec3 thao c\u00e1c tr\u01b0\u1eddng trung h\u1ecdc ph\u1ed5 th\u00f4ng (Korentai). C\u00e1c c\u00e2u l\u1ea1c b\u1ed9 v\u0103n ho\u00e1 r\u1ea5t t\u00edch c\u1ef1c trong vi\u1ec7c tham gia v\u00e0o c\u00e1c ho\u1ea1t \u0111\u1ed9ng nh\u01b0 L\u1ec5 h\u1ed9i Kosen, c\u00e1c k\u1ef3 thi \u0111\u1ea5u kh\u00e1c nhau \u0111\u1ec3 tr\u00ecnh di\u1ec5n k\u1ebft qu\u1ea3 ho\u1ea1t \u0111\u1ed9ng.<\/p>\r\n<h2>C\u00e1c C\u00e2u L\u1ea1c B\u1ed9 Th\u1ec3 Thao<\/h2>\r\n<a title=\"Ball Sports\" href=\".\/ball-games\/\" class=\"club_box\">\r\n<div class=\"club-l\"><img decoding=\"async\" src=\"https:\/\/www.ube-k.ac.jp\/cms\/wp-content\/uploads\/2015\/04\/club_sports_ball02.jpg\" alt=\"\u9ad8\u5c02\u4f53\u80b2\u5927\u4f1a\u306b\u304a\u3044\u3066\" class=\"alignnone size-full wp-image-6499\" \/><\/div>\r\n<div class=\"club-r\">\r\n  <h3>C\u00e1c m\u00f4n th\u1ec3 thao d\u00f9ng b\u00f3ng<\/h3>\r\n  C\u00e2u l\u1ea1c b\u1ed9 Qu\u1ea7n v\u1ee3t B\u00f3ng c\u1ee9ng \/ C\u00e2u l\u1ea1c b\u1ed9 B\u00f3ng ch\u00e0y B\u00f3ng c\u1ee9ng \/ C\u00e2u l\u1ea1c b\u1ed9 B\u00f3ng \u0111\u00e1 \/ C\u00e2u l\u1ea1c b\u1ed9 Qu\u1ea7n v\u1ee3t B\u00f3ng m\u1ec1m \/ C\u00e2u l\u1ea1c b\u1ed9 B\u00f3ng b\u00e0n \/ C\u00e2u l\u1ea1c b\u1ed9 B\u00f3ng r\u1ed5 (nam) \/ C\u00e2u l\u1ea1c b\u1ed9 B\u00f3ng r\u1ed5 (n\u1eef) \/ C\u00e2u l\u1ea1c b\u1ed9 C\u1ea7u l\u00f4ng \/ C\u00e2u l\u1ea1c b\u1ed9 B\u00f3ng chuy\u1ec1n (nam) \/ C\u00e2u l\u1ea1c b\u1ed9 B\u00f3ng chuy\u1ec1n (n\u1eef) \/ C\u00e2u l\u1ea1c b\u1ed9 B\u00f3ng n\u00e9m \/ C\u00e2u l\u1ea1c b\u1ed9 B\u00f3ng b\u1ea7u d\u1ee5c<\/div>\r\n<p class='cl'><\/p> <\/a> <a href=\".\/military\/\" title=\"Martial Arts\" class=\"club_box\">\r\n<div class=\"club-l\"><img decoding=\"async\" src=\"https:\/\/www.ube-k.ac.jp\/cms\/wp-content\/uploads\/2015\/04\/club_sports_military02.jpg\" alt=\"club_sports_military02\" class=\"alignnone size-full wp-image-6532\" \/><\/div>\r\n<div class=\"club-r\">\r\n  <h3>C\u00e1c C\u00e2u l\u1ea1c b\u1ed9 v\u00f5 \u0111\u1ea1o, v\u00f5 thu\u1ead<\/h3>\r\n  C\u00e2u l\u1ea1c b\u1ed9 Karate \/ C\u00e2u l\u1ea1c b\u1ed9 B\u1eafn cung \/ C\u00e2u l\u1ea1c b\u1ed9 Kendo (Ki\u1ebfm \u0111\u1ea1o) \/ C\u00e2u l\u1ea1c b\u1ed9 V\u00f5 Judo \/ C\u00e2u l\u1ea1c b\u1ed9 Thi\u1ebfu l\u00e2m t\u1ef1 Quy\u1ec1n ph\u00e1p<\/div>\r\n<p class='cl'><\/p> <\/a> <a href=\".\/compe\/\" title=\"Other sports\u30fbOutdoor activities\" class=\"club_box\">\r\n<div class=\"club-l\"><img decoding=\"async\" src=\"https:\/\/www.ube-k.ac.jp\/cms\/wp-content\/uploads\/2015\/04\/club_sports_compe01.jpg\" alt=\"club_sports_compe01\" class=\"alignnone size-full wp-image-6536\" \/><\/div>\r\n<div class=\"club-r\">\r\n  <h3>C\u00e1c C\u00e2u l\u1ea1c b\u1ed9 Thi \u0111\u1ea5u v\u00e0 D\u00e3 ngo\u1ea1i<\/h3>\r\n  C\u00e2u l\u1ea1c b\u1ed9 B\u01a1i l\u1ed9i \/ C\u00e2u l\u1ea1c b\u1ed9 \u0110i\u1ec1n kinh \/ C\u00e2u l\u1ea1c b\u1ed9 Street Dance \/ C\u00e2u l\u1ea1c b\u1ed9 Wonder Vogel<\/div>\r\n<p class='cl'><\/p> <\/a>\r\n<h2>C\u00e1c C\u00e2u l\u1ea1c b\u1ed9 v\u0103n h\u00f3a<\/h2>\r\n<a href=\".\/arts\/\" title=\"Arts\" class=\"club_box\">\r\n<div class=\"club-l\"><img decoding=\"async\" src=\"https:\/\/www.ube-k.ac.jp\/cms\/wp-content\/uploads\/2015\/04\/club_culture_art06.jpg\" alt=\"\u65b0\u5929\u753a\u306b\u63b2\u793a\u3059\u308b\u6a2a\u65ad\u5e55\u306e\u5236\u4f5c\u98a8\u666f\" class=\"alignnone size-full wp-image-6546\" \/><\/div>\r\n<div class=\"club-r\">\r\n  <h3>C\u00e1c c\u00e2u l\u1ea1c b\u1ed9 v\u1ec1 Ngh\u1ec7 thu\u1eadt<\/h3>\r\n  C\u00e2u l\u1ea1c b\u1ed9 \u00c2m thanh \/ C\u00e2u l\u1ea1c b\u1ed9 Nh\u1ea1c c\u1ee5 th\u1ed5i \/ C\u00e2u l\u1ea1c b\u1ed9 C\u1edd v\u00e2y, Shogi \/ C\u00e2u l\u1ea1c b\u1ed9 Tr\u00e0 \u0111\u1ea1o \/ C\u00e2u l\u1ea1c b\u1ed9 Nhi\u1ebfp \u1ea3nh \/ C\u00e2u l\u1ea1c b\u1ed9 M\u1ef9 thu\u1eadt \/ C\u00e2u l\u1ea1c b\u1ed9 V\u0103n h\u1ecdc<\/div>\r\n<p class='cl'><\/p> <\/a> <a href=\".\/tech\/\" title=\"Academic\u30fbEngineering\" class=\"club_box\">\r\n<div class=\"club-l\"><img decoding=\"async\" src=\"https:\/\/www.ube-k.ac.jp\/cms\/wp-content\/uploads\/2015\/04\/club_culture_tech02.jpg\" alt=\"\u6b69\u884c\u30ed\u30dc\u30c3\u30c8\u3068\u88fd\u4f5c\u8005\" class=\"alignnone size-full wp-image-6550\" \/><\/div>\r\n<div class=\"club-r\">\r\n  <h3>C\u00e1c c\u00e2u l\u1ea1c b\u1ed9 h\u1ecdc t\u1eadp v\u00e0 k\u1ef9 thu\u1eadt<\/h3>\r\n  C\u00e2u l\u1ea1c b\u1ed9 Giao ti\u1ebfp ti\u1ebfng Anh \/ C\u00e2u l\u1ea1c b\u1ed9 M\u00e1y t\u00ednh \/ C\u00e2u l\u1ea1c b\u1ed9 Nghi\u00ean c\u1ee9u Robot \/ C\u00e2u l\u1ea1c b\u1ed9 ET Robocon<\/div>\r\n<p class='cl'><\/p> <\/a> ","protected":false},"excerpt":{"rendered":"<p>Tr\u01b0\u1eddng Ube Kosen c\u00f3 19 c\u00e2u l\u1ea1c b\u1ed9 th\u1ec3 thao v\u00e0 11 c\u00e2u l\u1ea1c b\u1ed9 v\u0103n ho\u00e1. Trong c\u00e1c c\u00e2u l\u1ea1c b\u1ed9 th\u1ec3 thao, c\u00f3 nh\u1eefng c [&hellip;]<\/p>\n","protected":false},"author":2,"featured_media":2018,"parent":275,"menu_order":62,"comment_status":"open","ping_status":"closed","template":"","meta":{"footnotes":""},"_links":{"self":[{"href":"https:\/\/www.ube-k.ac.jp\/vi\/wp-json\/wp\/v2\/pages\/1177"}],"collection":[{"href":"https:\/\/www.ube-k.ac.jp\/vi\/wp-json\/wp\/v2\/pages"}],"about":[{"href":"https:\/\/www.ube-k.ac.jp\/vi\/wp-json\/wp\/v2\/types\/page"}],"author":[{"embeddable":true,"href":"https:\/\/www.ube-k.ac.jp\/vi\/wp-json\/wp\/v2\/users\/2"}],"replies":[{"embeddable":true,"href":"https:\/\/www.ube-k.ac.jp\/vi\/wp-json\/wp\/v2\/comments?post=1177"}],"version-history":[{"count":2,"href":"https:\/\/www.ube-k.ac.jp\/vi\/wp-json\/wp\/v2\/pages\/1177\/revisions"}],"predecessor-version":[{"id":2412,"href":"https:\/\/www.ube-k.ac.jp\/vi\/wp-json\/wp\/v2\/pages\/1177\/revisions\/2412"}],"up":[{"embeddable":true,"href":"https:\/\/www.ube-k.ac.jp\/vi\/wp-json\/wp\/v2\/pages\/275"}],"wp:featuredmedia":[{"embeddable":true,"href":"https:\/\/www.ube-k.ac.jp\/vi\/wp-json\/wp\/v2\/media\/2018"}],"wp:attachment":[{"href":"https:\/\/www.ube-k.ac.jp\/vi\/wp-json\/wp\/v2\/media?parent=1177"}],"curies":[{"name":"wp","href":"https:\/\/api.w.org\/{rel}","templated":true}]}}