{"id":1180,"date":"2016-07-20T11:22:58","date_gmt":"2016-07-20T02:22:58","guid":{"rendered":"http:\/\/www.ube-k.ac.jp\/en\/?page_id=1180"},"modified":"2018-12-12T15:57:11","modified_gmt":"2018-12-12T06:57:11","slug":"ball-games","status":"publish","type":"page","link":"https:\/\/www.ube-k.ac.jp\/vi\/campus-life\/club-activities\/ball-games\/","title":{"rendered":"C\u00e1c m\u00f4n th\u1ec3 thao d\u00f9ng b\u00f3ng"},"content":{"rendered":"<ul class=\"page_localnav\">\r\n<li class=\"stay\">C\u00e1c m\u00f4n th\u1ec3 thao d\u00f9ng b\u00f3ng<\/li>\r\n<li><a href=\"..\/military\/\">C\u00e1c C\u00e2u l\u1ea1c b\u1ed9 v\u00f5 \u0111\u1ea1o, v\u00f5 thu\u1eadt<\/a><\/li>\r\n<li><a href=\"..\/compe\/\">C\u00e1c C\u00e2u l\u1ea1c b\u1ed9 Thi \u0111\u1ea5u v\u00e0 D\u00e3 ngo\u1ea1i<\/a><\/li>\r\n<li><a href=\"..\/arts\/\">C\u00e1c c\u00e2u l\u1ea1c b\u1ed9 v\u1ec1 Ngh\u1ec7 thu\u1eadt<\/a><\/li>\r\n<li><a href=\"..\/tech\/\">C\u00e1c c\u00e2u l\u1ea1c b\u1ed9 h\u1ecdc t\u1eadp v\u00e0 k\u1ef9 thu\u1eadt<\/a><\/li>\r\n<\/ul>\r\n<hr \/>\r\n<h3 class=\"club\">C\u00e2u l\u1ea1c b\u1ed9 Qu\u1ea7n v\u1ee3t B\u00f3ng c\u1ee9ng<\/h3>\r\n<div class=\"club-r\"><img decoding=\"async\" class=\"alignnone size-full wp-image-6498\" src=\"https:\/\/www.ube-k.ac.jp\/cms\/wp-content\/uploads\/2015\/04\/club_sports_ball01.jpg\" alt=\"hardball tennis\" \/><\/div>\r\n<div class=\"club-l\">C\u00e2u l\u1ea1c b\u1ed9 qu\u1ea7n v\u1ee3t b\u00f3ng c\u1ee9ng ho\u1ea1t \u0111\u1ed9ng v\u1edbi m\u1ee5c \u0111\u00edch h\u1ecdc h\u1ecfi \u0111\u01b0\u1ee3c nh\u1eefng k\u1ef9 thu\u1eadt qu\u1ea7n v\u1ee3t v\u00e0 n\u00e2ng cao th\u1ec3 l\u1ef1c c\u0103n b\u1ea3n. M\u1ed9t ng\u01b0\u1eddi m\u1edbi b\u1eaft \u0111\u1ea7u ch\u01a1i m\u00e0 ch\u1ecbu kh\u00f3 chuy\u00ean c\u1ea7n luy\u1ec7n t\u1eadp th\u00ec s\u1ebd th\u00edch th\u00fa v\u1edbi m\u00f4n qu\u1ea7n v\u1ee3t n\u00e0y nh\u01b0 l\u00e0 m\u00f4n th\u1ec3 thao su\u1ed1t \u0111\u1eddi. V\u1ec1 vi\u1ec7c thi \u0111\u1ea5u th\u00ec C\u00e2u l\u1ea1c b\u1ed9 h\u01b0\u1edbng t\u1edbi m\u1ee5c ti\u00eau tham gia v\u00e0o gi\u1ea3i thi \u0111\u1ea5u \u0110\u1ea1i h\u1ed9i th\u1ec3 thao Kosen to\u00e0n qu\u1ed1c. C\u00e2u l\u1ea1c b\u1ed9 c\u0169ng r\u1ea5t t\u00edch c\u1ef1c tham gia v\u00e0o c\u00e1c cu\u1ed9c thi \u0111\u1ea5u \u0111\u01b0\u1ee3c t\u1ed5 ch\u1ee9c t\u1ea1i \u0111\u1ecba ph\u01b0\u01a1ng l\u00e0 th\u00e0nh ph\u1ed1 Ube, c\u0169ng nh\u01b0 \u0110\u1ea1i h\u1ed9i th\u1ec3 thao do Kotairen t\u1ed5 ch\u1ee9c d\u00e0nh cho c\u00e1c h\u1ecdc vi\u00ean \u0111\u1ebfn n\u0103m th\u1ee9 3.\r\n<\/div>\r\n<p class='cl'><\/p>\r\n<hr \/>\r\n<h3 class=\"club\">C\u00e2u l\u1ea1c b\u1ed9 B\u00f3ng ch\u00e0y B\u00f3ng c\u1ee9ng<\/h3>\r\n<div class=\"club-r\"><img decoding=\"async\" class=\"alignnone size-full wp-image-6499\" src=\"https:\/\/www.ube-k.ac.jp\/cms\/wp-content\/uploads\/2015\/04\/club_sports_ball02.jpg\" alt=\"hardball baseball\" \/><\/div>\r\n<div class=\"club-l\">C\u00f3 kho\u1ea3ng 40 ng\u01b0\u1eddi bao g\u1ed3m v\u1eadn \u0111\u1ed9ng vi\u00ean, ng\u01b0\u1eddi qu\u1ea3n l\u00fd \u0111ang luy\u1ec7n t\u1eadp m\u1ed7i ng\u00e0y t\u1ea1i c\u00e2u l\u1ea1c b\u1ed9.<br>\r\nM\u1ecdi ng\u01b0\u1eddi c\u00f3 m\u1ed1i quan h\u1ec7 r\u1ea5t t\u1ed1t b\u1ea5t k\u1ec3 tu\u1ed5i t\u00e1c v\u00e0 khi g\u1eb7p kh\u00f3 kh\u0103n trong l\u00fac luy\u1ec7n t\u1eadp, m\u1ecdi ng\u01b0\u1eddi \u0111\u1ec1u \u0111\u1ed9ng vi\u00ean nhau \u0111\u1ec3 c\u1ed1 g\u1eafng. Khi tr\u1eddi m\u01b0a ho\u1eb7c nh\u1eefng l\u00fac kh\u00f4ng c\u00f3 thi \u0111\u1ea5u, m\u1ecdi ng\u01b0\u1eddi c\u00f9ng nhau ch\u1ea1y b\u1ed9 ho\u1eb7c r\u00e8n luy\u1ec7n th\u1ec3 ch\u1ea5t. C\u00e2u l\u1ea1c b\u1ed9 kh\u00f4ng ch\u1ec9 h\u01b0\u1edbng t\u1edbi r\u00e8n luy\u1ec7n k\u1ef9 thu\u1eadt th\u1ec3 thao m\u00e0 c\u00f2n c\u1ea3 v\u1ec1 tinh th\u1ea7n th\u00f4ng qua vi\u1ec7c th\u1ef1c hi\u1ec7n tri\u1ec7t \u0111\u1ec3 vi\u1ec7c ch\u00e0o h\u1ecfi v\u00e0 t\u00e1c phong l\u1ec5 ph\u00e9p t\u1eeb trong cu\u1ed9c s\u1ed1ng th\u01b0\u1eddng ng\u00e0y.<br>\r\nTrong nh\u1eefng n\u0103m g\u1ea7n \u0111\u00e2y, c\u00e2u l\u1ea1c b\u1ed9 \u0111\u00e3 c\u00f3 \u0111\u01b0\u1ee3c m\u1ed9t s\u1ed1 th\u00e0nh qu\u1ea3 cao trong c\u00e1c cu\u1ed9c thi \u0111\u1ea5u ch\u00ednh th\u1ee9c v\u00e0 m\u1ecdi th\u00e0nh vi\u00ean xem nhau c\u00f3 l\u00fac l\u00e0 b\u1ea1n b\u00e8, c\u00f3 l\u00fac l\u1ea1i l\u00e0 nh\u1eefng \u0111\u1ed1i th\u1ee7 t\u00edch c\u1ef1c \u0111\u1ec3 c\u00f9ng nhau n\u1ed7 l\u1ef1c tr\u01b0\u1edfng th\u00e0nh m\u1ed7i ng\u00e0y.\r\n <\/div>\r\n<p class='cl'><\/p>\r\n<hr \/>\r\n<h3 class=\"club\">C\u00e2u l\u1ea1c b\u1ed9 B\u00f3ng \u0111\u00e1<\/h3>\r\n<div class=\"club-r\"><img decoding=\"async\" class=\"alignnone size-full wp-image-6500\" src=\"https:\/\/www.ube-k.ac.jp\/cms\/wp-content\/uploads\/2015\/04\/club_sports_ball03.jpg\" alt=\"soccer\" \/><\/div>\r\n<div class=\"club-l\">C\u00e2u l\u1ea1c b\u1ed9 b\u00f3ng \u0111\u00e1 ho\u1ea1t \u0111\u1ed9ng m\u1ed7i ng\u00e0y ngo\u00e0i th\u1ee9 N\u0103m v\u00e0 Ch\u1ee7 nh\u1eadt h\u00e0ng tu\u1ea7n. Th\u1eddi gian luy\u1ec7n t\u1eadp kho\u1ea3ng 2 gi\u1edd m\u1ed7i ng\u00e0y. M\u1ecdi th\u00e0nh vi\u00ean luy\u1ec7n t\u1eadp n\u00e2ng cao tinh th\u1ea7n \u0111\u1ed3ng \u0111\u1ed9i v\u00e0 h\u01b0\u1edbng t\u1edbi m\u1ee5c ti\u00eau v\u00f4 \u0111\u1ecbch t\u1ea1i \u0110\u1ea1i h\u1ed9i th\u1ec3 thao Kosen. V\u00ec \u0111\u1eb7c \u0111i\u1ec3m c\u1ee7a tr\u01b0\u1eddng Kosen c\u00f3 kho\u1ea3ng c\u00e1ch r\u1ea5t l\u1edbn gi\u1eefa h\u1ecdc vi\u00ean l\u1edbp th\u1ea5p v\u00e0 h\u1ecdc vi\u00ean l\u1edbp cao n\u00ean c\u00f3 nhi\u1ec1u ng\u01b0\u1eddi s\u1ebd cho r\u1eb1ng s\u1ebd ph\u1ea3i gi\u1eef k\u1ebd \u0111\u1ebfn h\u1ecdc vi\u00ean l\u1edbp l\u1edbn. Nh\u01b0ng c\u00e2u l\u1ea1c b\u1ed9 ch\u00fang t\u00f4i ch\u1ec9 to\u00e0n nh\u1eefng h\u1ecdc vi\u00ean \u0111\u00e0n anh th\u00e2n thi\u1ec7n, th\u00fa v\u1ecb v\u00e0 r\u1ea5t tinh t\u1ebf. R\u1ea5t mong m\u1ecdi ng\u01b0\u1eddi s\u1ebd \u0111\u0103ng k\u00fd tham gia v\u00e0o c\u00e2u l\u1ea1c b\u1ed9 v\u00e0 c\u00f9ng nhau luy\u1ec7n t\u1eadp h\u01b0\u1edbng t\u1edbi v\u00f4 \u0111\u1ecbch trong \u0110\u1ea1i h\u1ed9i th\u1ec3 thao Kosen!!<\/div>\r\n<p class='cl'><\/p>\r\n<hr \/>\r\n<h3 class=\"club\">C\u00e2u l\u1ea1c b\u1ed9 Qu\u1ea7n v\u1ee3t B\u00f3ng m\u1ec1m<\/h3>\r\n<div class=\"club-r\"><img decoding=\"async\" class=\"alignnone size-full wp-image-6502\" src=\"https:\/\/www.ube-k.ac.jp\/cms\/wp-content\/uploads\/2015\/04\/club_sports_ball04.jpg\" alt=\"softball tennis\" \/><\/div>\r\n<div class=\"club-l\">C\u00e2u l\u1ea1c b\u1ed9 qu\u1ea7n v\u1ee3t b\u00f3ng m\u1ec1m l\u00e0 c\u00e2u l\u1ea1c b\u1ed9 r\u1ea5t n\u0103ng \u0111\u1ed9ng \u0111\u00e3 t\u1eebng tham gia v\u00e0o c\u00e1c \u0110\u1ea1i h\u1ed9i th\u1ec3 thao c\u1ea5p cao do Kotairen t\u1ed5 ch\u1ee9c c\u0169ng nh\u01b0 \u0110\u1ea1i h\u1ed9i th\u1ec3 thao Kosen to\u00e0n qu\u1ed1c v\u00e0 \u0111\u00e3 \u0111\u1ea1t \u0111\u01b0\u1ee3c nh\u1eefng th\u00e0nh t\u00edch xu\u1ea5t s\u1eafc. C\u00e2u l\u1ea1c b\u1ed9 ho\u1ea1t \u0111\u1ed9ng t\u1eeb th\u1ee9 Hai \u0111\u1ebfn th\u1ee9 B\u1ea3y v\u00e0 l\u1ea5y tr\u1ecdng t\u00e2m l\u00e0 \u0111\u1ed9i tr\u01b0\u1edfng, c\u00e1c th\u00e0nh vi\u00ean luy\u1ec7n t\u1eadp tr\u00ean tinh th\u1ea7n t\u1ef1 t\u01b0 duy v\u00e0 c\u00f9ng nhau th\u1ea3o lu\u1eadn \u0111\u1ec3 ph\u00e1t tri\u1ec3n l\u00ean t\u1eebng ng\u00e0y. Ngo\u00e0i ra, v\u00e0o m\u00f9a h\u00e8, c\u00e2u l\u1ea1c b\u1ed9 c\u0169ng t\u1ed5 ch\u1ee9c c\u00e1c ti\u1ec7c th\u1ecbt n\u01b0\u1edbng c\u0169ng nh\u01b0 nh\u1eefng bu\u1ed5i ti\u1ec7c chia tay.<br>\r\nC\u00e2u l\u1ea1c b\u1ed9 ch\u1ec9 to\u00e0n nh\u1eefng th\u00e0nh vi\u00ean vui v\u1ebb n\u00ean ch\u00fang t\u00f4i ho\u00e0n to\u00e0n hoan ngh\u00eanh kh\u00f4ng ch\u1ec9 ng\u01b0\u1eddi c\u00f3 kinh nghi\u1ec7m m\u00e0 c\u1ea3 nh\u1eefng ng\u01b0\u1eddi m\u1edbi c\u0169ng nh\u01b0 th\u00e0nh vi\u00ean n\u1eef tham gia.\r\n<\/div>\r\n<p class='cl'><\/p>\r\n<hr \/>\r\n<h3 class=\"club\">C\u00e2u l\u1ea1c b\u1ed9 B\u00f3ng b\u00e0n<\/h3>\r\n<div class=\"club-r\"><img decoding=\"async\" class=\"alignnone size-full wp-image-6501\" src=\"https:\/\/www.ube-k.ac.jp\/cms\/wp-content\/uploads\/2015\/04\/club_sports_ball05.jpg\" alt=\"table tennis\" \/><\/div>\r\n<div class=\"club-l\">B\u00f3ng b\u00e0n l\u00e0 m\u00f4n th\u1ec3 thao c\u00f3 t\u1ed1c \u0111\u1ed9 qua c\u1ea3m gi\u00e1c nhanh nh\u1ea5t. Ngay c\u1ea3 ng\u01b0\u1eddi m\u1edbi b\u1eaft \u0111\u1ea7u n\u1ebfu li\u00ean t\u1ee5c luy\u1ec7n t\u1eadp trong 5 n\u0103m th\u00ec s\u1ebd ch\u01a1i gi\u1ecfi.<br>\r\nC\u00e2u l\u1ea1c b\u1ed9 c\u00f3 hu\u1ea5n luy\u1ec7n vi\u00ean h\u01b0\u1edbng d\u1eabn n\u00ean k\u1ef9 thu\u1eadt b\u00f3ng b\u00e0n s\u1ebd \u0111\u01b0\u1ee3c n\u00e2ng cao. Ngo\u00e0i ra, c\u00e2u l\u1ea1c b\u1ed9 c\u0169ng c\u00f3 ch\u01b0\u01a1ng tr\u00ecnh giao l\u01b0u v\u1edbi nh\u1eefng c\u1ef1u th\u00e0nh vi\u00ean n\u00ean b\u1ea1n c\u0169ng c\u00f3 th\u1ec3 k\u1ef3 v\u1ecdng k\u1ef9 n\u0103ng giao ti\u1ebfp, \u0111i\u1ec1u m\u00e0 tr\u01b0\u1eddng Ube Kosen \u0111\u00e1nh gi\u00e1 r\u1ea5t cao, s\u1ebd \u0111\u01b0\u1ee3c n\u00e2ng cao. C\u00e1c th\u00e0nh vi\u00ean c\u00e2u l\u1ea1c b\u1ed9 \u0111\u1ec1u \u0111ang c\u1ed1 g\u1eafng luy\u1ec7n t\u1eadp n\u00ean h\u00e3y t\u1edbi tham quan ch\u00fang t\u00f4i t\u1ea1i Ph\u00f2ng th\u1ec3 thao!\r\n<\/div>\r\n<p class='cl'><\/p>\r\n<hr \/>\r\n<h3 class=\"club\">C\u00e2u l\u1ea1c b\u1ed9 B\u00f3ng r\u1ed5 (nam)<\/h3>\r\n<div class=\"club-r\"><img decoding=\"async\" class=\"alignnone size-full wp-image-6503\" src=\"https:\/\/www.ube-k.ac.jp\/cms\/wp-content\/uploads\/2015\/04\/club_sports_ball06.jpg\" alt=\"basketball\" \/><\/div>\r\n<div class=\"club-l\">R\u1ea5t hoan ngh\u00eanh nh\u1eefng th\u00e0nh vi\u00ean m\u1edbi b\u1eaft \u0111\u1ea7u tham gia c\u00e2u l\u1ea1c b\u1ed9. C\u00e2u l\u1ea1c b\u1ed9 ch\u00fang t\u00f4i g\u1ed3m nh\u1eefng th\u00e0nh vi\u00ean t\u1eeb 16 \u0111\u1ebfn 20 tu\u1ed5i, v\u00e0 m\u1ed9t trong nh\u1eefng \u0111i\u1ec1u h\u1ea5p d\u1eabn c\u1ee7a c\u00e2u l\u1ea1c b\u1ed9 b\u00f3ng r\u1ed5 nam c\u1ee7a tr\u01b0\u1eddng kosen l\u00e0 c\u00e1c th\u00e0nh vi\u00ean c\u00f3 th\u1ec3 \u0111\u01b0\u1ee3c h\u01b0\u1edbng d\u1eabn tr\u1ef1c ti\u1ebfp t\u1eeb nh\u1eefng h\u1ecdc vi\u00ean \u0111\u00e0n anh l\u1edbp l\u1edbn \u0111\u00e3 th\u00e0nh th\u1ea1o k\u1ef9 thu\u1eadt. N\u1ebfu ch\u0103m ch\u1ec9 luy\u1ec7n t\u1eadp b\u1ea1n c\u00f3 th\u1ec3 \u0111\u1ea1t \u0111\u01b0\u1ee3c c\u00e1c k\u1ef9 n\u0103ng b\u00f3ng r\u1ed5 r\u1ea5t nhanh. C\u00e2u l\u1ea1c b\u1ed9 lu\u00f4n t\u00f4n tr\u1ecdng \u00fd ki\u1ebfn c\u1ee7a t\u1eebng c\u00e1 nh\u00e2n th\u00e0nh vi\u00ean v\u00e0 t\u0103ng c\u01b0\u1eddng s\u1ef1 \u0111o\u00e0n k\u1ebft c\u1ee7a \u0111\u1ed9i, kh\u00f4ng ng\u1eebng luy\u1ec7n t\u1eadp m\u1ed7i ng\u00e0y \u0111\u1ec3 t\u1ea5t nhi\u00ean (!) h\u01b0\u1edbng t\u1edbi m\u1ee5c ti\u00eau &#8220;v\u00f4 \u0111\u1ecbch to\u00e0n qu\u1ed1c!&#8221;. Ngo\u00e0i ra, ch\u00fang t\u00f4i c\u0169ng \u0111ang tuy\u1ec3n nhi\u1ec1u nh\u00e2n vi\u00ean qu\u1ea3n l\u00fd h\u1eadu c\u1ea7n. Tr\u01b0\u1edbc h\u1ebft, h\u00e3y c\u00f9ng nhau tr\u1ea3i nghi\u1ec7m gi\u1ea3i v\u00f4 \u0111\u1ecbch khu v\u1ef1c v\u00e0 sau \u0111\u00f3 l\u00e0 th\u1ef1c hi\u1ec7n \u01b0\u1edbc m\u01a1 &#8220;v\u00f4 \u0111\u1ecbch to\u00e0n qu\u1ed1c!&#8221;\r\n<\/div>\r\n<p class='cl'><\/p>\r\n<hr \/>\r\n<h3 class=\"club\">C\u00e2u l\u1ea1c b\u1ed9 B\u00f3ng r\u1ed5 (n\u1eef)<\/h3>\r\n<div class=\"club-r\"><img decoding=\"async\" class=\"alignnone size-full wp-image-6504\" src=\"https:\/\/www.ube-k.ac.jp\/cms\/wp-content\/uploads\/2015\/04\/club_sports_ball07.jpg\" alt=\"basketball\" \/><\/div>\r\n<div class=\"club-l\">C\u00e2u l\u1ea1c b\u1ed9 B\u00f3ng r\u1ed5 n\u1eef t\u1ed5 ch\u1ee9c luy\u1ec7n t\u1eadp tu\u1ea7n 4 ng\u00e0y v\u00e0 h\u01b0\u1edbng \u0111\u1ebfn tham gia \u0110\u1ea1i h\u1ed9i th\u1ec3 thao Kosen to\u00e0n qu\u1ed1c. V\u00e0o nh\u1eefng n\u0103m 2013 v\u00e0 2014 trong \u0110\u1ea1i h\u1ed9i th\u1ec3 thao Kosen, ch\u00fang t\u00f4i \u0111\u00e3 l\u1ee1 c\u01a1 h\u1ed9i \u0111o\u1ea1t gi\u1ea3i 3 trong \u0110\u1ea1i h\u1ed9i th\u1ec3 thao Kosen khu v\u1ef1c Chugoku v\u00e0 t\u01b0 c\u00e1ch tham gia nh\u01b0ng nh\u1eefng s\u1ef1 h\u1ed1i ti\u1ebfc \u0111\u00f3 s\u1ebd l\u00e0 b\u00e0n \u0111\u1ea1p \u0111\u1ec3 ch\u00fang t\u00f4i ti\u1ebfp t\u1ee5c ph\u1ea5n \u0111\u1ea5u m\u1ed7i ng\u00e0y. Ngo\u00e0i ra, ch\u00fang t\u00f4i kh\u00f4ng ch\u1ec9 c\u00f3 nh\u1eefng th\u00e0nh vi\u00ean \u0111\u00e3 t\u1eebng c\u00f3 kinh nghi\u1ec7m thi \u0111\u1ea5u m\u00e0 c\u00f2n c\u00f3 c\u1ea3 nh\u1eefng th\u00e0nh vi\u00ean m\u1edbi ch\u01b0a c\u00f3 kinh nghi\u1ec7m. Nguy\u00ean t\u1eafc c\u1ee7a ch\u00fang t\u00f4i l\u00e0 &#8220;Nh\u1ecf m\u00e0 c\u00f3 v\u00f5&#8221; (nh\u1ecf nh\u01b0ng gi\u1ecfi h\u01a1n l\u1edbn) n\u00ean c\u00e1c th\u00e0nh vi\u00ean c\u00f3 quy\u1ec1n l\u1ee3i thi \u0111\u1ea5u nh\u01b0 nhau kh\u00f4ng li\u00ean quan g\u00ec \u0111\u1ebfn tu\u1ed5i t\u00e1c. V\u00e0o m\u00f9a Gi\u00e1ng sinh, ch\u00fang t\u00f4i c\u0169ng t\u1ed5 ch\u1ee9c l\u1ec5 h\u1ed9i Gi\u00e1ng sinh v\u00e0 \u0111\u00e2y c\u0169ng l\u00e0 m\u1ed9t trong nh\u1eefng \u0111i\u1ec3m h\u1ea5p d\u1eabn c\u1ea3 C\u00e2u l\u1ea1c b\u1ed9 B\u00f3ng r\u1ed5 n\u1eef c\u1ee7a tr\u01b0\u1eddng Ube Kosen.<\/div>\r\n<p class='cl'><\/p>\r\n<hr \/>\r\n<h3 class=\"club\">C\u00e2u l\u1ea1c b\u1ed9 C\u1ea7u l\u00f4ng<\/h3>\r\n<div class=\"club-r\"><img decoding=\"async\" class=\"alignnone size-full wp-image-6505\" src=\"https:\/\/www.ube-k.ac.jp\/cms\/wp-content\/uploads\/2015\/04\/club_sports_ball08.jpg\" alt=\"badminton\" \/><\/div>\r\n<div class=\"club-l\">Hi\u1ec7n t\u1ea1i, c\u00e2u l\u1ea1c b\u1ed9 c\u00f3 h\u01a1n 40 th\u00e0nh vi\u00ean c\u1ea3 nam v\u00e0 n\u1eef \u0111ang c\u1ed1 g\u1eafng luy\u1ec7n t\u1eadp m\u1ed7i ng\u00e0y. Trong s\u1ed1 n\u00e0y, h\u01a1n m\u1ed9t n\u1eeda th\u00e0nh vi\u00ean l\u00e0 ho\u00e0n to\u00e0n kh\u00f4ng c\u00f3 kinh nghi\u1ec7m ch\u01a1i c\u1ea7u l\u00f4ng tr\u01b0\u1edbc khi tham gia v\u00e0o c\u00e2u l\u1ea1c b\u1ed9. Nh\u01b0ng m\u1ecdi ng\u01b0\u1eddi \u0111\u1eebng lo l\u1eafng g\u00ec! M\u00f4n th\u1ec3 thao n\u00e0y c\u00f3 th\u1ec3 ch\u01a1i gi\u1ecfi \u0111\u01b0\u1ee3c t\u1eeb t\u1eeb v\u1edbi s\u1ef1 h\u01b0\u1edbng d\u1eabn c\u1ee7a nh\u1eefng h\u1ecdc vi\u00ean \u0111\u00e0n anh gi\u00e0u kinh nghi\u1ec7m. C\u00e1c th\u00e0nh vi\u00ean n\u1eef \u0111\u00e3 t\u1eebng 4 n\u0103m li\u00ean ti\u1ebfp tham gia v\u00e0o \u0110\u1ea1i h\u1ed9i th\u1ec3 thao Kosen to\u00e0n qu\u1ed1c theo h\u00ecnh th\u1ee9c \u0111o\u00e0n th\u1ec3 v\u00e0 c\u00e1 nh\u00e2n. C\u00f2n c\u00e1c th\u00e0nh vi\u00ean nam th\u00ec c\u0169ng \u0111ang c\u1ed1 g\u1eafng ph\u1ea5n \u0111\u1ea5u h\u01b0\u1edbng t\u1edbi m\u1ee5c ti\u00eau \u0111\u01b0\u1ee3c tham gia v\u00e0o \u0110\u1ea1i h\u1ed9i th\u1ec3 thao Kosen to\u00e0n qu\u1ed1c. Ch\u00fang t\u00f4i chi\u00eau tuy\u1ec3n kh\u00f4ng ch\u1ec9 th\u00e0nh vi\u00ean v\u1eadn \u0111\u1ed9ng vi\u00ean kh\u00f4ng m\u00e0 c\u00f2n c\u1ea3 th\u00e0nh vi\u00ean qu\u1ea3n l\u00fd ban h\u1eadu c\u1ea7n. H\u00e3y c\u00f9ng nhau nh\u1ecf nh\u1eefng gi\u1ecdt m\u1ed3 h\u00f4i s\u1ea3ng kho\u00e1i!!\r\n<\/div>\r\n<p class='cl'><\/p>\r\n<hr \/>\r\n<h3 class=\"club\">C\u00e2u l\u1ea1c b\u1ed9 B\u00f3ng chuy\u1ec1n (nam)<\/h3>\r\n<div class=\"club-r\"><img decoding=\"async\" class=\"alignnone size-full wp-image-6506\" src=\"https:\/\/www.ube-k.ac.jp\/cms\/wp-content\/uploads\/2015\/04\/club_sports_ball09.jpg\" alt=\"volleyball\" \/><\/div>\r\n<div class=\"club-l\">&#8220;K\u1ebft n\u1ed1i \u0111\u1ec3 x\u00e2y d\u1ef1ng ni\u1ec1m tin.&#8221;<br>\r\n\u0110a ph\u1ea7n c\u00e1c th\u00e0nh vi\u00ean trong c\u00e2u l\u1ea1c b\u1ed9 \u0111\u1ec1u b\u1eaft \u0111\u1ea7u tham gia khi ch\u01b0a c\u00f3 kinh nghi\u1ec7m. Ch\u00fang t\u00f4i c\u1ed1 g\u1eafng t\u1ea1o b\u1ea7u kh\u00f4ng kh\u00ed \u0111\u1ec3 s\u1ef1 giao ti\u1ebfp gi\u1eefa c\u00e1c th\u00e0nh vi\u00ean \u0111\u01b0\u1ee3c th\u1ef1c hi\u1ec7n h\u00e0i ho\u00e0 v\u00e0 m\u1ecdi ng\u01b0\u1eddi c\u00f9ng nhau vui v\u1ebb x\u00e2y d\u1ef1ng \u0111\u1ed9i b\u00f3ng. Chi\u1ec1u cao b\u00ecnh qu\u00e2n c\u1ee7a \u0111\u1ed9i kh\u00f4ng cao n\u00ean ch\u00fang t\u00f4i l\u1ea5y ph\u01b0\u01a1ng ch\u00e2m c\u1ed1 g\u1eafng l\u00e0 &#8220;M\u1ecdi ng\u01b0\u1eddi k\u1ebft n\u1ed1i c\u00f9ng gi\u00fap \u0111\u1ee1 l\u1eabn nhau \u0111\u1ec3 kh\u00f4ng b\u1ecb m\u1ea5t b\u00f3ng!&#8221;. Th\u1eddi gian luy\u1ec7n t\u1eadp v\u00e0o c\u00e1c ng\u00e0y th\u01b0\u1eddng ngo\u1ea1i tr\u1eeb ng\u00e0y th\u1ee9 Hai v\u00e0o l\u00fac tan h\u1ecdc h\u1ecdc v\u00e0 bu\u1ed5i s\u00e1ng ng\u00e0y th\u1ee9 B\u1ea3y t\u1ea1i Ph\u00f2ng th\u1ec3 thao s\u1ed1 2 kho\u1ea3ng 2 gi\u1edd \u0111\u1ed3ng h\u1ed3. R\u1ea5t mong s\u1ebd c\u00f9ng m\u1ecdi ng\u01b0\u1eddi nh\u1ecf nh\u1eefng gi\u1ecdt m\u1ed3 h\u00f4i s\u1ea3ng kho\u00e1i!!\r\n\r\n<\/div>\r\n<p class='cl'><\/p>\r\n<hr \/>\r\n<h3 class=\"club\">C\u00e2u l\u1ea1c b\u1ed9 B\u00f3ng chuy\u1ec1n (n\u1eef)<\/h3>\r\n<div class=\"club-r\"><img decoding=\"async\" class=\"alignnone size-full wp-image-6507\" src=\"https:\/\/www.ube-k.ac.jp\/cms\/wp-content\/uploads\/2015\/04\/club_sports_ball10.jpg\" alt=\"volleyball\" \/><\/div>\r\n<div class=\"club-l\">M\u00f4n th\u1ec3 thao n\u00e0y r\u1ea5t coi tr\u1ecdng tinh th\u1ea7n \u0111\u1ed3ng \u0111\u1ed9i \u0111\u1ec3 c\u00f9ng nhau thi \u0111\u1ea5u gi\u00e0nh chi\u1ebfn th\u1eafng.  C\u00e1c th\u00e0nh vi\u00ean s\u1ebd \u0111\u01b0\u1ee3c r\u00e8n luy\u1ec7n l\u00f2ng v\u1ecb tha \u0111\u1ed1i v\u1edbi b\u1ea1n b\u00e8 v\u00e0 h\u1ecdc h\u1ecfi c\u00e1ch h\u00e0nh \u0111\u1ed9ng c\u00f3 quan t\u00e2m \u0111\u1ebfn chung quanh.<br>\r\nV\u00ec bi\u1ebft quan s\u00e1t chung quanh \u0111\u1ec3 h\u00e0nh \u0111\u1ed9ng n\u00ean r\u1ea5t \u00edt x\u1ea3y ra g\u00e2y g\u1ed7 v\u00e0 m\u1ecdi ng\u01b0\u1eddi r\u1ea5t th\u00e2n thi\u1ec7n v\u1edbi nhau b\u1ea5t k\u1ec3 tu\u1ed5i t\u00e1c l\u1edbp l\u1edbn hay l\u1edbp b\u00e9 \u0111\u1ec3 c\u00f9ng nhau luy\u1ec7n t\u1eadp m\u1ed9t c\u00e1ch vui v\u1ebb.\r\n<\/div>\r\n<p class='cl'><\/p>\r\n<hr \/>\r\n<h3 class=\"club\">C\u00e2u l\u1ea1c b\u1ed9 B\u00f3ng n\u00e9m<\/h3>\r\n<div class=\"club-r\"><img decoding=\"async\" class=\"alignnone size-full wp-image-6508\" src=\"https:\/\/www.ube-k.ac.jp\/cms\/wp-content\/uploads\/2015\/04\/club_sports_ball11.jpg\" alt=\"handball\" \/><\/div>\r\n<div class=\"club-l\">B\u00f3ng n\u00e9m l\u00e0 m\u00f4n th\u1ec3 thao g\u00ec? N\u00f3 c\u00f3 kh\u00f3 kh\u00f4ng? Kh\u00f4ng kh\u00f3 \u0111\u00e2u b\u1ea1n \u1ea1! Ch\u00fang t\u00f4i r\u1ea5t hoan ngh\u00eanh lu\u00f4n c\u1ea3 ng\u01b0\u1eddi ch\u01b0a c\u00f3 kinh nghi\u1ec7m!<br>\r\nNh\u1eefng c\u00fa n\u00e9m ho\u00e0nh tr\u00e1ng, nh\u1eefng \u0111\u00f2n tr\u00e1nh n\u00e9 \u0111\u1eb9p hay nh\u1eefng chi\u00eau thu\u1eadt \u0111i\u00eau luy\u1ec7n ho\u1eb7c nh\u1eefng c\u00fa ph\u00f2ng v\u1ec7 \u0111\u1ea7y can \u0111\u1ea3m h\u1ebft th\u1ea3y \u0111\u1ec1u ph\u00e1t xu\u1ea5t t\u1eeb ng\u01b0\u1eddi ch\u01b0a c\u00f3 kinh nghi\u1ec7m. H\u1ea7u h\u1ebft m\u1ecdi ng\u01b0\u1eddi \u0111\u1ec1u b\u1eaft \u0111\u1ea7u m\u00f4n th\u1ec3 thao n\u00e0y t\u1eeb khi v\u00e0o h\u1ecdc kosen. Ch\u00fang t\u00f4i luy\u1ec7n t\u1eadp v\u00e0o c\u00e1c ng\u00e0y th\u1ee9 Ba, T\u01b0 v\u00e0 th\u1ee9 N\u0103m l\u00fac 16:30, v\u00e0 th\u1ee9 Hai, th\u1ee9 S\u00e1u t\u1eeb l\u00fac 18:30, v\u00e0 ng\u00e0y th\u1ee9 B\u1ea3y th\u00ec t\u1eeb l\u00fac 9:00 s\u00e1ng t\u1ea1i Ph\u00f2ng th\u1ec3 thao s\u1ed1 1. R\u1ea5t mong m\u1ecdi ng\u01b0\u1eddi \u0111\u1ebfn tham quan!!!\r\n\r\n<\/div>\r\n<p class='cl'><\/p>\r\n<hr \/>\r\n<h3 class=\"club\">C\u00e2u l\u1ea1c b\u1ed9 B\u00f3ng b\u1ea7u d\u1ee5c<\/h3>\r\n<div class=\"club-r\"><img decoding=\"async\" class=\"alignnone size-full wp-image-6509\" src=\"https:\/\/www.ube-k.ac.jp\/cms\/wp-content\/uploads\/2015\/04\/club_sports_ball12.jpg\" alt=\"rugby\" \/><\/div>\r\n<div class=\"club-l\">C\u00e2u l\u1ea1c b\u1ed9 B\u00f3ng b\u1ea7u d\u1ee5c d\u01b0\u1edbi s\u1ef1 h\u01b0\u1edbng d\u1eabn c\u1ee7a gi\u00e1o vi\u00ean c\u1ed1 v\u1ea5n, ch\u00fang t\u00f4i \u0111ang luy\u1ec7n t\u1eadp m\u1ed7i ng\u00e0y v\u00e0 h\u01b0\u1edbng m\u1ee5c ti\u00eau v\u00f4 \u0111\u1ecbch to\u00e0n qu\u1ed1c. S\u1ed1 th\u00e0nh vi\u00ean tham gia kh\u00f4ng nhi\u1ec1u n\u00ean n\u1ed9i dung luy\u1ec7n t\u1eadp b\u1ecb h\u1ea1n ch\u1ebf nh\u01b0ng t\u1ea5t c\u1ea3 th\u00e0nh vi\u00ean \u0111\u1ec1u \u0111\u01b0a ra nh\u1eefng g\u00f3p \u00fd l\u1eabn nhau \u0111\u1ec3 c\u1ed1 g\u1eafng c\u00f9ng nhau n\u00e2ng cao k\u1ef9 thu\u1eadt.<br>\r\nC\u00e2u l\u1ea1c b\u1ed9 B\u00f3ng b\u1ea7u d\u1ee5c r\u1ea5t \u00edt ng\u01b0\u1eddi c\u00f3 kinh nghi\u1ec7m v\u00e0 h\u1ea7u h\u1ebft th\u00e0nh vi\u00ean l\u00e0 ng\u01b0\u1eddi m\u1edbi n\u00ean b\u1ea1n c\u00f3 r\u1ea5t nhi\u1ec1u c\u01a1 h\u1ed9i \u0111\u1ec3 ph\u00e1t tri\u1ec3n. Ngo\u00e0i ra, ch\u00fang t\u00f4i ho\u00e0n to\u00e0n hoan ngh\u00eanh m\u1ecdi ng\u01b0\u1eddi b\u1ea5t k\u1ec3 tr\u1ecdng l\u01b0\u1ee3ng v\u00e0 chi\u1ec1u cao. C\u00e1c th\u00e0nh vi\u00ean l\u1edbn v\u00e0 b\u00e9 \u0111\u1ec1u th\u00e2n thi\u1ec7n v\u00e0 m\u1ecdi ng\u01b0\u1eddi r\u1ea5t t\u1eed t\u1ebf. Ch\u00fang t\u00f4i lu\u00f4n b\u00e0y t\u1ecf l\u00f2ng bi\u1ebft \u01a1n \u0111\u1ed1i v\u1edbi c\u00e1c b\u1ea1n b\u00e8 trong \u0111\u1ed9i \u0111ang nh\u1eafm m\u1ee5c ti\u00eau tham gia \u0110\u1ea1i h\u1ed9i th\u1ec3 thao to\u00e0n qu\u1ed1c, c\u00e1c th\u1ea7y c\u00f4 c\u1ed1 v\u1ea5n, c\u00e1c hu\u1ea5n luy\u1ec7n vi\u00ean v\u00e0 ch\u0103m ch\u1ec9 luy\u1ec7n t\u1eadp.\r\n<\/div>\r\n<p class='cl'><\/p>\r\n","protected":false},"excerpt":{"rendered":"<p>C\u00e1c m\u00f4n th\u1ec3 thao d\u00f9ng b\u00f3ng C\u00e1c C\u00e2u l\u1ea1c b\u1ed9 v\u00f5 \u0111\u1ea1o, v\u00f5 thu\u1eadt C\u00e1c C\u00e2u l\u1ea1c b\u1ed9 Thi \u0111\u1ea5u v\u00e0 D\u00e3 ngo\u1ea1i C\u00e1c c\u00e2u l\u1ea1c b\u1ed9 v [&hellip;]<\/p>\n","protected":false},"author":2,"featured_media":0,"parent":1177,"menu_order":66,"comment_status":"open","ping_status":"closed","template":"","meta":{"footnotes":""},"_links":{"self":[{"href":"https:\/\/www.ube-k.ac.jp\/vi\/wp-json\/wp\/v2\/pages\/1180"}],"collection":[{"href":"https:\/\/www.ube-k.ac.jp\/vi\/wp-json\/wp\/v2\/pages"}],"about":[{"href":"https:\/\/www.ube-k.ac.jp\/vi\/wp-json\/wp\/v2\/types\/page"}],"author":[{"embeddable":true,"href":"https:\/\/www.ube-k.ac.jp\/vi\/wp-json\/wp\/v2\/users\/2"}],"replies":[{"embeddable":true,"href":"https:\/\/www.ube-k.ac.jp\/vi\/wp-json\/wp\/v2\/comments?post=1180"}],"version-history":[{"count":3,"href":"https:\/\/www.ube-k.ac.jp\/vi\/wp-json\/wp\/v2\/pages\/1180\/revisions"}],"predecessor-version":[{"id":2491,"href":"https:\/\/www.ube-k.ac.jp\/vi\/wp-json\/wp\/v2\/pages\/1180\/revisions\/2491"}],"up":[{"embeddable":true,"href":"https:\/\/www.ube-k.ac.jp\/vi\/wp-json\/wp\/v2\/pages\/1177"}],"wp:attachment":[{"href":"https:\/\/www.ube-k.ac.jp\/vi\/wp-json\/wp\/v2\/media?parent=1180"}],"curies":[{"name":"wp","href":"https:\/\/api.w.org\/{rel}","templated":true}]}}