{"id":1187,"date":"2016-07-20T11:46:55","date_gmt":"2016-07-20T02:46:55","guid":{"rendered":"http:\/\/www.ube-k.ac.jp\/en\/?page_id=1187"},"modified":"2018-12-12T15:59:25","modified_gmt":"2018-12-12T06:59:25","slug":"compe","status":"publish","type":"page","link":"https:\/\/www.ube-k.ac.jp\/vi\/campus-life\/club-activities\/compe\/","title":{"rendered":"C\u00e1c C\u00e2u l\u1ea1c b\u1ed9 Thi \u0111\u1ea5u v\u00e0 D\u00e3 ngo\u1ea1i"},"content":{"rendered":"<ul class=\"page_localnav\">\r\n<li><a href=\"..\/ball-games\/\">C\u00e1c m\u00f4n th\u1ec3 thao d\u00f9ng b\u00f3ng<\/a><\/li>\r\n<li><a href=\"..\/military\/\">C\u00e1c C\u00e2u l\u1ea1c b\u1ed9 v\u00f5 \u0111\u1ea1o, v\u00f5 thu\u1eadt<\/a><\/li>\r\n<li class=\"stay\">C\u00e1c C\u00e2u l\u1ea1c b\u1ed9 Thi \u0111\u1ea5u v\u00e0 D\u00e3 ngo\u1ea1i<\/li>\r\n<li><a href=\"..\/arts\/\">C\u00e1c c\u00e2u l\u1ea1c b\u1ed9 v\u1ec1 Ngh\u1ec7 thu\u1eadt<\/a><\/li>\r\n<li><a href=\"..\/tech\/\">C\u00e1c c\u00e2u l\u1ea1c b\u1ed9 h\u1ecdc t\u1eadp v\u00e0 k\u1ef9 thu\u1eadt<\/a><\/li>\r\n<\/ul>\r\n<hr \/>\r\n<h3 class=\"club\">C\u00e2u l\u1ea1c b\u1ed9 B\u01a1i l\u1ed9i<\/h3>\r\n<div class=\"club-r\"><img decoding=\"async\" class=\"alignnone size-full wp-image-6536\" src=\"https:\/\/www.ube-k.ac.jp\/cms\/wp-content\/uploads\/2015\/04\/club_sports_compe01.jpg\" alt=\"swimming\" \/><\/div>\r\n<div class=\"club-l\">C\u00e2u l\u1ea1c b\u1ed9 B\u01a1i l\u1ed9i luy\u1ec7n t\u1eadp b\u01a1i l\u1ed9i v\u00e0o nh\u1eefng m\u00f9a thi \u0111\u1ea5u c\u00e1c gi\u1ea3i kh\u00e1c nhau v\u00e0 luy\u1ec7n t\u1eadp t\u0103ng c\u01b0\u1eddng th\u1ec3 ch\u1ea5t v\u00e0o nh\u1eefng m\u00f9a kh\u00f4ng thi \u0111\u1ea5u. C\u00e2u l\u1ea1c b\u1ed9 c\u1ee7a ch\u00fang t\u00f4i l\u00e0 nh\u00f3m th\u1ec3 thao vui v\u1ebb g\u1ed3m nh\u1eefng ng\u01b0\u1eddi c\u00f9ng y\u00eau m\u1ebfn thi\u1ebft tha m\u00f4n b\u01a1i l\u1ed9i b\u1ea5t k\u1ec3 nam hay n\u1eef, ng\u01b0\u1eddi c\u00f3 kinh nghi\u1ec7m hay kh\u00f4ng. M\u00f4n b\u01a1i l\u1ed9i l\u00e0 m\u00f4n thi \u0111\u1ea5u c\u00e1 nh\u00e2n v\u00e0 c\u0169ng \u0111\u1ed3ng th\u1eddi l\u00e0 m\u00f4n thi \u0111\u1ea5u \u0111\u1ed3ng \u0111\u1ed9i.<br>\r\nCh\u00fang t\u00f4i \u0111ang c\u1ed1 g\u1eafng luy\u1ec7n t\u1eadp m\u1ed7i ng\u00e0y v\u1edbi m\u1ee5c \u0111\u00edch \u0111\u1ea1t k\u1ef7 l\u1ee5c t\u1ed1t nh\u1ea5t c\u1ee7a m\u1ed7i c\u00e1 nh\u00e2n v\u00e0 v\u00f4 \u0111\u1ecbch gi\u1ea3i t\u1ea1i \u0110\u1ea1i h\u1ed9i th\u1ec3 thao Kosen khu v\u1ef1c Chugoku.\r\n<\/div>\r\n<p class='cl'><\/p>\r\n<hr \/>\r\n<h3 class=\"club\">C\u00e2u l\u1ea1c b\u1ed9 \u0110i\u1ec1n kinh<\/h3>\r\n<div class=\"club-r\"><img decoding=\"async\" class=\"alignnone size-full wp-image-6537\" src=\"https:\/\/www.ube-k.ac.jp\/cms\/wp-content\/uploads\/2015\/04\/club_sports_compe02.jpg\" alt=\"track and field\" \/><\/div>\r\n<div class=\"club-l\">C\u00e2u l\u1ea1c b\u1ed9 \u0110i\u1ec1n kinh luy\u1ec7n t\u1eadp ng\u00e0y th\u01b0\u1eddng v\u00e0o l\u00fac 16:45 t\u1ea1i Tr\u01b0\u1eddng thi \u0111\u1ea5u \u0110i\u1ec1n kinh th\u00e0nh ph\u1ed1 Ube ph\u00e2n chia l\u00e0m hai ph\u1ea7n luy\u1ec7n t\u1eadp g\u1ed3m \u0111\u01b0\u1eddng d\u00e0i v\u00e0 \u0111\u01b0\u1eddng ng\u1eafn. R\u1ea5t nhi\u1ec1u h\u1ecdc vi\u00ean b\u1eaft \u0111\u1ea7u ch\u01a1i m\u00f4n \u0111i\u1ec1n kinh t\u1eeb l\u00fac m\u1edbi v\u00e0o h\u1ecdc kosen n\u00ean ch\u00fang t\u00f4i c\u00f3 chu\u1ea9n b\u1ecb s\u1eb5n nh\u1eefng b\u00e0i t\u1eadp luy\u1ec7n d\u00e0nh ri\u00eang cho kh\u1ea3 n\u0103ng c\u1ee7a m\u1ed7i ng\u01b0\u1eddi. C\u00e2u l\u1ea1c b\u1ed9 ch\u00fang t\u00f4i r\u1ea5t vui v\u1ebb v\u00e0 \u0111\u1ea7y h\u1ea5p d\u1eabn v\u00ec m\u1ed1i quan h\u1ec7 c\u1ee7a h\u1ecdc vi\u00ean c\u1ea5p l\u1edbn v\u00e0 h\u1ecdc vi\u00ean c\u1ea5p nh\u1ecf r\u1ea5t t\u1ed1t v\u00e0 ngo\u00e0i luy\u1ec7n t\u1eadp ra c\u0169ng c\u00f3 nhi\u1ec1u d\u1ecbp giao l\u01b0u.<\/div>\r\n<p class='cl'><\/p>\r\n<hr \/>\r\n<h3 class=\"club\">C\u00e2u l\u1ea1c b\u1ed9 Street Dance<\/h3>\r\n<div class=\"club-r\"><img decoding=\"async\" class=\"alignnone size-full wp-image-6538\" src=\"https:\/\/www.ube-k.ac.jp\/cms\/wp-content\/uploads\/2015\/04\/club_sports_compe03.jpg\" alt=\"stret dance\" \/><\/div>\r\n<div class=\"club-l\">S\u1ef1 th\u00fa v\u1ecb khi c\u00f9ng nhau s\u00e1ng t\u1ea1o ra m\u1ed9t \u0111i\u1ec1u g\u00ec \u0111\u00f3.<br>\r\nKh\u00f4ng c\u00f3 chuy\u1ec7n &#8220;Nh\u1ea3y m\u00faa l\u00e0 \u0111i\u1ec1u b\u1ea5t kh\u1ea3 thi cho ng\u01b0\u1eddi kh\u00f4ng c\u00f3 kinh nghi\u1ec7m&#8221;!\r\nM\u00f4n th\u1ec3 thao m\u00e0 ai c\u0169ng c\u00f3 th\u1ec3 d\u1ec5 d\u00e0ng ch\u01a1i \u0111\u01b0\u1ee3c \u0111\u00f3 l\u00e0 nh\u1ea3y m\u00faa.<br>\r\nH\u1ea7u h\u1ebft th\u00e0nh vi\u00ean hi\u1ec7n t\u1ea1i trong c\u00e2u l\u1ea1c b\u1ed9 \u0111\u1ec1u ch\u01b0a c\u00f3 kinh nghi\u1ec7m nh\u01b0ng nh\u1edd luy\u1ec7n t\u1eadp m\u1ed7i ng\u00e0y v\u1edbi c\u00e1c h\u1ecdc vi\u00ean l\u1edbn v\u00e0 c\u00e1c v\u0169 s\u01b0 b\u00ean ngo\u00e0i n\u00ean m\u1ecdi ng\u01b0\u1eddi ti\u1ebfn b\u1ed9 r\u1ea5t r\u00f5 r\u1ec7t. Ngo\u00e0i ra, ch\u00fang t\u00f4i r\u1ea5t th\u00e2n thi\u1ec7n b\u1ea5t k\u1ec3 tu\u1ed5i t\u00e1c v\u00e0 nam n\u1eef.<br>\r\nLuy\u1ec7n t\u1eadp m\u1ed7i ng\u00e0y kh\u00f4ng ph\u1ea3i l\u00e0 \u0111i\u1ec1u \u0111\u01a1n gi\u1ea3n nh\u01b0ng nh\u1edd \u0111\u00f3 m\u00e0 c\u1ea3m gi\u00e1c th\u00e0nh c\u00f4ng v\u00e0 c\u1ea3m x\u00fac m\u1ed7i l\u1ea7n sau khi tr\u00ecnh di\u1ec5n r\u1ea5t cao. Ch\u00fang t\u00f4i ngh\u0129 \u0111i\u1ec1u n\u00e0y r\u1ea5t kh\u00f3 c\u00f3 th\u1ec3 c\u00f3 \u0111\u01b0\u1ee3c \u1edf nh\u1eefng c\u00e2u l\u1ea1c b\u1ed9 kh\u00e1c. R\u1ea5t mong m\u1ecdi ng\u01b0\u1eddi s\u1ebd c\u00f9ng nhau chia s\u1ebb ni\u1ec1m vui \u1ea5y.\r\n\r\n<\/div>\r\n<p class='cl'><\/p>\r\n<hr \/>\r\n<h3 class=\"club\">C\u00e2u l\u1ea1c b\u1ed9 Wonder Vogel<\/h3>\r\n<div class=\"club-r\"><img decoding=\"async\" class=\"alignnone size-full wp-image-6539\" src=\"https:\/\/www.ube-k.ac.jp\/cms\/wp-content\/uploads\/2015\/04\/club_sports_compe04.jpg\" alt=\"hiking\" \/><\/div>\r\n<div class=\"club-l\">B\u1ea1n c\u00f3 bi\u1ebft C\u00e2u l\u1ea1c b\u1ed9 Wonder Vogel kh\u00f4ng?<br>\r\nV\u00e2ng, \u0111\u00f3 l\u00e0 c\u00e2u l\u1ea1c b\u1ed9 leo n\u00fai. C\u00e2u l\u1ea1c b\u1ed9 ch\u00fang t\u00f4i t\u1eadp luy\u1ec7n m\u1ed7i ng\u00e0y \u0111\u1ec3 chu\u1ea9n b\u1ecb leo n\u00fai.<br>\r\nV\u00e0 th\u00e0nh qu\u1ea3 c\u1ee7a s\u1ef1 luy\u1ec7n t\u1eadp \u0111\u00f3 s\u1ebd \u0111\u01b0\u1ee3c ph\u00e1t huy trong l\u1ea7n leo n\u00fai m\u1ed7i th\u00e1ng m\u1ed9t v\u00e0 l\u1ea7n leo n\u00fai t\u1eadp trung v\u00e0o m\u00f9a xu\u00e2n v\u00e0 m\u00f9a h\u00e8. Ch\u00fang t\u00f4i \u0111\u00e3 t\u1eebng leo nh\u1eefng n\u00fai nh\u01b0 Oyama (\u1edf Tottori) v\u00e0 D\u00e3y n\u00fai Kuju (\u1edf Oita), N\u00fai Ishizuchi (\u1edf Ehime), v.v&#8230; Th\u00f4ng qua vi\u1ec7c luy\u1ec7n t\u1eadp t\u1eadp trung, th\u00e0nh vi\u00ean c\u00f3 th\u1ec3 tr\u1ea3i nghi\u1ec7m \u0111\u01b0\u1ee3c v\u1ebb \u0111\u1eb9p thi\u00ean nhi\u00ean tuy\u1ec7t v\u1eddi, c\u1ea3m gi\u00e1c th\u00e0nh c\u00f4ng khi \u0111\u1ea1t t\u1edbi m\u1ee5c ti\u00eau v\u00e0 b\u1ea1n s\u1ebd c\u1ea3m nh\u1eadn \u0111\u01b0\u1ee3c t\u1ea7m quan tr\u1ecdng c\u1ee7a cu\u1ed9c s\u1ed1ng h\u00e0ng ng\u00e0y.\r\n<\/div>\r\n<p class='cl'><\/p>\r\n","protected":false},"excerpt":{"rendered":"<p>C\u00e1c m\u00f4n th\u1ec3 thao d\u00f9ng b\u00f3ng C\u00e1c C\u00e2u l\u1ea1c b\u1ed9 v\u00f5 \u0111\u1ea1o, v\u00f5 thu\u1eadt C\u00e1c C\u00e2u l\u1ea1c b\u1ed9 Thi \u0111\u1ea5u v\u00e0 D\u00e3 ngo\u1ea1i C\u00e1c c\u00e2u l\u1ea1c b\u1ed9 v [&hellip;]<\/p>\n","protected":false},"author":2,"featured_media":0,"parent":1177,"menu_order":63,"comment_status":"open","ping_status":"closed","template":"","meta":{"footnotes":""},"_links":{"self":[{"href":"https:\/\/www.ube-k.ac.jp\/vi\/wp-json\/wp\/v2\/pages\/1187"}],"collection":[{"href":"https:\/\/www.ube-k.ac.jp\/vi\/wp-json\/wp\/v2\/pages"}],"about":[{"href":"https:\/\/www.ube-k.ac.jp\/vi\/wp-json\/wp\/v2\/types\/page"}],"author":[{"embeddable":true,"href":"https:\/\/www.ube-k.ac.jp\/vi\/wp-json\/wp\/v2\/users\/2"}],"replies":[{"embeddable":true,"href":"https:\/\/www.ube-k.ac.jp\/vi\/wp-json\/wp\/v2\/comments?post=1187"}],"version-history":[{"count":5,"href":"https:\/\/www.ube-k.ac.jp\/vi\/wp-json\/wp\/v2\/pages\/1187\/revisions"}],"predecessor-version":[{"id":2494,"href":"https:\/\/www.ube-k.ac.jp\/vi\/wp-json\/wp\/v2\/pages\/1187\/revisions\/2494"}],"up":[{"embeddable":true,"href":"https:\/\/www.ube-k.ac.jp\/vi\/wp-json\/wp\/v2\/pages\/1177"}],"wp:attachment":[{"href":"https:\/\/www.ube-k.ac.jp\/vi\/wp-json\/wp\/v2\/media?parent=1187"}],"curies":[{"name":"wp","href":"https:\/\/api.w.org\/{rel}","templated":true}]}}