{"id":196,"date":"2015-06-15T20:48:28","date_gmt":"2015-06-15T11:48:28","guid":{"rendered":"http:\/\/www.ube-k.ac.jp\/en\/?page_id=196"},"modified":"2022-02-18T14:27:32","modified_gmt":"2022-02-18T05:27:32","slug":"student-welfare-facilities","status":"publish","type":"page","link":"https:\/\/www.ube-k.ac.jp\/vi\/facilities\/student-welfare-facilities\/","title":{"rendered":"C\u00e1c C\u01a1 S\u1edf Ph\u00fac L\u1ee3i"},"content":{"rendered":"<h2>H\u1ed9i qu\u00e1n Sinh vi\u00ean<\/h2>\r\n\u0110\u01b0\u1ee3c ho\u00e0n c\u00f4ng v\u00e0o ng\u00e0y 27 th\u00e1ng 3 n\u0103m 1984 v\u00e0 \u0111\u01b0\u1ee3c trang tr\u00ed tr\u00ean t\u01b0\u1eddng g\u1ea1ch t\u1ea1i Ph\u00f2ng giao l\u01b0u sinh vi\u00ean m\u1ed9t b\u1ee9c b\u00edch ho\u1ea1 l\u1ea5y m\u1eabu t\u1eeb b\u1ee9c tranh c\u1ee7a c\u1ef1u hi\u1ec7u tr\u01b0\u1edfng Kimura gi\u00fap kh\u00e1ch v\u00e0o th\u0103m c\u00f3 c\u1ea3m gi\u00e1c khoan thai d\u1ec5 ch\u1ecbu.<br>\r\n\r\nT\u1ea1i t\u1ea7ng 1 c\u00f3 nh\u00e0 \u0103n, b\u1ebfp \u0103n, qu\u1ea7y h\u00e0ng, Ph\u00f2ng giao l\u01b0u sinh vi\u00ean v\u00e0 g\u00f3c \u0111\u1eb7t c\u00e1c m\u00e1y b\u00e1n n\u01b0\u1edbc t\u1ef1 \u0111\u1ed9ng.\r\n<table class=\"responsive\" border=\"0\" width=\"100%\" cellspacing=\"0\" cellpadding=\"0\">\r\n<tbody>\r\n<tr>\r\n<td valign=\"top\" width=\"50%\"><img loading=\"lazy\" decoding=\"async\" class=\"aligncenter size-full wp-image-289\" src=\"http:\/\/www.ube-k.ac.jp\/en\/cms\/wp-content\/uploads\/2015\/06\/facilities_baiten.jpg\" alt=\"facilities_baiten\" width=\"250\" height=\"180\" \/><\/td>\r\n<td valign=\"top\"><img loading=\"lazy\" decoding=\"async\" class=\"aligncenter size-full wp-image-200\" src=\"http:\/\/www.ube-k.ac.jp\/en\/cms\/wp-content\/uploads\/2015\/06\/facilities_shokudo.jpg\" alt=\"facilities_shokudo\" width=\"250\" height=\"180\" \/><\/td>\r\n<\/tr>\r\n<\/tbody>\r\n<\/table>\r\n<p class='cl'><\/p>\r\n<h2>X\u01b0\u1edfng Ch\u1ebf t\u1ea1o S\u1ea3n ph\u1ea9m<\/h2>\r\n<img loading=\"lazy\" decoding=\"async\" class=\"img_sp alignright wp-image-198 size-full\" src=\"https:\/\/www.ube-k.ac.jp\/en\/cms\/wp-content\/uploads\/2015\/06\/facilities_monodukuri.jpg\" alt=\"facilities_monodukuri\" width=\"250\" height=\"180\" \/>\r\n\u0110\u01b0\u1ee3c ho\u00e0n c\u00f4ng v\u00e0o th\u00e1ng 3 n\u0103m 2006, v\u00e0 l\u00e0 c\u01a1 s\u1edf \u0111\u1ec3 h\u1ed7 tr\u1ee3 m\u1ed9t m\u1ee5c ti\u00eau gi\u00e1o d\u1ee5c c\u1ee7a tr\u01b0\u1eddng v\u1ec1 ch\u1ebf t\u1ea1o &#8220;s\u1ea3n ph\u1ea9m&#8221;. X\u01b0\u1edfng ch\u1ee7 y\u1ebfu l\u00e0 n\u01a1i ho\u1ea1t \u0111\u1ed9ng c\u1ee7a B\u1ed9 ph\u1eadn nghi\u00ean c\u1ee9u Robot.\r\n\r\n<p class='cl'><\/p>\r\n<h2>C\u01a1 s\u1edf Giao l\u01b0u \u0110a m\u1ee5c \u0111\u00edch<\/h2>\r\n<img loading=\"lazy\" decoding=\"async\" class=\"img_sp alignright size-full wp-image-199\" src=\"https:\/\/www.ube-k.ac.jp\/en\/cms\/wp-content\/uploads\/2015\/06\/facilities_clubhouse.jpg\" alt=\"facilities_clubhouse\" width=\"250\" height=\"180\" \/>\r\n\u0110\u01b0\u1ee3c \u0111\u1ed5i t\u00ean g\u1ecdi v\u00e0o th\u00e1ng 4 n\u0103m 2018, v\u00e0 l\u00e0 c\u01a1 s\u1edf \u0111\u1ec3 h\u1ed7 tr\u1ee3 c\u00e1c ho\u1ea1t \u0111\u1ed9ng giao l\u01b0u qu\u1ed1c t\u1ebf c\u1ee7a tr\u01b0\u1eddng. N\u01a1i \u0111\u00e2y th\u1ef1c hi\u1ec7n c\u00e1c ho\u1ea1t \u0111\u1ed9ng \u0111\u00e0o t\u1ea1o giao l\u01b0u v\u0103n ho\u00e1 kh\u00e1c nhau v\u1edbi c\u00e1c du h\u1ecdc sinh, l\u1edbp h\u1ecdc ki\u1ec3u h\u1ed9i th\u1ea3o c\u0169ng nh\u01b0 c\u00e1c bu\u1ed5i b\u00e1o c\u00e1o k\u1ebft qu\u1ea3 nghi\u00ean c\u1ee9u. Ngo\u00e0i ra, n\u01a1i \u0111\u00e2y c\u0169ng c\u00f3 n\u01a1i \u0103n ngh\u1ec9 d\u00e0nh cho sinh vi\u00ean qu\u1ed1c t\u1ebf ng\u1eafn h\u1ea1n.\r\n\r\n<p class='cl'><\/p>","protected":false},"excerpt":{"rendered":"<p>H\u1ed9i qu\u00e1n Sinh vi\u00ean \u0110\u01b0\u1ee3c ho\u00e0n c\u00f4ng v\u00e0o ng\u00e0y 27 th\u00e1ng 3 n\u0103m 1984 v\u00e0 \u0111\u01b0\u1ee3c trang tr\u00ed tr\u00ean t\u01b0\u1eddng g\u1ea1ch t\u1ea1i Ph\u00f2ng gia [&hellip;]<\/p>\n","protected":false},"author":1,"featured_media":2085,"parent":88,"menu_order":33,"comment_status":"open","ping_status":"open","template":"","meta":{"footnotes":""},"_links":{"self":[{"href":"https:\/\/www.ube-k.ac.jp\/vi\/wp-json\/wp\/v2\/pages\/196"}],"collection":[{"href":"https:\/\/www.ube-k.ac.jp\/vi\/wp-json\/wp\/v2\/pages"}],"about":[{"href":"https:\/\/www.ube-k.ac.jp\/vi\/wp-json\/wp\/v2\/types\/page"}],"author":[{"embeddable":true,"href":"https:\/\/www.ube-k.ac.jp\/vi\/wp-json\/wp\/v2\/users\/1"}],"replies":[{"embeddable":true,"href":"https:\/\/www.ube-k.ac.jp\/vi\/wp-json\/wp\/v2\/comments?post=196"}],"version-history":[{"count":3,"href":"https:\/\/www.ube-k.ac.jp\/vi\/wp-json\/wp\/v2\/pages\/196\/revisions"}],"predecessor-version":[{"id":2784,"href":"https:\/\/www.ube-k.ac.jp\/vi\/wp-json\/wp\/v2\/pages\/196\/revisions\/2784"}],"up":[{"embeddable":true,"href":"https:\/\/www.ube-k.ac.jp\/vi\/wp-json\/wp\/v2\/pages\/88"}],"wp:featuredmedia":[{"embeddable":true,"href":"https:\/\/www.ube-k.ac.jp\/vi\/wp-json\/wp\/v2\/media\/2085"}],"wp:attachment":[{"href":"https:\/\/www.ube-k.ac.jp\/vi\/wp-json\/wp\/v2\/media?parent=196"}],"curies":[{"name":"wp","href":"https:\/\/api.w.org\/{rel}","templated":true}]}}