{"id":28,"date":"2015-06-15T17:20:47","date_gmt":"2015-06-15T08:20:47","guid":{"rendered":"http:\/\/www.ube-k.ac.jp\/en\/?page_id=28"},"modified":"2022-02-18T14:54:05","modified_gmt":"2022-02-18T05:54:05","slug":"learning-and-educational-goals","status":"publish","type":"page","link":"https:\/\/www.ube-k.ac.jp\/vi\/guidance\/learning-and-educational-goals\/","title":{"rendered":"M\u1ee5c ti\u00eau Gi\u00e1o d\u1ee5c v\u00e0 H\u1ecdc t\u1eadp"},"content":{"rendered":"Nh\u00e0 tr\u01b0\u1eddng h\u01b0\u1edbng t\u1edbi vi\u1ec7c \u0111\u00e0o t\u1ea1o k\u1ef9 s\u01b0 gi\u1ecfi c\u00f3 th\u1ec3 ch\u1ebf t\u1ea1o ra &#8220;s\u1ea3n ph\u1ea9m&#8221;. V\u00ec th\u1ebf, t\u1ea1i Ch\u01b0\u01a1ng tr\u00ecnh h\u1ecdc ch\u00ednh, ch\u00fang t\u00f4i \u0111\u1eb7t \u01b0u ti\u00ean cao nh\u1ea5t cho vi\u1ec7c nu\u00f4i d\u01b0\u1ee1ng \u0111\u1ea1o \u0111\u1ee9c con ng\u01b0\u1eddi, ki\u1ebfn th\u1ee9c c\u01a1 b\u1ea3n v\u1ec1 khoa h\u1ecdc t\u1ef1 nhi\u00ean, k\u1ef9 n\u0103ng ng\u00f4n ng\u1eef, c\u00f9ng v\u1edbi c\u00e1c k\u1ef9 n\u0103ng x\u1eed l\u00fd th\u00f4ng tin. V\u00e0 t\u1ea1i c\u00e1c khoa chuy\u00ean ng\u00e0nh, c\u00e1c k\u1ef9 n\u0103ng c\u01a1 b\u1ea3n v\u1ec1 k\u1ef9 thu\u1eadt v\u00e0 th\u1ef1c ti\u1ec5n t\u01b0\u01a1ng \u1ee9ng nh\u01b0 c\u00f4ng ngh\u1ec7 c\u01a1 kh\u00ed, c\u00f4ng ngh\u1ec7 \u0111i\u1ec7n, c\u00f4ng ngh\u1ec7 th\u00f4ng tin \u0111i\u1ec1u khi\u1ec3n, c\u00f4ng ngh\u1ec7 v\u1eadt li\u1ec7u, v\u00e0 th\u00f4ng tin kinh doanh s\u1ebd \u0111\u01b0\u1ee3c \u0111\u00e0o t\u1ea1o<br>\r\n\r\nT\u1ea1i c\u00e1c Ch\u01b0\u01a1ng tr\u00ecnh h\u1ecdc n\u00e2ng cao, nh\u1eefng ki\u1ebfn th\u1ee9c chuy\u00ean s\u00e2u h\u01a1n v\u1ec1 khoa h\u1ecdc t\u1ef1 nhi\u00ean c\u0169ng nh\u01b0 nh\u1eefng k\u1ef9 n\u0103ng chuy\u00ean s\u00e2u h\u01a1n v\u1ec1 h\u1ecdc thu\u1eadt l\u00e0 k\u1ef9 thu\u1eadt li\u00ean quan \u0111\u1ebfn c\u00e1c l\u0129nh v\u1ef1c chuy\u00ean ng\u00e0nh n\u00eau tr\u00ean s\u1ebd \u0111\u01b0\u1ee3c \u0111\u00e0o t\u1ea1o. \u0110\u1ed3ng th\u1eddi, h\u1ecdc vi\u00ean c\u0169ng s\u1ebd \u0111\u01b0\u1ee3c r\u00e8n luy\u1ec7n k\u1ef9 n\u0103ng dung ho\u00e0 v\u00e0 k\u1ebft h\u1ee3p c\u00e1c ki\u1ebfn th\u1ee9c \u0111\u01b0\u1ee3c h\u1ecdc l\u1ea1i \u0111\u1ec3 c\u00f3 th\u1ec3 n\u1eafm b\u1eaft \u0111\u01b0\u1ee3c t\u1ed5ng th\u1ec3 c\u00e1c s\u1ef1 vi\u1ec7c, hi\u1ec7n t\u01b0\u1ee3ng v\u1edbi c\u00e1ch nh\u00ecn \u0111a chi\u1ec1u.<br>\r\n\r\nSau \u0111\u00e2y l\u00e0 nh\u1eefng m\u1ee5c ti\u00eau gi\u00e1o d\u1ee5c v\u00e0 h\u1ecdc t\u1eadp c\u1ee7a nh\u00e0 tr\u01b0\u1eddng.\r\n<h2>M\u1ee5c ti\u00eau Gi\u00e1o d\u1ee5c v\u00e0 H\u1ecdc t\u1eadp<\/h2>\r\n<a href=\"https:\/\/www.ube-k.ac.jp\/en\/cms\/wp-content\/uploads\/2015\/06\/educational_program.jpg\" target=\"_blank\" rel=\"noopener\"><img loading=\"lazy\" decoding=\"async\" class=\"img100 aligncenter size-full wp-image-494\" src=\"https:\/\/www.ube-k.ac.jp\/en\/cms\/wp-content\/uploads\/2015\/06\/educational_program.jpg\" alt=\"educational_program\" width=\"700\" height=\"194\" \/><\/a>\r\n<h3>H\u01b0\u1edbng t\u1edbi \u0111\u00e0o t\u1ea1o \u0111\u1ed9i ng\u0169 k\u1ef9 s\u01b0 \u0111\u1ea7y nh\u00e2n v\u0103n, gi\u00e0u s\u00e1ng t\u1ea1o v\u00e0 gi\u1ecfi ch\u1ebf t\u1ea1o &#8220;s\u1ea3n ph\u1ea9m&#8221;<\/h3>\r\nT\u1eeb &#8220;s\u1ea3n ph\u1ea9m&#8221; \u1edf \u0111\u00e2y kh\u00f4ng ch\u1ec9 l\u00e0 nh\u1eefng s\u1ea3n ph\u1ea9m v\u1eadt ch\u1ea5t nh\u01b0 m\u00e1y m\u00f3c, thi\u1ebft b\u1ecb hay v\u1eadt li\u1ec7u, v\u1eadt ch\u1ea5t, m\u00e0 c\u00f2n bao g\u1ed3m lu\u00f4n c\u1ea3 nh\u1eefng s\u1ea3n ph\u1ea9m ph\u1ea7n m\u1ec1m nh\u01b0 x\u1eed l\u00fd th\u00f4ng tin, \u0111o \u0111\u1ea1c, x\u00e2y d\u1ef1ng h\u1ec7 th\u1ed1ng, v.v&#8230;\r\n<h3>\u0110\u1ec3 tr\u1edf th\u00e0nh m\u1ed9t k\u1ef9 s\u01b0 gi\u00e0u t\u00ednh s\u00e1ng t\u1ea1o;<\/h3>\r\n<ul class=\"listnone\">\r\n \t<li>A. Lu\u00f4n mang trong m\u00ecnh \u00f3c hi\u1ebfu k\u1ef3 v\u00e0 s\u1ef1 m\u00e0y m\u00f2 t\u00ecm hi\u1ec3u, \u0111\u1ec3 r\u00e8n luy\u1ec7n \u0111\u01b0\u1ee3c t\u00ednh ki\u00ean tr\u00ec trong vi\u1ec7c n\u1ed7 l\u1ef1c b\u1ec1n b\u1ec9 \u0111\u1ec3 s\u00e1ng t\u1ea1o v\u00e0 khai th\u00e1c nh\u1eefng &#8220;s\u1ea3n ph\u1ea9m&#8221; m\u1edbi. (<em>\u00d3c hi\u1ebfu k\u1ef3 v\u00e0 t\u00ednh ki\u00ean tr\u00ec<\/em>)<\/li>\r\n \t<li>B. R\u00e8n luy\u1ec7n \u0111\u01b0\u1ee3c kh\u1ea3 n\u0103ng \u00e1p d\u1ee5ng \u0111\u01b0\u1ee3c c\u00f4ng ngh\u1ec7 th\u00f4ng tin trong m\u1ecdi ho\u00e0n c\u1ea3nh. (<em>C\u00f4ng ngh\u1ec7 th\u00f4ng tin<\/em>)<\/li>\r\n \t<li>C. R\u00e8n luy\u1ec7n \u0111\u01b0\u1ee3c kh\u1ea3 n\u0103ng t\u1ed5ng h\u1ee3p \u0111\u01b0\u1ee3c ki\u1ebfn th\u1ee9c v\u00e0 c\u00f4ng ngh\u1ec7 \u0111a d\u1ea1ng \u0111\u1ec3 c\u00f3 th\u1ec3 \u0111\u1ec1 xu\u1ea5t ra nh\u1eefng &#8220;s\u1ea3n ph\u1ea9m&#8221; m\u1edbi. (<em>Kh\u1ea3 n\u0103ng l\u1eadp k\u1ebf ho\u1ea1ch<\/em>)<\/li>\r\n<\/ul>\r\n<h3>\u0110\u1ec3 tr\u1edf th\u00e0nh m\u1ed9t k\u1ef9 s\u01b0 gi\u1ecfi ch\u1ebf t\u1ea1o &#8220;s\u1ea3n ph\u1ea9m&#8221;;<\/h3>\r\n<ul class=\"listnone\">\r\n \t<li>D. R\u00e8n luy\u1ec7n \u0111\u01b0\u1ee3c kh\u1ea3 n\u0103ng hi\u1ec7n th\u1ef1c ho\u00e1 nh\u1eefng &#8220;s\u1ea3n ph\u1ea9m&#8221; \u0111\u1ec3 \u0111\u00e1p \u1ee9ng v\u1edbi nhu c\u1ea7u c\u1ee7a x\u00e3 h\u1ed9i. (<em>Kh\u1ea3 n\u0103ng hi\u1ec7n th\u1ef1c ho\u00e1<\/em>)<\/li>\r\n \t<li>E. R\u00e8n luy\u1ec7n \u0111\u01b0\u1ee3c kh\u1ea3 n\u0103ng hi\u1ec3u c\u00e1c hi\u1ec7n t\u01b0\u1ee3ng m\u1ed9t c\u00e1ch logic v\u00e0 c\u00f3 th\u1ec3 ph\u00e2n t\u00edch \u0111\u01b0\u1ee3c ch\u00fang. (<em>Kh\u1ea3 n\u0103ng ph\u00e2n t\u00edch<\/em>)<\/li>\r\n<\/ul>\r\n<h3>\u0110\u1ec3 tr\u1edf th\u00e0nh m\u1ed9t k\u1ef9 s\u01b0 gi\u00e0u t\u00ednh nh\u00e2n v\u0103n;<\/h3>\r\n<ul class=\"listnone\">\r\n \t<li>F. Nh\u1eadn th\u1ee9c \u0111\u01b0\u1ee3c tr\u00e1ch nhi\u1ec7m \u0111\u1ed1i v\u1edbi x\u00e3 h\u1ed9i \u0111\u1ec3 c\u00f3 th\u1ec3 nh\u1eadn ra t\u1ea7m \u1ea3nh h\u01b0\u1edfng c\u1ee7a c\u00f4ng ngh\u1ec7 t\u00e1c \u0111\u1ed9ng \u0111\u1ebfn con ng\u01b0\u1eddi v\u00e0 m\u00f4i tr\u01b0\u1eddng. (<em>M\u00f4i tr\u01b0\u1eddng v\u00e0 \u0111\u1ea1o \u0111\u1ee9c ng\u01b0\u1eddi k\u1ef9 s\u01b0<\/em>)<\/li>\r\n \t<li>G. R\u00e8n luy\u1ec7n \u0111\u01b0\u1ee3c kh\u1ea3 n\u0103ng bi\u1ec3u \u0111\u1ea1t v\u00e0 giao ti\u1ebfp chu\u1ea9n x\u00e1c. (<em>K\u1ef9 n\u0103ng giao ti\u1ebfp<\/em>)<\/li>\r\n \t<li>H. R\u00e8n luy\u1ec7n \u0111\u01b0\u1ee3c k\u1ef9 n\u0103ng t\u1ef1 t\u1ea1o g\u01b0\u01a1ng m\u1eabu h\u00e0nh vi c\u1ee7a m\u00ecnh v\u00e0 c\u00f3 kh\u1ea3 n\u0103ng l\u00e0m vi\u1ec7c theo nh\u00f3m. (<em>N\u0103ng l\u1ef1c l\u00e3nh \u0111\u1ea1o v\u00e0 k\u1ef9 n\u0103ng l\u00e0m vi\u1ec7c nh\u00f3m<\/em> )<\/li>\r\n<\/ul>","protected":false},"excerpt":{"rendered":"<p>Nh\u00e0 tr\u01b0\u1eddng h\u01b0\u1edbng t\u1edbi vi\u1ec7c \u0111\u00e0o t\u1ea1o k\u1ef9 s\u01b0 gi\u1ecfi c\u00f3 th\u1ec3 ch\u1ebf t\u1ea1o ra &#8220;s\u1ea3n ph\u1ea9m&#8221;. V\u00ec th\u1ebf, t\u1ea1i Ch\u01b0\u01a1ng tr\u00ecn [&hellip;]<\/p>\n","protected":false},"author":1,"featured_media":2286,"parent":8,"menu_order":41,"comment_status":"open","ping_status":"open","template":"","meta":{"footnotes":""},"_links":{"self":[{"href":"https:\/\/www.ube-k.ac.jp\/vi\/wp-json\/wp\/v2\/pages\/28"}],"collection":[{"href":"https:\/\/www.ube-k.ac.jp\/vi\/wp-json\/wp\/v2\/pages"}],"about":[{"href":"https:\/\/www.ube-k.ac.jp\/vi\/wp-json\/wp\/v2\/types\/page"}],"author":[{"embeddable":true,"href":"https:\/\/www.ube-k.ac.jp\/vi\/wp-json\/wp\/v2\/users\/1"}],"replies":[{"embeddable":true,"href":"https:\/\/www.ube-k.ac.jp\/vi\/wp-json\/wp\/v2\/comments?post=28"}],"version-history":[{"count":3,"href":"https:\/\/www.ube-k.ac.jp\/vi\/wp-json\/wp\/v2\/pages\/28\/revisions"}],"predecessor-version":[{"id":2489,"href":"https:\/\/www.ube-k.ac.jp\/vi\/wp-json\/wp\/v2\/pages\/28\/revisions\/2489"}],"up":[{"embeddable":true,"href":"https:\/\/www.ube-k.ac.jp\/vi\/wp-json\/wp\/v2\/pages\/8"}],"wp:featuredmedia":[{"embeddable":true,"href":"https:\/\/www.ube-k.ac.jp\/vi\/wp-json\/wp\/v2\/media\/2286"}],"wp:attachment":[{"href":"https:\/\/www.ube-k.ac.jp\/vi\/wp-json\/wp\/v2\/media?parent=28"}],"curies":[{"name":"wp","href":"https:\/\/api.w.org\/{rel}","templated":true}]}}