{"id":44,"date":"2015-06-15T17:40:29","date_gmt":"2015-06-15T08:40:29","guid":{"rendered":"http:\/\/www.ube-k.ac.jp\/en\/?page_id=44"},"modified":"2022-02-18T14:54:37","modified_gmt":"2022-02-18T05:54:37","slug":"history","status":"publish","type":"page","link":"https:\/\/www.ube-k.ac.jp\/vi\/guidance\/history\/","title":{"rendered":"L\u1ecbch s\u1eed"},"content":{"rendered":"<p>C\u00e1c tr\u01b0\u1eddng Kosen nh\u1eadn \u0111\u01b0\u1ee3c y\u00eau c\u1ea7u m\u1ea1nh m\u1ebd c\u1ee7a ng\u00e0nh c\u00f4ng nghi\u1ec7p, v\u1edbi m\u1ee5c \u0111\u00edch \u0111\u00e0o t\u1ea1o c\u00e1c k\u1ef9 s\u01b0 mang t\u00ednh th\u1ef1c ti\u1ec5n \u0111\u1ec3 h\u1ed7 tr\u1ee3 cho s\u1ef1 ph\u00e1t tri\u1ec3n g\u1ea5p r\u00fat c\u1ee7a khoa h\u1ecdc v\u00e0 c\u00f4ng ngh\u1ec7, v\u00e0o n\u0103m 1961 \u0111\u00e3 \u0111\u01b0\u1ee3c th\u1ec3 ch\u1ebf h\u00f3a nh\u01b0 m\u1ed9t c\u01a1 quan gi\u00e1o d\u1ee5c 5 n\u0103m h\u1ec7 cao \u0111\u1eb3ng v\u1ec1 c\u00f4ng nghi\u1ec7p.<br>\r\nTr\u01b0\u1eddng Ube Kosen l\u00e0 1 trong 12 tr\u01b0\u1eddng \u1edf giai \u0111o\u1ea1n \u0111\u1ea7u ti\u00ean th\u00e0nh l\u1eadp c\u00e1c tr\u01b0\u1eddng Kosen tr\u00ean to\u00e0n qu\u1ed1c Nh\u1eadt B\u1ea3n, \u0111\u01b0\u1ee3c th\u00e0nh l\u1eadp v\u00e0o ng\u00e0y 1 th\u00e1ng 4 n\u0103m 1962 v\u1edbi 2 khoa v\u00e0 3 l\u1edbp g\u1ed3m Khoa C\u01a1 kh\u00ed v\u00e0 Khoa C\u00f4ng ngh\u1ec7 \u0110i\u1ec7n. Ti\u1ec1n th\u00e2n c\u1ee7a tr\u01b0\u1eddng l\u00e0 Tr\u01b0\u1eddng Cao \u0111\u1eb3ng C\u00f4ng nghi\u1ec7p Ube \u0111\u01b0\u1ee3c th\u00e0nh l\u1eadp v\u00e0o ng\u00e0y 1 th\u00e1ng 4 n\u0103m 1961.<br>\r\nSau \u0111\u00f3, \u0111\u1ec3 \u0111\u00e1p \u1ee9ng nh\u1eefng nhu c\u1ea7u c\u1ee7a th\u1eddi \u0111\u1ea1i \u0111\u1ed1i v\u1edbi s\u1ef1 ph\u00e1t tri\u1ec3n c\u1ee7a khoa h\u1ecdc v\u00e0 c\u00f4ng ngh\u1ec7 c\u0169ng nh\u01b0 s\u1ef1 ph\u00e1t tri\u1ec3n m\u1ea1nh m\u1ebd c\u1ee7a x\u00e3 h\u1ed9i th\u00f4ng tin, nh\u1eefng thay \u0111\u1ed5i trong c\u01a1 c\u1ea5u kinh t\u1ebf, tr\u01b0\u1eddng \u0111\u00e3 x\u00fac ti\u1ebfn vi\u1ec7c n\u00e2ng cao ch\u1ea5t l\u01b0\u1ee3ng v\u00e0 b\u1ed5 sung th\u00eam c\u00e1c khoa c\u0169ng nh\u01b0 th\u00e0nh l\u1eadp m\u1edbi Ch\u01b0\u01a1ng tr\u00ecnh h\u1ecdc n\u00e2ng cao.<br>\r\nHi\u1ec7n nay, tr\u01b0\u1eddng \u0111\u00e0o t\u1ea1o Ch\u01b0\u01a1ng tr\u00ecnh h\u1ecdc ch\u00ednh 5 n\u0103m g\u1ed3m 5 khoa (Khoa C\u00f4ng ngh\u1ec7 C\u01a1 kh\u00ed, Khoa C\u00f4ng ngh\u1ec7 \u0110i\u1ec7n, Khoa C\u00f4ng ngh\u1ec7 Th\u00f4ng tin \u0110i\u1ec1u khi\u1ec3n, Khoa C\u00f4ng ngh\u1ec7 V\u1eadt li\u1ec7u, Khoa Th\u00f4ng tin Kinh doanh), Ch\u01b0\u01a1ng tr\u00ecnh h\u1ecdc n\u00e2ng cao 2 n\u0103m g\u1ed3m 3 khoa n\u00e2ng cao (Khoa n\u00e2ng cao C\u00f4ng ngh\u1ec7 H\u1ec7 th\u1ed1ng S\u1ea3n xu\u1ea5t, Khoa n\u00e2ng cao C\u00f4ng ngh\u1ec7 V\u1eadt li\u1ec7u, Khoa n\u00e2ng cao C\u00f4ng ngh\u1ec7 Th\u00f4ng tin Kinh doanh).<\/p>\r\n<h2>L\u1ecbch s\u1eed c\u1ee7a qu\u00e1 tr\u00ecnh h\u00ecnh th\u00e0nh v\u00e0 ph\u00e1t tri\u1ec3n<\/h2>\r\n<table class=\"table-style01\" border=\"0\" width=\"100%\" cellspacing=\"0\" cellpadding=\"0\">\r\n<tbody>\r\n<tr>\r\n<th align=\"right\" valign=\"top\">Ng\u00e0y 1 th\u00e1ng 4 n\u0103m 1961<\/th>\r\n<td align=\"left\" valign=\"top\">Th\u00e0nh l\u1eadp Tr\u01b0\u1eddng Cao \u0111\u1eb3ng C\u00f4ng nghi\u1ec7p Ube<\/td>\r\n<\/tr>\r\n<tr>\r\n<th align=\"right\" valign=\"top\">Ng\u00e0y 2 th\u00e1ng 6<\/th>\r\n<td align=\"left\" valign=\"top\">L\u1ec5 Th\u00e0nh l\u1eadp Tr\u01b0\u1eddng Cao \u0111\u1eb3ng C\u00f4ng nghi\u1ec7p Ube v\u00e0 L\u1ec5 khai gi\u1ea3ng l\u1ea7n th\u1ee9 1 \u203b<\/td>\r\n<\/tr>\r\n<tr>\r\n<th align=\"right\" valign=\"top\">Ng\u00e0y 20 th\u00e1ng 3 n\u0103m 1962<\/th>\r\n<td align=\"left\" valign=\"top\">X\u00e2y d\u1ef1ng m\u1edbi To\u00e0 nh\u00e0 qu\u1ea3n l\u00fd (C\u00f4ng tr\u00ecnh s\u1ed1 1 To\u00e0 nh\u00e0 ch\u00ednh Tr\u01b0\u1eddng Cao \u0111\u1eb3ng C\u00f4ng nghi\u1ec7p Ube )<\/td>\r\n<\/tr>\r\n<tr>\r\n<th align=\"right\" valign=\"top\">Ng\u00e0y 1 Th\u00e1ng 4<\/th>\r\n<td align=\"left\" valign=\"top\">Th\u00e0nh l\u1eadp Tr\u01b0\u1eddng Cao \u0111\u1eb3ng Chuy\u00ean nghi\u1ec7p C\u00f4ng nghi\u1ec7p Ube (Khoa C\u00f4ng ngh\u1ec7 C\u01a1 kh\u00ed, Khoa C\u00f4ng ngh\u1ec7 \u0110i\u1ec7n)<\/td>\r\n<\/tr>\r\n<tr>\r\n<th align=\"right\" valign=\"top\">Ng\u00e0y 20 th\u00e1ng 8<\/th>\r\n<td align=\"left\" valign=\"top\">X\u00e2y d\u1ef1ng m\u1edbi To\u00e0 nh\u00e0 C\u01a1 &#038; \u0110i\u1ec7n (C\u00f4ng tr\u00ecnh s\u1ed1 2 To\u00e0 nh\u00e0 ch\u00ednh Tr\u01b0\u1eddng Cao \u0111\u1eb3ng C\u00f4ng nghi\u1ec7p Ube)<\/td>\r\n<\/tr>\r\n<tr>\r\n<th align=\"right\" valign=\"top\">Ng\u00e0y 10 th\u00e1ng 3 n\u0103m 1963<\/th>\r\n<td align=\"left\" valign=\"top\">X\u00e2y d\u1ef1ng m\u1edbi To\u00e0 nh\u00e0 chung v\u00e0 Nh\u00e0 x\u01b0\u1edfng th\u1ef1c h\u00e0nh\r\nN\u0103m 1963: Kh\u00e1nh th\u00e0nh To\u00e0 nh\u00e0 ch\u00ednh\r\n<img decoding=\"async\" class=\"alignleft size-medium wp-image-833\" src=\"https:\/\/www.ube-k.ac.jp\/en\/cms\/wp-content\/uploads\/2015\/06\/history01-300x200.jpg\" alt=\"history01\" width=\"200\" \/><\/td>\r\n<\/tr>\r\n<tr>\r\n<th align=\"right\" valign=\"top\">Ng\u00e0y 30 th\u00e1ng 3<\/th>\r\n<td align=\"left\" valign=\"top\">X\u00e2y d\u1ef1ng m\u1edbi Nh\u00e0 \u0103n sinh vi\u00ean<\/td>\r\n<\/tr>\r\n<tr>\r\n<th align=\"right\" valign=\"top\">Ng\u00e0y 25 th\u00e1ng 3 n\u0103m 1964<\/th>\r\n<td align=\"left\" valign=\"top\">X\u00e2y d\u1ef1ng m\u1edbi k\u00fd t\u00fac x\u00e1 sinh vi\u00ean (Kitaryo, Nakaryo v\u00e0 Nh\u00e0 \u0103n)<\/td>\r\n<\/tr>\r\n<tr>\r\n<th align=\"right\" valign=\"top\">Ng\u00e0y 30 th\u00e1ng 3 n\u0103m 1965<\/th>\r\n<td align=\"left\" valign=\"top\">X\u00e2y d\u1ef1ng m\u1edbi Ph\u00f2ng th\u1ec3 theo v\u00e0 k\u00fd t\u00fac x\u00e1 sinh vi\u00ean (Minamiryo)<\/td>\r\n<\/tr>\r\n<tr>\r\n<th align=\"right\" valign=\"top\">Ng\u00e0y 25 th\u00e1ng 3 n\u0103m 1966<\/th>\r\n<td align=\"left\" valign=\"top\">X\u00e2y d\u1ef1ng m\u1edbi Ph\u00f2ng n\u1ed3i h\u01a1i<\/td>\r\n<\/tr>\r\n<tr>\r\n<th align=\"right\" valign=\"top\">Ng\u00e0y 31 th\u00e1ng 3<\/th>\r\n<td align=\"left\" valign=\"top\">Nh\u1eadn chuy\u1ec3n \u0111\u1ed5i quy\u1ec1n s\u1edf h\u1eefu \u0111\u1ea5t 11.622\u33a1 t\u1eeb B\u1ed9 Gi\u00e1o d\u1ee5c (Tr\u01b0\u1eddng Cao \u0111\u1eb3ng C\u00f4ng nghi\u1ec7p Ube)<\/td>\r\n<\/tr>\r\n<tr>\r\n<th align=\"right\" valign=\"top\">Ng\u00e0y 1 Th\u00e1ng 4<\/th>\r\n<td align=\"left\" valign=\"top\">Th\u00e0nh l\u1eadp Khoa Ho\u00e1 h\u1ecdc C\u00f4ng nghi\u1ec7p<\/td>\r\n<\/tr>\r\n<tr>\r\n<th align=\"right\" valign=\"top\">Ng\u00e0y 28 th\u00e1ng 2 n\u0103m 1967<\/th>\r\n<td align=\"left\" valign=\"top\">X\u00e2y d\u1ef1ng m\u1edbi Ph\u00f2ng v\u00f5 thu\u1eadt<\/td>\r\n<\/tr>\r\n<tr>\r\n<th align=\"right\" valign=\"top\">Ng\u00e0y 25 th\u00e1ng 3<\/th>\r\n<td align=\"left\" valign=\"top\">X\u00e2y d\u1ef1ng m\u1edbi Ph\u00f2ng n\u1ed3i h\u01a1i, k\u00fd t\u00fac x\u00e1 sinh vi\u00ean  (Shinryo)<\/td>\r\n<\/tr>\r\n<tr>\r\n<th align=\"right\" valign=\"top\">Ng\u00e0y 16 th\u00e1ng 10<\/th>\r\n<td align=\"left\" valign=\"top\">Nh\u1eadn chuy\u1ec3n \u0111\u1ed5i quy\u1ec1n s\u1edf h\u1eefu \u0111\u1ea5t 54,581\u33a1 t\u1eeb B\u1ed9 T\u00e0i ch\u00ednh (C\u1ee5c T\u00e0i ch\u00ednh Chugoku)<\/td>\r\n<\/tr>\r\n<tr>\r\n<th align=\"right\" valign=\"top\">Ng\u00e0y 25 Th\u00e1ng 3 n\u0103m 1969<\/th>\r\n<td align=\"left\" valign=\"top\">X\u00e2y d\u1ef1ng m\u1edbi k\u00fd t\u00fac x\u00e1 sinh vi\u00ean (Shinryo, Nakaryo)<\/td>\r\n<\/tr>\r\n<tr>\r\n<th align=\"right\" valign=\"top\">Ng\u00e0y 10 th\u00e1ng 12<\/th>\r\n<td align=\"left\" valign=\"top\">Tr\u01b0\u1eddng Cao \u0111\u1eb3ng Chuy\u00ean nghi\u1ec7p C\u00f4ng nghi\u1ec7p Ube (Oyama) mua \u0111\u1ea5t 2,597\u33a1<\/td>\r\n<\/tr>\r\n<tr>\r\n<th align=\"right\" valign=\"top\">Ng\u00e0y 26 th\u00e1ng 3<\/th>\r\n<td align=\"left\" valign=\"top\">X\u00e2y d\u1ef1ng m\u1edbi Th\u01b0 vi\u1ec7n<\/td>\r\n<\/tr>\r\n<tr>\r\n<th align=\"right\" valign=\"top\">Ng\u00e0y 10 th\u00e1ng 3 n\u0103m 1972<\/th>\r\n<td align=\"left\" valign=\"top\">Tr\u01b0\u1eddng Cao \u0111\u1eb3ng Chuy\u00ean nghi\u1ec7p C\u00f4ng nghi\u1ec7p Ube (Oyama) mua \u0111\u1ea5t 534\u33a1<\/td>\r\n<\/tr>\r\n<tr>\r\n<th align=\"right\" valign=\"top\">Ng\u00e0y 15 th\u00e1ng 2 n\u0103m 1973<\/th>\r\n<td align=\"left\" valign=\"top\">Nh\u1eadn chuy\u1ec3n \u0111\u1ed5i quy\u1ec1n s\u1edf h\u1eefu \u0111\u1ea5t 925\u33a1 t\u1eeb B\u1ed9 T\u00e0i ch\u00ednh (C\u1ee5c T\u00e0i ch\u00ednh Chugoku) <\/td>\r\n<\/tr>\r\n<tr>\r\n<th align=\"right\" valign=\"top\">Ng\u00e0y 28 th\u00e1ng 2<\/th>\r\n<td align=\"left\" valign=\"top\">X\u00e2y d\u1ef1ng m\u1edbi To\u00e0 nh\u00e0 th\u00ed nghi\u1ec7m C\u01a1 kh\u00ed\r\n<img decoding=\"async\" class=\"alignleft size-medium wp-image-832\" src=\"https:\/\/www.ube-k.ac.jp\/en\/cms\/wp-content\/uploads\/2015\/06\/history02-300x200.jpg\" alt=\"history02\" width=\"200\" \/><\/td>\r\n<\/tr>\r\n<tr>\r\n<th align=\"right\" valign=\"top\">Ng\u00e0y 14 th\u00e1ng 9 n\u0103m 1974<\/th>\r\n<td align=\"left\" valign=\"top\">B\u00e3i b\u1ecf quy\u1ec1n s\u1eed d\u1ee5ng \u0111\u1ea5t 34 m\u00b2<\/td>\r\n<\/tr>\r\n<tr>\r\n<th align=\"right\" valign=\"top\">Ng\u00e0y 27 th\u00e1ng 7 n\u0103m 1977<\/th>\r\n<td align=\"left\" valign=\"top\">Nh\u1eadn chuy\u1ec3n \u0111\u1ed5i quy\u1ec1n s\u1edf h\u1eefu \u0111\u1ea5t 3,077\u33a1 t\u1eeb B\u1ed9 Gi\u00e1o d\u1ee5c (Tr\u01b0\u1eddng \u0110\u1ea1i h\u1ecdc Yamaguchi)<\/td>\r\n<\/tr>\r\n<tr>\r\n<th align=\"right\" valign=\"top\">\u3003<\/th>\r\n<td align=\"left\" valign=\"top\">Tr\u01b0\u1eddng Cao \u0111\u1eb3ng Chuy\u00ean nghi\u1ec7p C\u00f4ng nghi\u1ec7p Ube (Oyama) chuy\u1ec3n \u0111\u1ed5i quy\u1ec1n s\u1edf h\u1eefu \u0111\u1ea5t 3,179\u33a1 cho \u0110\u1ea1i h\u1ecdc Yamaguchi<\/td>\r\n<\/tr>\r\n<tr>\r\n<th align=\"right\" valign=\"top\">Ng\u00e0y 1 Th\u00e1ng 7 n\u0103m 1978<\/th>\r\n<td align=\"left\" valign=\"top\">Nh\u1eadn chuy\u1ec3n \u0111\u1ed5i quy\u1ec1n s\u1edf h\u1eefu \u0111\u1ea5t 3,429\u33a1 t\u1eeb B\u1ed9 Gi\u00e1o d\u1ee5c (Tr\u01b0\u1eddng \u0110\u1ea1i h\u1ecdc Yamaguchi)<\/td>\r\n<\/tr>\r\n<tr>\r\n<th align=\"right\" valign=\"top\">Ng\u00e0y 31 th\u00e1ng 3 n\u0103m 1981<\/th>\r\n<td align=\"left\" valign=\"top\">X\u00e2y d\u1ef1ng m\u1edbi Ph\u00f2ng th\u1ec3 thao s\u1ed1 2<\/td>\r\n<\/tr>\r\n<tr>\r\n<\/tr>\r\n<tr>\r\n<th align=\"right\" valign=\"top\">Ng\u00e0y 27 th\u00e1ng 3 n\u0103m 1984<\/th>\r\n<td align=\"left\" valign=\"top\">X\u00e2y d\u1ef1ng m\u1edbi H\u1ed9i qu\u00e1n sinh vi\u00ean<\/td>\r\n<\/tr>\r\n<tr>\r\n<th align=\"right\" valign=\"top\">Ng\u00e0y 25 th\u00e1ng 3 n\u0103m 1988<\/th>\r\n<td align=\"left\" valign=\"top\">X\u00e2y d\u1ef1ng m\u1edbi k\u00fd t\u00fac x\u00e1 sinh vi\u00ean (To\u00e0 nh\u00e0 qu\u1ea3n l\u00fd v\u00e0 To\u00e0 nh\u00e0 Hokutoryo)<\/td>\r\n<\/tr>\r\n<tr>\r\n<th align=\"right\" valign=\"top\">Ng\u00e0y 1 th\u00e1ng 4<\/th>\r\n<td align=\"left\" valign=\"top\">Th\u00e0nh l\u1eadp Khoa C\u00f4ng ngh\u1ec7 Th\u00f4ng tin \u0110i\u1ec1u khi\u1ec3n<\/td>\r\n<\/tr>\r\n<tr>\r\n<th align=\"right\" valign=\"top\">\u3003<\/th>\r\n<td align=\"left\" valign=\"top\">Th\u00e0nh l\u1eadp Trung t\u00e2m Gi\u00e1o d\u1ee5c K\u1ef9 thu\u1eadt T\u1ed5ng h\u1ee3p<\/td>\r\n<\/tr>\r\n<tr>\r\n<th align=\"right\" valign=\"top\">Ng\u00e0y 23 th\u00e1ng 3 n\u0103m 1989<\/th>\r\n<td align=\"left\" valign=\"top\">X\u00e2y d\u1ef1ng m\u1edbi Trung t\u00e2m Gi\u00e1o d\u1ee5c K\u1ef9 thu\u1eadt T\u1ed5ng h\u1ee3p<\/td>\r\n<\/tr>\r\n<tr>\r\n<th align=\"right\" valign=\"top\">Ng\u00e0y 20 th\u00e1ng 3 n\u0103m 1990<\/th>\r\n<td align=\"left\" valign=\"top\">X\u00e2y d\u1ef1ng m\u1edbi To\u00e0 nh\u00e0 Khoa C\u00f4ng ngh\u1ec7 Th\u00f4ng tin \u0110i\u1ec1u khi\u1ec3n<\/td>\r\n<\/tr>\r\n<tr>\r\n<th align=\"right\" valign=\"top\">Ng\u00e0y 1 th\u00e1ng 4<\/th>\r\n<td align=\"left\" valign=\"top\">T\u1ed5 ch\u1ee9c l\u1ea1i Khoa Ho\u00e1 h\u1ecdc C\u00f4ng nghi\u1ec7p th\u00e0nh Khoa C\u00f4ng ngh\u1ec7 V\u1eadt ch\u1ea5t<\/td>\r\n<\/tr>\r\n<tr>\r\n<th align=\"right\" valign=\"top\">Ng\u00e0y 1 th\u00e1ng 4 n\u0103m 1992<\/th>\r\n<td align=\"left\" valign=\"top\">Th\u00e0nh l\u1eadp Khoa Th\u00f4ng tin Kinh doanh<br>\r\nN\u0103m 1992: \u1ea2nh ch\u1ee5p t\u1eeb tr\u00ean kh\u00f4ng k\u1ef7 ni\u1ec7m 30 n\u0103m th\u00e0nh l\u1eadp, n\u0103m 1992, C\u1ed5ng ch\u00ednh<br>\r\n<img decoding=\"async\" class=\"alignleft size-medium wp-image-827\" src=\"https:\/\/www.ube-k.ac.jp\/en\/cms\/wp-content\/uploads\/2015\/06\/history04-300x200.jpg\" alt=\"history04\" width=\"200\" \/> <img decoding=\"async\" class=\"alignnone size-medium wp-image-828\" src=\"https:\/\/www.ube-k.ac.jp\/en\/cms\/wp-content\/uploads\/2015\/06\/history05-300x200.jpg\" alt=\"history05\" width=\"200\" \/> <p class='cl'><\/p><\/td>\r\n<\/tr>\r\n<tr>\r\n<th align=\"right\" valign=\"top\">Ng\u00e0y 25 th\u00e1ng 3 n\u0103m 1994<\/th>\r\n<td align=\"left\" valign=\"top\">X\u00e2y d\u1ef1ng m\u1edbi To\u00e0 nh\u00e0 Khoa Th\u00f4ng tin Kinh doanh<\/td>\r\n<\/tr>\r\n<tr>\r\n<th align=\"right\" valign=\"top\">Ng\u00e0y 1 th\u00e1ng 4 n\u0103m 1997<\/th>\r\n<td align=\"left\" valign=\"top\">Th\u00e0nh l\u1eadp Ch\u01b0\u01a1ng tr\u00ecnh h\u1ecdc n\u00e2ng cao (Khoa n\u00e2ng cao C\u00f4ng ngh\u1ec7 H\u1ec7 th\u1ed1ng S\u1ea3n xu\u1ea5t, Khoa n\u00e2ng cao C\u00f4ng ngh\u1ec7 V\u1eadt ch\u1ea5t)<\/td>\r\n<\/tr>\r\n<tr>\r\n<th align=\"right\" valign=\"top\">Ng\u00e0y 26 th\u00e1ng 3 n\u0103m 1999<\/th>\r\n<td align=\"left\" valign=\"top\">X\u00e2y d\u1ef1ng m\u1edbi To\u00e0 nh\u00e0 Ch\u01b0\u01a1ng tr\u00ecnh h\u1ecdc n\u00e2ng cao<\/td>\r\n<\/tr>\r\n<tr>\r\n<th align=\"right\" valign=\"top\">Ng\u00e0y 1 th\u00e1ng 2 n\u0103m 2000<\/th>\r\n<td align=\"left\" valign=\"top\">X\u00e2y d\u1ef1ng b\u1ed5 sung To\u00e0 nh\u00e0 Ch\u01b0\u01a1ng tr\u00ecnh h\u1ecdc n\u00e2ng cao<\/td>\r\n<\/tr>\r\n<tr>\r\n<th align=\"right\" valign=\"top\">Ng\u00e0y 1 th\u00e1ng 4<\/th>\r\n<td align=\"left\" valign=\"top\">\u0110\u1ed5i t\u00ean Ph\u00f2ng m\u00e1y t\u00ednh \u0111i\u1ec7n t\u1eed th\u00e0nh Trung t\u00e2m x\u1eed l\u00fd th\u00f4ng tin<\/td>\r\n<\/tr>\r\n<tr>\r\n<th align=\"right\" valign=\"top\">Ng\u00e0y 16 th\u00e1ng 12 n\u0103m 2003<\/th>\r\n<td align=\"left\" valign=\"top\">\u0110\u1ed5i t\u00ean Trung t\u00e2m Gi\u00e1o d\u1ee5c K\u1ef9 thu\u1eadt T\u1ed5ng h\u1ee3p th\u00e0nh Trung t\u00e2m K\u1ef9 thu\u1eadt H\u1ee3p t\u00e1c Khu v\u1ef1c<\/td>\r\n<\/tr>\r\n<tr>\r\n<th align=\"right\" valign=\"top\">\u3003<\/th>\r\n<td align=\"left\" valign=\"top\">X\u00e2y d\u1ef1ng b\u1ed5 sung Trung t\u00e2m K\u1ef9 thu\u1eadt H\u1ee3p t\u00e1c Khu v\u1ef1c<\/td>\r\n<\/tr>\r\n<tr>\r\n<th align=\"right\" valign=\"top\">Ng\u00e0y 1 th\u00e1ng 4 n\u0103m 2004<\/th>\r\n<td align=\"left\" valign=\"top\">Chuy\u1ec3n \u0111\u1ed5i sang c\u01a1 ch\u1ebf ph\u00e1p nh\u00e2n h\u00e0nh ch\u00ednh \u0111\u1ed9c l\u1eadp<\/td>\r\n<\/tr>\r\n<tr>\r\n<th align=\"right\" valign=\"top\">Ng\u00e0y 1 th\u00e1ng 4 n\u0103m 2005<\/th>\r\n<td align=\"left\" valign=\"top\">Th\u00e0nh l\u1eadp Ch\u01b0\u01a1ng tr\u00ecnh h\u1ecdc n\u00e2ng cao (Khoa n\u00e2ng cao C\u00f4ng ngh\u1ec7 Th\u00f4ng tin Kinh doanh)<\/td>\r\n<\/tr>\r\n<tr>\r\n<th align=\"right\" valign=\"top\">Ng\u00e0y 12 th\u00e1ng 5<\/th>\r\n<td align=\"left\" valign=\"top\">\u0110\u1ea1t ti\u00eau chu\u1ea9n JABEE (C\u00f4ng ngh\u1ec7 thi\u1ebft k\u1ebf s\u00e1ng t\u1ea1o) v\u00e0 tr\u1edf th\u00e0nh n\u0103m b\u1eaft \u0111\u1ea7u theo gi\u1ea5y ch\u1ee9ng nh\u1eadn (Ni\u00ean kho\u00e1 2004)<\/td>\r\n<\/tr>\r\n<tr>\r\n<th align=\"right\" valign=\"top\">Ng\u00e0y 17 th\u00e1ng 3 n\u0103m 2006<\/th>\r\n<td align=\"left\" valign=\"top\">S\u1eeda ch\u1eefa Ph\u00f2ng n\u1ed3i h\u01a1i th\u00e0nh X\u01b0\u1edfng ch\u1ebf t\u1ea1o s\u1ea3n ph\u1ea9m<\/td>\r\n<\/tr>\r\n<tr>\r\n<th align=\"right\" valign=\"top\">Ng\u00e0y 31 th\u00e1ng 3<\/th>\r\n<td align=\"left\" valign=\"top\">C\u1ea3i t\u1ea1o t\u1ea7ng 2 H\u1ed9i qu\u00e1n sinh vi\u00ean th\u00e0nh c\u01a1 s\u1edf \u0111\u00e0o t\u1ea1o Khoa n\u00e2ng cao C\u00f4ng ngh\u1ec7 Th\u00f4ng tin Kinh doanh<\/td>\r\n<\/tr>\r\n<tr>\r\n<th align=\"right\" valign=\"top\">\u3003<\/th>\r\n<td align=\"left\" valign=\"top\">S\u1eeda ch\u1eefa k\u00fd t\u00fac x\u00e1 sinh vi\u00ean (Hokuseiryo) th\u00e0nh To\u00e0 nh\u00e0 C\u00e2u l\u1ea1c b\u1ed9<\/td>\r\n<\/tr>\r\n<tr>\r\n<th align=\"right\" valign=\"top\">Ng\u00e0y 28 th\u00e1ng 12 n\u0103m 2007<\/th>\r\n<td align=\"left\" valign=\"top\">X\u00e2y l\u1ea1i X\u01b0\u1edfng th\u1ef1c h\u00e0nh t\u1eeb x\u01b0\u1edfng th\u1ef1c h\u00e0nh c\u0169 v\u00e0 x\u01b0\u1edfng th\u1ef1c h\u00e0nh 2<\/td>\r\n<\/tr>\r\n<tr>\r\n<th align=\"right\" valign=\"top\">Ng\u00e0y 30 th\u00e1ng 1n\u0103m 2009<\/th>\r\n<td align=\"left\" valign=\"top\">S\u1eeda ch\u1eefa to\u00e0n nh\u00e0 Th\u01b0 vi\u1ec7n<\/td>\r\n<\/tr>\r\n<tr>\r\n<th align=\"right\" valign=\"top\">Ng\u00e0y 23 Th\u00e1ng 4<\/th>\r\n<td align=\"left\" valign=\"top\">\u0110\u1ea1t ti\u00eau chu\u1ea9n JABEE (C\u00f4ng ngh\u1ec7 th\u00f4ng tin kinh doanh) v\u00e0 tr\u1edf th\u00e0nh n\u0103m b\u1eaft \u0111\u1ea7u theo gi\u1ea5y ch\u1ee9ng nh\u1eadn (Ni\u00ean kho\u00e1 2008)<\/td>\r\n<\/tr>\r\n<tr>\r\n<th align=\"right\" valign=\"top\">Ng\u00e0y 5 th\u00e1ng 10 n\u0103m 2012<\/th>\r\n<td align=\"left\" valign=\"top\">Th\u00e0nh l\u1eadp Ph\u00f2ng Tri\u1ec3n l\u00e3m T\u01b0 li\u1ec7u K\u1ef7 ni\u1ec7m 50 th\u00e0nh l\u1eadp<\/td>\r\n<\/tr>\r\n<tr>\r\n<th align=\"right\" valign=\"top\">Ng\u00e0y 1 th\u00e1ng 4 n\u0103m 2014<\/th>\r\n<td align=\"left\" valign=\"top\">Thay \u0111\u1ed5i t\u00ean ch\u01b0\u01a1ng tr\u00ecnh \u0111\u00e0o t\u1ea1o \u0111\u00e3 \u0111\u01b0\u1ee3c JABEE ch\u1ee9ng nh\u1eadn t\u00ean C\u00f4ng ngh\u1ec7 thi\u1ebft k\u1ebf s\u00e1ng t\u1ea1o th\u00e0nh C\u00f4ng ngh\u1ec7 H\u1ec7 th\u1ed1ng S\u1ea3n xu\u1ea5t<\/td>\r\n<\/tr>\r\n<tr>\r\n<th align=\"right\" valign=\"top\">Ng\u00e0y 9 th\u00e1ng 3 n\u0103m 2016<\/th>\r\n<td align=\"left\" valign=\"top\">\u0110\u1ea1t ti\u00eau chu\u1ea9n JABEE (C\u00f4ng ngh\u1ec7 V\u1eadt ch\u1ea5t) v\u00e0 tr\u1edf th\u00e0nh n\u0103m b\u1eaft \u0111\u1ea7u theo gi\u1ea5y ch\u1ee9ng nh\u1eadn (Ni\u00ean kho\u00e1 2015)<\/td>\r\n<\/tr>\r\n<tr>\r\n<th align=\"right\" valign=\"top\">Ng\u00e0y 15 th\u00e1ng 3 n\u0103m 2018<\/th>\r\n<td align=\"left\" valign=\"top\">S\u1eeda \u0111\u1ed5i t\u1eeb Ph\u00f2ng n\u1ed3i h\u01a1i v\u00e0 k\u00fd t\u00fac x\u00e1 G th\u00e0nh To\u00e0 nh\u00e0 Ho\u1ea1t \u0111\u1ed9ng Ngo\u1ea1i kho\u00e1<\/td>\r\n<\/tr>\r\n<tr>\r\n<th align=\"right\" valign=\"top\">\u3003<\/th>\r\n<td align=\"left\" valign=\"top\">\u0110\u1ed5i t\u00ean To\u00e0 nh\u00e0 C\u00e2u l\u1ea1c b\u1ed9 th\u00e0nh C\u01a1 s\u1edf Giao l\u01b0u \u0110a m\u1ee5c \u0111\u00edch<\/td>\r\n<\/tr>\r\n<\/tbody>\r\n<\/table>\r\n\r\n<p>\u203bNg\u00e0y k\u1ef7 ni\u1ec7m th\u00e0nh l\u1eadp Tr\u01b0\u1eddng Cao \u0111\u1eb3ng Chuy\u00ean nghi\u1ec7p C\u00f4ng nghi\u1ec7p Ube l\u00e0 ng\u00e0y 2 th\u00e1ng 6<\/p>\r\n\r\n<p align=\"center\"><img decoding=\"async\" class=\"size-medium wp-image-829 alignnone\" src=\"https:\/\/www.ube-k.ac.jp\/en\/cms\/wp-content\/uploads\/2015\/06\/history06-300x200.jpg\" alt=\"history06\" width=\"250\" \/> <img decoding=\"async\" class=\"size-medium wp-image-830 alignnone\" src=\"https:\/\/www.ube-k.ac.jp\/en\/cms\/wp-content\/uploads\/2015\/06\/history07-300x200.jpg\" alt=\"history07\" width=\"250\" \/><\/p>\r\n<p class='cl'><\/p>","protected":false},"excerpt":{"rendered":"<p>C\u00e1c tr\u01b0\u1eddng Kosen nh\u1eadn \u0111\u01b0\u1ee3c y\u00eau c\u1ea7u m\u1ea1nh m\u1ebd c\u1ee7a ng\u00e0nh c\u00f4ng nghi\u1ec7p, v\u1edbi m\u1ee5c \u0111\u00edch \u0111\u00e0o t\u1ea1o c\u00e1c k\u1ef9 s\u01b0 mang t\u00ednh th\u1ef1 [&hellip;]<\/p>\n","protected":false},"author":1,"featured_media":2288,"parent":8,"menu_order":42,"comment_status":"open","ping_status":"open","template":"","meta":{"footnotes":""},"_links":{"self":[{"href":"https:\/\/www.ube-k.ac.jp\/vi\/wp-json\/wp\/v2\/pages\/44"}],"collection":[{"href":"https:\/\/www.ube-k.ac.jp\/vi\/wp-json\/wp\/v2\/pages"}],"about":[{"href":"https:\/\/www.ube-k.ac.jp\/vi\/wp-json\/wp\/v2\/types\/page"}],"author":[{"embeddable":true,"href":"https:\/\/www.ube-k.ac.jp\/vi\/wp-json\/wp\/v2\/users\/1"}],"replies":[{"embeddable":true,"href":"https:\/\/www.ube-k.ac.jp\/vi\/wp-json\/wp\/v2\/comments?post=44"}],"version-history":[{"count":4,"href":"https:\/\/www.ube-k.ac.jp\/vi\/wp-json\/wp\/v2\/pages\/44\/revisions"}],"predecessor-version":[{"id":2488,"href":"https:\/\/www.ube-k.ac.jp\/vi\/wp-json\/wp\/v2\/pages\/44\/revisions\/2488"}],"up":[{"embeddable":true,"href":"https:\/\/www.ube-k.ac.jp\/vi\/wp-json\/wp\/v2\/pages\/8"}],"wp:featuredmedia":[{"embeddable":true,"href":"https:\/\/www.ube-k.ac.jp\/vi\/wp-json\/wp\/v2\/media\/2288"}],"wp:attachment":[{"href":"https:\/\/www.ube-k.ac.jp\/vi\/wp-json\/wp\/v2\/media?parent=44"}],"curies":[{"name":"wp","href":"https:\/\/api.w.org\/{rel}","templated":true}]}}