{"id":49,"date":"2015-06-15T17:46:45","date_gmt":"2015-06-15T08:46:45","guid":{"rendered":"http:\/\/www.ube-k.ac.jp\/en\/?page_id=49"},"modified":"2022-02-18T14:55:02","modified_gmt":"2022-02-18T05:55:02","slug":"college-symbolcollege-emblem","status":"publish","type":"page","link":"https:\/\/www.ube-k.ac.jp\/vi\/guidance\/college-symbolcollege-emblem\/","title":{"rendered":"Bi\u1ec3u t\u01b0\u1ee3ng, Huy hi\u1ec7u v\u00e0 m\u00e0u s\u1eafc c\u1ee7a tr\u01b0\u1eddng"},"content":{"rendered":"<h2>Bi\u1ec3u t\u01b0\u1ee3ng<\/h2>\r\n<img loading=\"lazy\" decoding=\"async\" class=\"aligncenter size-full wp-image-50\" src=\"http:\/\/www.ube-k.ac.jp\/en\/cms\/wp-content\/uploads\/2015\/06\/symbol.jpg\" alt=\"symbol\" width=\"300\" height=\"199\" \/>\r\n\r\nNh\u00e2n d\u1ecbp k\u1ef7 ni\u1ec7m l\u1ea7n th\u1ee9 50 ng\u00e0y th\u00e0nh l\u1eadp, tri\u1ebft l\u00fd gi\u00e1o d\u1ee5c c\u1ee7a tr\u01b0\u1eddng \u0111\u00e3 \u0111\u01b0\u1ee3c x\u00e2y d\u1ef1ng m\u1edbi th\u00e0nh &#8220;Ube Kosen: Th\u1eed th\u00e1ch, Kh\u00e1m ph\u00e1, Bay cao&#8221; (\u201cTake risks, go deeper, reach higher!\u201d). Bi\u1ec3u t\u01b0\u1ee3ng nh\u00e0 tr\u01b0\u1eddng \u0111\u01b0\u1ee3c thi\u1ebft k\u1ebf d\u1ef1a tr\u00ean c\u00e1c \u00fd ki\u1ebfn \u0111\u01b0\u1ee3c ch\u1ecdn l\u1ecdc t\u1eeb t\u1ea5t c\u1ea3 c\u00e1c l\u1edbp, c\u00e1c khoa trong to\u00e0n tr\u01b0\u1eddng v\u00e0 \u0111\u00e3 \u0111\u01b0\u1ee3c quy\u1ebft \u0111\u1ecbnh theo thi\u1ebft k\u1ebf tr\u00ean. D\u00f9 c\u00f3 thi\u1ebft k\u1ebf \u0111\u01a1n gi\u1ea3n, bi\u1ec3u t\u01b0\u1ee3ng t\u1ea1o \u1ea5n t\u01b0\u1ee3ng t\u01b0\u01a1i s\u00e1ng cho ng\u01b0\u1eddi xem, v\u00e0 v\u1edbi thi\u1ebft k\u1ebf trong s\u00e1ng mang t\u00ednh \u0111\u1ed9t ph\u00e1 m\u1edbi l\u1ea1, bi\u1ec3u t\u01b0\u1ee3ng \u0111\u00e3 \u0111\u01b0\u1ee3c l\u1ef1a ch\u1ecdn.<br>\r\n<br>\r\nCh\u1eef c\u00e1i U \u0111\u1ea7u ti\u00ean c\u1ee7a Ube Kosen di\u1ec5n \u0111\u1ea1t m\u1ed9t c\u1ea3m gi\u00e1c n\u0103ng \u0111\u1ed9ng h\u01b0\u1edbng t\u1edbi t\u01b0\u01a1ng lai, v\u00e0 trong khu\u00f4n h\u00ecnh c\u1ee7a ch\u1eef U \u0111\u00f3, m\u1ed9t h\u00ecnh ng\u00f4i sao th\u1ec3 hi\u1ec7n cho \u00e1nh s\u00e1ng v\u00e0 hy v\u1ecdng l\u1ed3ng v\u00e0o theo h\u00ecnh th\u1ee9c phi \u0111\u1ed1i x\u1ee9ng c\u00f9ng v\u1edbi n\u1ec1n m\u00e0u xanh t\u01b0\u01a1i s\u00e1ng \u0111\u1ec3 th\u1ec3 hi\u1ec7n m\u1ed9t c\u00e1ch \u0111\u01a1n s\u01a1 tri\u1ebft l\u00fd gi\u00e1o d\u1ee5c c\u1ee7a tr\u01b0\u1eddng.<br>\r\nH\u00ecnh ch\u1eef U \u0111\u1eb7c tr\u01b0ng n\u00e0y l\u00e0 s\u1ef1 k\u1ebf th\u1eeba t\u1eeb h\u00ecnh \u1ea3nh \u0111\u00f4i c\u00e1nh c\u1ee7a chim thi\u00ean nga c\u00f3 trong huy hi\u1ec7u c\u1ee7a tr\u01b0\u1eddng. Bi\u1ec3u t\u01b0\u1ee3ng n\u00e0y di\u1ec5n \u0111\u1ea1t m\u1ed9t tr\u01b0\u1eddng Ube Kosen c\u0169ng nh\u01b0 c\u00e1c h\u1ecdc vi\u00ean nh\u00ecn v\u00e0o nh\u1eefng ng\u00f4i sao l\u1ea5p l\u00e1nh \u00e1nh s\u00e1ng \u0111ang chi\u1ebfu r\u1ecdi t\u1edbi m\u1ed7i ng\u01b0\u1eddi \u0111\u1ec3 \u0111\u01b0\u1ee3c d\u1eabn \u0111\u01b0\u1eddng ch\u1ec9 l\u1ed1i nu\u00f4i d\u01b0\u1ee1ng nh\u1eefng gi\u1ea5c m\u01a1 trong t\u00e2m h\u1ed3n v\u00e0 hi\u1ec7n th\u1ef1c ho\u00e1 nh\u1eefng gi\u1ea5c m\u01a1 \u1ea5y. \u0110\u00e2y l\u00e0 bi\u1ec3u t\u01b0\u1ee3ng h\u00e0m ch\u1ee9a nh\u1eefng \u00fd ch\u00ed v\u00e0 nguy\u1ec7n v\u1ecdng trong phong c\u00e1ch h\u1ecdc t\u1eadp c\u1ee7a t\u1eebng con ng\u01b0\u1eddi \u0111ang n\u1ed7 l\u1ef1c th\u1eed th\u00e1ch t\u01b0\u01a1ng lai v\u00e0 kh\u00f4ng ng\u1eebng kh\u00e1m ph\u00e1 \u0111\u1ec3 c\u00f3 \u0111\u01b0\u1ee3c nh\u1eefng ki\u1ebfn th\u1ee9c chu\u1ea9n x\u00e1c v\u00e0 hi\u1ec7n th\u1ef1c ho\u00e1 ch\u00fang trong x\u00e3 h\u1ed9i.<br>\r\n<br>\r\nCh\u00fang t\u00f4i hy v\u1ecdng bi\u1ec3u t\u01b0\u1ee3ng c\u1ee7a tr\u01b0\u1eddng s\u1ebd t\u1ed3n t\u1ea1i l\u00e2u d\u00e0i v\u00e0 \u0111\u01b0\u1ee3c ph\u1ed5 bi\u1ebfn r\u1ed9ng r\u00e3i,c\u0169ng nh\u01b0 \u0111\u01b0\u1ee3c y\u00eau m\u1ebfn kh\u1eafp m\u1ecdi n\u01a1i.\r\n\r\n<h2>Huy hi\u1ec7u tr\u01b0\u1eddng<\/h2>\r\n<img loading=\"lazy\" decoding=\"async\" class=\"aligncenter size-full wp-image-51\" src=\"http:\/\/www.ube-k.ac.jp\/en\/cms\/wp-content\/uploads\/2015\/06\/koushou.jpg\" alt=\"koushou\" width=\"302\" height=\"298\" \/>\r\n\r\nTr\u01b0\u1eddng t\u1ecda l\u1ea1c t\u1ea1i ng\u1ea1n ph\u00eda t\u00e2y H\u1ed3 Tokiwa. Thi\u00ean nga t\u1ea1i H\u1ed3 Tokiwa so\u1ea3i c\u00e1nh tao nh\u00e3 trong n\u1ec1n m\u00e0u xanh c\u1ee7a l\u00e1 c\u00e2y th\u00f4ng quanh h\u1ed3 gi\u00fap ng\u01b0\u1eddi chi\u00eam ng\u01b0\u1ee1ng th\u00edch th\u00fa ch\u00ednh l\u00e0 bi\u1ec3u t\u01b0\u1ee3ng c\u1ee7a th\u00e0nh ph\u1ed1 Ube.<br>\r\n<br>\r\nHuy hi\u1ec7u c\u1ee7a tr\u01b0\u1eddng s\u1eed d\u1ee5ng h\u00ecnh \u1ea3nh \u0111\u00f4i c\u00e1nh c\u1ee7a chim thi\u00ean nga \u0111\u00f3 v\u00e0 v\u1ebd l\u00ean ch\u00ednh gi\u1eefa h\u00ecnh \u1ea3nh m\u1ed9t ng\u00f2i b\u00fat th\u1ec3 hi\u1ec7n cho s\u1ef1 h\u1ecdc h\u00e0nh nh\u1eb1m di\u1ec5n t\u1ea3 m\u1ed9t h\u00ecnh \u1ea3nh v\u01b0\u01a1n bay m\u1ed9t c\u00e1ch m\u1ea1nh m\u1ebd cho s\u1ef1 ph\u00e1t tri\u1ec3n c\u1ee7a kinh t\u1ebf v\u00e0 v\u0103n ho\u00e1.\r\n\r\n\r\n<p class=\"cl\"><\/p>","protected":false},"excerpt":{"rendered":"<p>Bi\u1ec3u t\u01b0\u1ee3ng Nh\u00e2n d\u1ecbp k\u1ef7 ni\u1ec7m l\u1ea7n th\u1ee9 50 ng\u00e0y th\u00e0nh l\u1eadp, tri\u1ebft l\u00fd gi\u00e1o d\u1ee5c c\u1ee7a tr\u01b0\u1eddng \u0111\u00e3 \u0111\u01b0\u1ee3c x\u00e2y d\u1ef1ng m\u1edbi th\u00e0nh [&hellip;]<\/p>\n","protected":false},"author":1,"featured_media":2317,"parent":8,"menu_order":43,"comment_status":"open","ping_status":"closed","template":"","meta":{"footnotes":""},"_links":{"self":[{"href":"https:\/\/www.ube-k.ac.jp\/vi\/wp-json\/wp\/v2\/pages\/49"}],"collection":[{"href":"https:\/\/www.ube-k.ac.jp\/vi\/wp-json\/wp\/v2\/pages"}],"about":[{"href":"https:\/\/www.ube-k.ac.jp\/vi\/wp-json\/wp\/v2\/types\/page"}],"author":[{"embeddable":true,"href":"https:\/\/www.ube-k.ac.jp\/vi\/wp-json\/wp\/v2\/users\/1"}],"replies":[{"embeddable":true,"href":"https:\/\/www.ube-k.ac.jp\/vi\/wp-json\/wp\/v2\/comments?post=49"}],"version-history":[{"count":6,"href":"https:\/\/www.ube-k.ac.jp\/vi\/wp-json\/wp\/v2\/pages\/49\/revisions"}],"predecessor-version":[{"id":2495,"href":"https:\/\/www.ube-k.ac.jp\/vi\/wp-json\/wp\/v2\/pages\/49\/revisions\/2495"}],"up":[{"embeddable":true,"href":"https:\/\/www.ube-k.ac.jp\/vi\/wp-json\/wp\/v2\/pages\/8"}],"wp:featuredmedia":[{"embeddable":true,"href":"https:\/\/www.ube-k.ac.jp\/vi\/wp-json\/wp\/v2\/media\/2317"}],"wp:attachment":[{"href":"https:\/\/www.ube-k.ac.jp\/vi\/wp-json\/wp\/v2\/media?parent=49"}],"curies":[{"name":"wp","href":"https:\/\/api.w.org\/{rel}","templated":true}]}}