{"id":70,"date":"2015-06-15T18:22:02","date_gmt":"2015-06-15T09:22:02","guid":{"rendered":"http:\/\/www.ube-k.ac.jp\/en\/?page_id=70"},"modified":"2022-02-18T14:18:34","modified_gmt":"2022-02-18T05:18:34","slug":"department-of-mechanical-engineering","status":"publish","type":"page","link":"https:\/\/www.ube-k.ac.jp\/vi\/departments\/department-of-mechanical-engineering\/","title":{"rendered":"Khoa C\u00f4ng ngh\u1ec7 C\u01a1 kh\u00ed"},"content":{"rendered":"<h3>Khoa C\u00f4ng ngh\u1ec7 C\u01a1 kh\u00ed chuy\u00ean \u0111\u00e0o t\u1ea1o \u0111\u1ed9i ng\u0169 k\u1ef9 s\u01b0 c\u01a1 kh\u00ed c\u00f3 kh\u1ea3 n\u0103ng th\u1ef1c ti\u1ec5n v\u1ec1 nghi\u00ean c\u1ee9u v\u00e0 ph\u00e1t tri\u1ec3n, thi\u1ebft k\u1ebf c\u0169ng nh\u01b0 k\u1ef9 thu\u1eadt s\u1ea3n xu\u1ea5t c\u00e1c s\u1ea3n ph\u1ea9m c\u00f4ng nghi\u1ec7p.<\/h3>\r\n&nbsp;\r\n\r\nK\u1ef9 s\u01b0 c\u01a1 kh\u00ed l\u00e0 ngu\u1ed3n nh\u00e2n l\u1ef1c r\u1ea5t c\u1ea7n thi\u1ebft trong m\u1ecdi l\u0129nh v\u1ef1c li\u00ean quan \u0111\u1ebfn s\u1ea3n xu\u1ea5t s\u1ea3n ph\u1ea9m c\u00f4ng nghi\u1ec7p, v\u00e0 ch\u1ee7ng lo\u1ea1i nghi\u1ec7p v\u1ee5 c\u0169ng r\u1ea5t phong ph\u00fa nh\u01b0 nghi\u00ean c\u1ee9u v\u00e0 ph\u00e1t tri\u1ec3n, thi\u1ebft k\u1ebf, k\u1ef9 thu\u1eadt s\u1ea3n xu\u1ea5t, b\u1ea3o tr\u00ec thi\u1ebft b\u1ecb, v.v&#8230; Trong nh\u1eefng n\u0103m g\u1ea7n \u0111\u00e2y, v\u1edbi s\u1ef1 ph\u00e1t tri\u1ec3n c\u1ee7a c\u00f4ng ngh\u1ec7 m\u00e1y t\u00ednh, h\u1ea7u h\u1ebft c\u00e1c m\u00e1y m\u00f3c \u0111\u01b0\u1ee3c \u0111i\u1ec1u khi\u1ec3n b\u1edfi m\u00e1y t\u00ednh khi\u1ebfn c\u00e1c k\u1ef9 s\u01b0 c\u01a1 kh\u00ed \u0111\u01b0\u1ee3c y\u00eau c\u1ea7u c\u1ea7n c\u00f3 nh\u1eefng ki\u1ebfn th\u1ee9c v\u1ec1 k\u1ef9 thu\u1eadt \u0111i\u1ec1u khi\u1ec3n \u0111i\u1ec7n t\u1eed c\u0169ng nh\u01b0 l\u1eadp tr\u00ecnh m\u00e1y t\u00ednh. Do \u0111\u00f3, t\u1ea1i Khoa C\u00f4ng ngh\u1ec7 C\u01a1 kh\u00ed, v\u1edbi m\u1ee5c ti\u00eau ph\u00e1t tri\u1ec3n ngu\u1ed3n nh\u00e2n l\u1ef1c k\u1ef9 s\u01b0 n\u00f2ng c\u1ed1t trong ng\u00e0nh c\u00f4ng nghi\u1ec7p, \u0111ang h\u01b0\u1edbng t\u1edbi \u0111\u00e0o t\u1ea1o: \u2460 ki\u1ebfn th\u1ee9c c\u01a1 b\u1ea3n v\u1ec1 thi\u1ebft k\u1ebf v\u00e0 ch\u1ebf t\u1ea1o m\u00e1y, \u2461 thi\u1ebft k\u1ebf v\u00e0 t\u1ea1o b\u1ea3n v\u1ebd s\u1eed d\u1ee5ng m\u00e1y t\u00ednh, \u2462 ki\u1ebfn th\u1ee9c c\u01a1 b\u1ea3n v\u1ec1 vi\u1ec7c s\u1eed d\u1ee5ng c\u00f3 hi\u1ec7u qu\u1ea3 ngu\u1ed3n n\u0103ng l\u01b0\u1ee3ng, v\u00e0 \u2463 k\u1ef9 thu\u1eadt v\u1ec1 \u0111i\u1ec1u khi\u1ec3n t\u1ef1 \u0111\u1ed9ng v\u00e0 x\u1eed l\u00fd th\u00f4ng tin. Ngo\u00e0i ra, Khoa c\u0169ng d\u00e0nh nhi\u1ec1u th\u1eddi gian trong ho\u1ea1t \u0111\u1ed9ng thao di\u1ec5n v\u00e0 th\u1ef1c h\u00e0nh \u0111\u1ec3 t\u1eadn d\u1ee5ng c\u00e1c ki\u1ebfn th\u1ee9c \u0111\u00e3 h\u1ecdc h\u1ecfi, c\u0169ng nh\u01b0 th\u1ef1c hi\u1ec7n nghi\u00ean c\u1ee9u \u0111\u1ed3 \u00e1n t\u1ed1t nghi\u1ec7p \u0111\u1ec3 r\u00e8n luy\u1ec7n t\u00ednh s\u00e1ng t\u1ea1o c\u0169ng nh\u01b0 t\u00ednh \u0111\u1ed9c \u0111\u00e1o ri\u00eang.\r\n\r\n<img decoding=\"async\" class=\"img100 aligncenter wp-image-338 size-full\" src=\"https:\/\/www.ube-k.ac.jp\/en\/cms\/wp-content\/uploads\/2015\/06\/mechanical-engineering.jpg\" alt=\"mechanical-engineering\" \/>","protected":false},"excerpt":{"rendered":"<p>Khoa C\u00f4ng ngh\u1ec7 C\u01a1 kh\u00ed chuy\u00ean \u0111\u00e0o t\u1ea1o \u0111\u1ed9i ng\u0169 k\u1ef9 s\u01b0 c\u01a1 kh\u00ed c\u00f3 kh\u1ea3 n\u0103ng th\u1ef1c ti\u1ec5n v\u1ec1 nghi\u00ean c\u1ee9u v\u00e0 ph\u00e1t tri\u1ec3n, t [&hellip;]<\/p>\n","protected":false},"author":1,"featured_media":2285,"parent":67,"menu_order":6,"comment_status":"open","ping_status":"open","template":"","meta":{"footnotes":""},"_links":{"self":[{"href":"https:\/\/www.ube-k.ac.jp\/vi\/wp-json\/wp\/v2\/pages\/70"}],"collection":[{"href":"https:\/\/www.ube-k.ac.jp\/vi\/wp-json\/wp\/v2\/pages"}],"about":[{"href":"https:\/\/www.ube-k.ac.jp\/vi\/wp-json\/wp\/v2\/types\/page"}],"author":[{"embeddable":true,"href":"https:\/\/www.ube-k.ac.jp\/vi\/wp-json\/wp\/v2\/users\/1"}],"replies":[{"embeddable":true,"href":"https:\/\/www.ube-k.ac.jp\/vi\/wp-json\/wp\/v2\/comments?post=70"}],"version-history":[{"count":5,"href":"https:\/\/www.ube-k.ac.jp\/vi\/wp-json\/wp\/v2\/pages\/70\/revisions"}],"predecessor-version":[{"id":2774,"href":"https:\/\/www.ube-k.ac.jp\/vi\/wp-json\/wp\/v2\/pages\/70\/revisions\/2774"}],"up":[{"embeddable":true,"href":"https:\/\/www.ube-k.ac.jp\/vi\/wp-json\/wp\/v2\/pages\/67"}],"wp:featuredmedia":[{"embeddable":true,"href":"https:\/\/www.ube-k.ac.jp\/vi\/wp-json\/wp\/v2\/media\/2285"}],"wp:attachment":[{"href":"https:\/\/www.ube-k.ac.jp\/vi\/wp-json\/wp\/v2\/media?parent=70"}],"curies":[{"name":"wp","href":"https:\/\/api.w.org\/{rel}","templated":true}]}}