{"id":76,"date":"2015-06-15T18:26:04","date_gmt":"2015-06-15T09:26:04","guid":{"rendered":"http:\/\/www.ube-k.ac.jp\/en\/?page_id=76"},"modified":"2022-02-18T14:19:15","modified_gmt":"2022-02-18T05:19:15","slug":"department-of-intelligent-system-engineering","status":"publish","type":"page","link":"https:\/\/www.ube-k.ac.jp\/vi\/departments\/department-of-intelligent-system-engineering\/","title":{"rendered":"Khoa C\u00f4ng ngh\u1ec7 Th\u00f4ng tin \u0110i\u1ec1u khi\u1ec3n"},"content":{"rendered":"<h3>Khoa C\u00f4ng ngh\u1ec7 Th\u00f4ng tin \u0110i\u1ec1u khi\u1ec3n chuy\u00ean \u0111\u00e0o t\u1ea1o \u0111\u1ed9i ng\u0169 k\u1ef9 s\u01b0 c\u00f3 kh\u1ea3 n\u0103ng th\u1ef1c ti\u1ec5n v\u1ec1 t\u1eadn d\u1ee5ng c\u00f4ng ngh\u1ec7 th\u00f4ng tin v\u00e0 truy\u1ec1n th\u00f4ng \u0111\u1ec3 \u0111i\u1ec1u khi\u1ec3n thao t\u00e1c c\u1ee7a robot.<\/h3>\r\nV\u1edbi s\u1ef1 \u0111\u1ed5i m\u1edbi c\u1ee7a c\u00f4ng ngh\u1ec7 c\u00f9ng v\u1edbi vi\u1ec7c th\u00f4ng tin ho\u00e1 trong nh\u1eefng n\u0103m g\u1ea7n \u0111\u00e2y, nh\u1eefng thi\u1ebft b\u1ecb m\u00e1y m\u00f3c chung quanh ta nh\u01b0 \u0111\u1ed3 \u0111i\u1ec7n gia d\u1ee5ng, robot h\u00ecnh ng\u01b0\u1eddi, xe \u00f4t\u00f4 hybrid, v.v&#8230; \u0111\u1ec1u kh\u00f4ng \u00edt th\u00ec nhi\u1ec1u \u0111\u1ec1u c\u00f3 \u0111\u01b0\u1ee3c g\u1eafn nh\u1eefng h\u1ec7 th\u1ed1ng nh\u00fang c\u00f3 g\u1eafn m\u00e1y vi t\u00ednh b\u00ean trong. Nh\u1eefng h\u1ec7 th\u1ed1ng nh\u00fang n\u00e0y kh\u00e1c v\u1edbi h\u1ec7 th\u1ed1ng m\u00e1y vi t\u00ednh th\u00f4ng th\u01b0\u1eddng, ch\u00fang l\u00e0 m\u1ed9t chu\u1ed7i h\u1ec7 th\u1ed1ng \u0111\u01b0\u1ee3c \u0111\u01b0a v\u00e0o \u0111\u1ec3 x\u1eed l\u00fd nh\u1eefng thi\u1ebft b\u1ecb \u0111i\u1ec7n v\u00e0 \u0111i\u1ec7n t\u1eed r\u1ea5t tinh t\u1ebf v\u00e0 ph\u1ee9c t\u1ea1p t\u1eeb \u0111\u00f3 gi\u00fap cho vi\u1ec7c ph\u00e1t tri\u1ec3n v\u00e0 n\u00e2ng cao t\u00ednh n\u0103ng c\u1ee7a m\u00e1y m\u00f3c \u0111\u01b0\u1ee3c gia t\u0103ng \u0111\u1ed9t ph\u00e1 th\u00f4ng qua x\u1eed l\u00fd b\u1eb1ng ph\u1ea7n m\u1ec1m. H\u1ec7 th\u1ed1ng nh\u00fang \u0111\u1ec1u \u0111ang \u0111\u01b0\u1ee3c s\u1eed d\u1ee5ng trong h\u1ea7u h\u1ebft c\u00e1c s\u1ea3n ph\u1ea9m \u0111\u00f2i h\u1ecfi ph\u1ea3i \u0111i\u1ec1u khi\u1ec3n \u0111i\u1ec7n t\u1eed nh\u01b0 thi\u1ebft b\u1ecb gia d\u1ee5ng, thi\u1ebft b\u1ecb c\u00f4ng nghi\u1ec7p, thi\u1ebft b\u1ecb y t\u1ebf, v.v&#8230;<br>\r\n\r\nKhoa C\u00f4ng ngh\u1ec7 Th\u00f4ng tin \u0110i\u1ec1u khi\u1ec3n x\u00e2y d\u1ef1ng ch\u01b0\u01a1ng tr\u00ecnh \u0111\u00e0o t\u1ea1o v\u1ec1 h\u1ec7 th\u1ed1ng nh\u00fang c\u0169ng nh\u01b0 th\u00f4ng qua vi\u1ec7c truy\u1ec1n \u0111\u1ea1t nh\u1eefng ki\u1ebfn th\u1ee9c c\u0103n b\u1ea3n v\u1ec1 ph\u1ea7n m\u1ec1m v\u00e0 ph\u1ea7n c\u1ee9ng \u0111\u1ec3 h\u01b0\u1edbng t\u1edbi vi\u1ec7c \u0111\u00e0o t\u1ea1o \u0111\u1ed9i ng\u0169 k\u1ef9 s\u01b0 c\u00f3 kh\u1ea3 n\u0103ng t\u1eadn d\u1ee5ng c\u00f4ng ngh\u1ec7 th\u00f4ng tin v\u00e0 truy\u1ec1n th\u00f4ng \u0111\u1ec3 \u0111i\u1ec1u khi\u1ec3n.\r\n\r\n<img decoding=\"async\" class=\"img100 aligncenter size-full wp-image-328\" src=\"https:\/\/www.ube-k.ac.jp\/en\/cms\/wp-content\/uploads\/2015\/06\/intelligent-system-engineering.jpg\" alt=\"intelligent-system-engineering\" \/>","protected":false},"excerpt":{"rendered":"<p>Khoa C\u00f4ng ngh\u1ec7 Th\u00f4ng tin \u0110i\u1ec1u khi\u1ec3n chuy\u00ean \u0111\u00e0o t\u1ea1o \u0111\u1ed9i ng\u0169 k\u1ef9 s\u01b0 c\u00f3 kh\u1ea3 n\u0103ng th\u1ef1c ti\u1ec5n v\u1ec1 t\u1eadn d\u1ee5ng c\u00f4ng ngh\u1ec7 t [&hellip;]<\/p>\n","protected":false},"author":1,"featured_media":2261,"parent":67,"menu_order":12,"comment_status":"open","ping_status":"open","template":"","meta":{"footnotes":""},"_links":{"self":[{"href":"https:\/\/www.ube-k.ac.jp\/vi\/wp-json\/wp\/v2\/pages\/76"}],"collection":[{"href":"https:\/\/www.ube-k.ac.jp\/vi\/wp-json\/wp\/v2\/pages"}],"about":[{"href":"https:\/\/www.ube-k.ac.jp\/vi\/wp-json\/wp\/v2\/types\/page"}],"author":[{"embeddable":true,"href":"https:\/\/www.ube-k.ac.jp\/vi\/wp-json\/wp\/v2\/users\/1"}],"replies":[{"embeddable":true,"href":"https:\/\/www.ube-k.ac.jp\/vi\/wp-json\/wp\/v2\/comments?post=76"}],"version-history":[{"count":4,"href":"https:\/\/www.ube-k.ac.jp\/vi\/wp-json\/wp\/v2\/pages\/76\/revisions"}],"predecessor-version":[{"id":2776,"href":"https:\/\/www.ube-k.ac.jp\/vi\/wp-json\/wp\/v2\/pages\/76\/revisions\/2776"}],"up":[{"embeddable":true,"href":"https:\/\/www.ube-k.ac.jp\/vi\/wp-json\/wp\/v2\/pages\/67"}],"wp:featuredmedia":[{"embeddable":true,"href":"https:\/\/www.ube-k.ac.jp\/vi\/wp-json\/wp\/v2\/media\/2261"}],"wp:attachment":[{"href":"https:\/\/www.ube-k.ac.jp\/vi\/wp-json\/wp\/v2\/media?parent=76"}],"curies":[{"name":"wp","href":"https:\/\/api.w.org\/{rel}","templated":true}]}}