{"id":78,"date":"2015-06-15T18:27:53","date_gmt":"2015-06-15T09:27:53","guid":{"rendered":"http:\/\/www.ube-k.ac.jp\/en\/?page_id=78"},"modified":"2022-02-18T14:19:43","modified_gmt":"2022-02-18T05:19:43","slug":"department-of-chemical-and-biological-engineering","status":"publish","type":"page","link":"https:\/\/www.ube-k.ac.jp\/vi\/departments\/department-of-chemical-and-biological-engineering\/","title":{"rendered":"Khoa C\u00f4ng ngh\u1ec7 V\u1eadt li\u1ec7u"},"content":{"rendered":"<h3>Khoa C\u00f4ng ngh\u1ec7 V\u1eadt li\u1ec7u chuy\u00ean \u0111\u00e0o t\u1ea1o \u0111\u1ed9i ng\u0169 k\u1ef9 s\u01b0 c\u00f3 kh\u1ea3 n\u0103ng th\u1ef1c ti\u1ec5n v\u1ec1 khai th\u00e1c, s\u1ea3n xu\u1ea5t trong ng\u00e0nh c\u00f4ng nghi\u1ec7p ho\u00e1 h\u1ecdc v\u00e0 sinh h\u1ecdc.<\/h3>\r\nC\u00e1c v\u1eadt ch\u1ea5t t\u1ea1o n\u00ean v\u0169 tr\u1ee5 v\u00e0 tr\u00e1i \u0111\u1ea5t c\u0169ng \u0111\u1ed3ng th\u1eddi t\u1ea1o n\u00ean s\u1ef1 s\u1ed1ng th\u00f4ng qua vi\u1ec7c thay \u0111\u1ed5i h\u00ecnh d\u1ea1ng c\u1ee7a ch\u00fang. Con ng\u01b0\u1eddi \u0111\u00e3 k\u1ebft h\u1ee3p c\u00e1c ch\u1ea5t c\u01a1 b\u1ea3n \u0111\u1ec3 t\u1ea1o ra nh\u1eefng s\u1ea3n ph\u1ea9m c\u1ea7n thi\u1ebft trong cu\u1ed9c s\u1ed1ng v\u00e0 s\u1ea3n xu\u1ea5t, t\u1eeb \u0111\u00f3 \u0111\u00e3 x\u00e2y d\u1ef1ng m\u1ed9t x\u00e3 h\u1ed9i ph\u1ed3n vinh nh\u01b0 hi\u1ec7n nay.<br>\r\nKhoa C\u00f4ng ngh\u1ec7 V\u1eadt li\u1ec7u h\u01b0\u1edbng t\u1edbi \u0111\u00e0o t\u1ea1o \u0111\u1ed9i ng\u0169 k\u1ef9 s\u01b0 c\u00f3 th\u1ec3 l\u00e0m s\u00e1ng t\u1ecf t\u00ednh ch\u1ea5t v\u00e0 t\u00ednh n\u0103ng c\u1ee7a v\u1eadt ch\u1ea5t \u1edf c\u1ea5p \u0111\u1ed9 nguy\u00ean t\u1eed v\u00e0 ph\u00e2n t\u1eed \u0111\u1ec3 t\u1eeb \u0111\u00f3 c\u00f3 th\u1ec3 thi\u1ebft k\u1ebf nh\u1eefng v\u1eadt ch\u1ea5t m\u1edbi b\u1eb1ng c\u00e1ch k\u1ebft h\u1ee3p c\u00e1c nguy\u00ean t\u1eed v\u00e0 ph\u00e2n t\u1eed \u0111\u00f3 v\u00e0 tham gia v\u00e0o c\u00e1c ho\u1ea1t \u0111\u1ed9ng s\u1ea3n xu\u1ea5t nh\u1eefng s\u1ea3n ph\u1ea9m c\u00f3 \u00edch cho cu\u1ed9c s\u1ed1ng v\u00e0 x\u00e3 h\u1ed9i c\u00f4ng nghi\u1ec7p, c\u0169ng nh\u01b0 \u0111\u1ed9i ng\u0169 k\u1ef9 s\u01b0 bi\u1ebft s\u1eed d\u1ee5ng hi\u1ec7u qu\u1ea3 ngu\u1ed3n n\u0103ng l\u01b0\u1ee3ng, ngu\u1ed3n t\u00e0i nguy\u00ean v\u00e0 bi\u1ebft b\u1ea3o v\u1ec7 m\u00f4i tr\u01b0\u1eddng.<br>\r\nKhoa s\u1ebd \u0111\u00e0o t\u1ea1o c\u1ee5 th\u1ec3 k\u1ef9 s\u01b0 h\u00f3a h\u1ecdc li\u00ean quan \u0111\u1ebfn vi\u1ec7c thi\u1ebft k\u1ebf v\u00e0 s\u1ea3n xu\u1ea5t h\u00f3a ch\u1ea5t v\u00e0 c\u00e1c v\u1eadt li\u1ec7u (s\u1ee3i, nh\u1ef1a, ch\u1ea5t b\u00e1n d\u1eabn, vv), c\u0169ng nh\u01b0 \u0111\u00e0o t\u1ea1o \u0111\u1ed9i ng\u0169 k\u1ef9 s\u01b0 c\u00f4ng ngh\u1ec7 sinh h\u1ecdc li\u00ean quan \u0111\u1ebfn ki\u1ec3m tra v\u00e0 s\u1ea3n xu\u1ea5t c\u00e1c s\u1ea3n ph\u1ea9m th\u1ef1c ph\u1ea9m, d\u01b0\u1ee3c ph\u1ea9m c\u00f3 s\u1eed d\u1ee5ng c\u00f4ng ngh\u1ec7 sinh h\u1ecdc.\r\n\r\n<img decoding=\"async\" class=\"img100 aligncenter size-full wp-image-330\" src=\"https:\/\/www.ube-k.ac.jp\/en\/cms\/wp-content\/uploads\/2015\/06\/chemical-and-biological-engineering.jpg\" alt=\"chemical-and-biological-engineering\" \/>","protected":false},"excerpt":{"rendered":"<p>Khoa C\u00f4ng ngh\u1ec7 V\u1eadt li\u1ec7u chuy\u00ean \u0111\u00e0o t\u1ea1o \u0111\u1ed9i ng\u0169 k\u1ef9 s\u01b0 c\u00f3 kh\u1ea3 n\u0103ng th\u1ef1c ti\u1ec5n v\u1ec1 khai th\u00e1c, s\u1ea3n xu\u1ea5t trong ng\u00e0nh  [&hellip;]<\/p>\n","protected":false},"author":1,"featured_media":2249,"parent":67,"menu_order":13,"comment_status":"open","ping_status":"open","template":"","meta":{"footnotes":""},"_links":{"self":[{"href":"https:\/\/www.ube-k.ac.jp\/vi\/wp-json\/wp\/v2\/pages\/78"}],"collection":[{"href":"https:\/\/www.ube-k.ac.jp\/vi\/wp-json\/wp\/v2\/pages"}],"about":[{"href":"https:\/\/www.ube-k.ac.jp\/vi\/wp-json\/wp\/v2\/types\/page"}],"author":[{"embeddable":true,"href":"https:\/\/www.ube-k.ac.jp\/vi\/wp-json\/wp\/v2\/users\/1"}],"replies":[{"embeddable":true,"href":"https:\/\/www.ube-k.ac.jp\/vi\/wp-json\/wp\/v2\/comments?post=78"}],"version-history":[{"count":4,"href":"https:\/\/www.ube-k.ac.jp\/vi\/wp-json\/wp\/v2\/pages\/78\/revisions"}],"predecessor-version":[{"id":2777,"href":"https:\/\/www.ube-k.ac.jp\/vi\/wp-json\/wp\/v2\/pages\/78\/revisions\/2777"}],"up":[{"embeddable":true,"href":"https:\/\/www.ube-k.ac.jp\/vi\/wp-json\/wp\/v2\/pages\/67"}],"wp:featuredmedia":[{"embeddable":true,"href":"https:\/\/www.ube-k.ac.jp\/vi\/wp-json\/wp\/v2\/media\/2249"}],"wp:attachment":[{"href":"https:\/\/www.ube-k.ac.jp\/vi\/wp-json\/wp\/v2\/media?parent=78"}],"curies":[{"name":"wp","href":"https:\/\/api.w.org\/{rel}","templated":true}]}}