{"id":81,"date":"2015-06-15T18:29:15","date_gmt":"2015-06-15T09:29:15","guid":{"rendered":"http:\/\/www.ube-k.ac.jp\/en\/?page_id=81"},"modified":"2022-02-18T14:20:03","modified_gmt":"2022-02-18T05:20:03","slug":"department-of-business-administration","status":"publish","type":"page","link":"https:\/\/www.ube-k.ac.jp\/vi\/departments\/department-of-business-administration\/","title":{"rendered":"Khoa Th\u00f4ng tin Kinh doanh"},"content":{"rendered":"<h3>Khoa Th\u00f4ng tin Kinh doanh chuy\u00ean \u0111\u00e0o t\u1ea1o \u0111\u1ed9i ng\u0169 &#8220;k\u1ef9 s\u01b0 kinh doanh&#8221; c\u00f3 k\u1ef9 thu\u1eadt v\u00e0 ki\u1ebfn th\u1ee9c th\u1ef1c ti\u1ec5n \u0111\u1ec3 c\u00f3 th\u1ec3 \u0111\u00e1p \u1ee9ng \u0111\u01b0\u1ee3c v\u1edbi s\u1ef1 ph\u00e1t tri\u1ec3n c\u1ee7a x\u00e3 h\u1ed9i kinh t\u1ebf v\u00e0 c\u00f4ng ngh\u1ec7 th\u00f4ng tin.<\/h3>\r\nKhoa Th\u00f4ng tin Kinh doanh h\u01b0\u1edbng t\u1edbi vi\u1ec7c \u0111\u00e0o t\u1ea1o \u0111\u1ed9i ng\u0169 &#8220;k\u1ef9 s\u01b0 kinh doanh&#8221; c\u00f3 n\u0103ng l\u1ef1c th\u1ef1c ti\u1ec5n \u0111\u1ec3 c\u00f3 th\u1ec3 \u0111\u00e1p \u1ee9ng \u0111\u01b0\u1ee3c v\u1edbi s\u1ef1 thay \u0111\u1ed5i trong x\u00e3 h\u1ed9i nh\u01b0 m\u00f4i tr\u01b0\u1eddng kinh doanh, s\u1ef1 ph\u00e1t tri\u1ec3n c\u1ee7a c\u00f4ng ngh\u1ec7 th\u00f4ng tin, s\u1ef1 to\u00e0n c\u1ea7u ho\u00e1 c\u1ee7a n\u1ec1n kinh t\u1ebf, v.v&#8230;<br>\r\n\r\nN\u1ed9i dung \u0111\u00e0o t\u1ea1o c\u1ee7a Khoa Th\u00f4ng tin Kinh doanh \u0111\u01b0\u1ee3c chia l\u00e0m 4 ph\u1ea7n g\u1ed3m &#8220;ki\u1ebfn th\u1ee9c qu\u1ea3n l\u00fd kinh doanh&#8221;, &#8220;c\u00f4ng ngh\u1ec7 x\u1eed l\u00fd th\u00f4ng tin&#8221;, &#8220;k\u1ef9 n\u0103ng x\u00e2y d\u1ef1ng m\u00f4 h\u00ecnh to\u00e1n h\u1ecdc&#8221; v\u00e0 &#8220;ki\u1ebfn th\u1ee9c qu\u1ed1c t\u1ebf h\u00f3a&#8221;. H\u1ecdc vi\u00ean t\u1eeb n\u0103m th\u1ee9 nh\u1ea5t \u0111\u1ebfn n\u0103m th\u1ee9 3 s\u1ebd \u0111\u01b0\u1ee3c \u0111\u00e0o t\u1ea1o ki\u1ebfn th\u1ee9c c\u01a1 b\u1ea3n li\u00ean quan \u0111\u1ebfn qu\u1ea3n l\u00fd kinh doanh v\u00e0 k\u1ef9 n\u0103ng x\u1eed l\u00fd th\u00f4ng tin. Nh\u1eefng ki\u1ebfn th\u1ee9c n\u00e0y s\u1ebd l\u00e0m n\u1ec1n t\u1ea3ng \u0111\u1ec3 sang n\u0103m th\u1ee9 4 v\u00e0 n\u0103m th\u1ee9 5, h\u1ecdc vi\u00ean s\u1ebd \u0111\u01b0\u1ee3c \u0111\u00e0o t\u1ea1o ki\u1ebfn th\u1ee9c chuy\u00ean m\u00f4n nh\u01b0 c\u00e1c m\u00f4n th\u1ef1c h\u00e0nh v\u1ec1 c\u00f4ng ngh\u1ec7 kinh doanh, thi\u1ebft k\u1ebf h\u1ec7 th\u1ed1ng, v.v&#8230;\u0111\u1ec3 c\u00f3 th\u1ec3 t\u1ed5ng h\u1ee3p ki\u1ebfn th\u1ee9c c\u1ee7a th\u00f4ng tin qu\u1ea3n l\u00fd v\u00e0 m\u00f4 h\u00ecnh to\u00e1n h\u1ecdc. Khoa c\u0169ng n\u1ed7 l\u1ef1c trong vi\u1ec7c gi\u00e1o d\u1ee5c ngo\u1ea1i ng\u1eef trong ch\u01b0\u01a1ng tr\u00ecnh xuy\u00ean su\u1ed1t 5 n\u0103m \u0111\u1ec3 th\u00edch \u1ee9ng v\u1edbi th\u1eddi \u0111\u1ea1i to\u00e0n c\u1ea7u h\u00f3a.\r\n\r\n<img decoding=\"async\" class=\"img100 aligncenter size-full wp-image-332\" src=\"https:\/\/www.ube-k.ac.jp\/en\/cms\/wp-content\/uploads\/2015\/06\/business-administration.jpg\" alt=\"business-administration\" \/>","protected":false},"excerpt":{"rendered":"<p>Khoa Th\u00f4ng tin Kinh doanh chuy\u00ean \u0111\u00e0o t\u1ea1o \u0111\u1ed9i ng\u0169 &#8220;k\u1ef9 s\u01b0 kinh doanh&#8221; c\u00f3 k\u1ef9 thu\u1eadt v\u00e0 ki\u1ebfn th\u1ee9c th\u1ef1c  [&hellip;]<\/p>\n","protected":false},"author":1,"featured_media":2284,"parent":67,"menu_order":14,"comment_status":"open","ping_status":"open","template":"","meta":{"footnotes":""},"_links":{"self":[{"href":"https:\/\/www.ube-k.ac.jp\/vi\/wp-json\/wp\/v2\/pages\/81"}],"collection":[{"href":"https:\/\/www.ube-k.ac.jp\/vi\/wp-json\/wp\/v2\/pages"}],"about":[{"href":"https:\/\/www.ube-k.ac.jp\/vi\/wp-json\/wp\/v2\/types\/page"}],"author":[{"embeddable":true,"href":"https:\/\/www.ube-k.ac.jp\/vi\/wp-json\/wp\/v2\/users\/1"}],"replies":[{"embeddable":true,"href":"https:\/\/www.ube-k.ac.jp\/vi\/wp-json\/wp\/v2\/comments?post=81"}],"version-history":[{"count":4,"href":"https:\/\/www.ube-k.ac.jp\/vi\/wp-json\/wp\/v2\/pages\/81\/revisions"}],"predecessor-version":[{"id":2778,"href":"https:\/\/www.ube-k.ac.jp\/vi\/wp-json\/wp\/v2\/pages\/81\/revisions\/2778"}],"up":[{"embeddable":true,"href":"https:\/\/www.ube-k.ac.jp\/vi\/wp-json\/wp\/v2\/pages\/67"}],"wp:featuredmedia":[{"embeddable":true,"href":"https:\/\/www.ube-k.ac.jp\/vi\/wp-json\/wp\/v2\/media\/2284"}],"wp:attachment":[{"href":"https:\/\/www.ube-k.ac.jp\/vi\/wp-json\/wp\/v2\/media?parent=81"}],"curies":[{"name":"wp","href":"https:\/\/api.w.org\/{rel}","templated":true}]}}