{"id":84,"date":"2015-06-15T18:31:35","date_gmt":"2015-06-15T09:31:35","guid":{"rendered":"http:\/\/www.ube-k.ac.jp\/en\/?page_id=84"},"modified":"2022-02-18T14:21:05","modified_gmt":"2022-02-18T05:21:05","slug":"general-education","status":"publish","type":"page","link":"https:\/\/www.ube-k.ac.jp\/vi\/departments\/general-education\/","title":{"rendered":"Khoa Gi\u00e1o d\u1ee5c \u0110\u1ea1i c\u01b0\u01a1ng"},"content":{"rendered":"<h3>Khoa Gi\u00e1o d\u1ee5c \u0110\u1ea1i c\u01b0\u01a1ng h\u01b0\u1edbng t\u1edbi \u0111\u00e0o t\u1ea1o ngu\u1ed3n nh\u00e2n l\u1ef1c c\u00f3 ki\u1ebfn th\u1ee9c v\u1eefng ch\u1eafc v\u00e0 v\u0103n ho\u00e1 phong ph\u00fa \u0111\u1ec3 c\u00f3 th\u1ec3 \u0111\u00e1p \u1ee9ng \u0111\u01b0\u1ee3c v\u1edbi x\u00e3 h\u1ed9i to\u00e0n c\u1ea7u.<\/h3>\r\nC\u00e1c m\u00f4n gi\u00e1o d\u1ee5c \u0111\u1ea1i c\u01b0\u01a1ng s\u1ebd \u0111\u01b0\u1ee3c \u0111\u00e0o t\u1ea1o chung t\u1ea1i t\u1ea5t c\u1ea3 c\u00e1c khoa bao g\u1ed3m c\u00e1c m\u00f4n thu\u1ed9c khoa h\u1ecdc nh\u00e2n v\u0103n nh\u01b0 qu\u1ed1c ng\u1eef (ti\u1ebfng Nh\u1eadt), ti\u1ebfng Anh, x\u00e3 h\u1ed9i, v.v.. v\u00e0 c\u00e1c m\u00f4n khoa h\u1ecdc t\u1ef1 nhi\u00ean nh\u01b0 to\u00e1n h\u1ecdc v\u00e0 v\u1eadt l\u00fd, v.v.. C\u00e1c m\u00f4n h\u1ecdc v\u1ec1 khoa h\u1ecdc nh\u00e2n v\u0103n s\u1ebd l\u00e0 n\u1ec1n t\u1ea3ng c\u0103n b\u1ea3n \u0111\u1ec3 tuy duy v\u1ec1 &#8220;con ng\u01b0\u1eddi l\u00e0 g\u00ec?&#8221; c\u0169ng nh\u01b0 nh\u1eadn bi\u1ebft v\u1ec1 c\u01a1 c\u1ea5u x\u00e3 h\u1ed9i. C\u00e1c m\u00f4n h\u1ecdc v\u1ec1 khoa h\u1ecdc t\u1ef1 nhi\u00ean gi\u00fap h\u1ecdc vi\u00ean bi\u1ebft \u0111\u01b0\u1ee3c k\u1ef9 n\u0103ng tuy duy c\u00f3 logic \u0111\u1ec3 c\u00f3 \u0111\u01b0\u1ee3c nh\u1eefng ki\u1ebfn th\u1ee9c c\u0103n b\u1ea3n \u0111\u1ec3 ti\u1ebfp thu nh\u1eefng m\u00f4n chuy\u00ean ng\u00e0nh t\u1ea1i c\u00e1c khoa chuy\u00ean m\u00f4n trong t\u01b0\u01a1ng lai.<br>\r\n\r\nTrong ch\u01b0\u01a1ng tr\u00ecnh gi\u1ea3ng d\u1ea1y c\u1ee7a nh\u00e0 tr\u01b0\u1eddng, v\u1edbi \u0111\u1eb7c tr\u01b0ng m\u00f4 h\u00ecnh gi\u00e1o d\u1ee5c xuy\u00ean su\u1ed1t 5 n\u0103m li\u00ean t\u1ee5c, th\u1eddi kho\u00e1 bi\u1ec3u \u0111\u01b0\u1ee3c x\u00e2y d\u1ef1ng theo m\u00f4 h\u00ecnh &#8220;h\u00ecnh n\u00eam&#8221; v\u1edbi h\u01b0\u1edbng ti\u1ebfp c\u1eadn l\u00e0 c\u00e1c h\u1ecdc vi\u00ean l\u1edbp th\u1ea5p s\u1ebd h\u1ecdc nhi\u1ec1u m\u00f4n gi\u00e1o d\u1ee5c \u0111\u1ea1i c\u01b0\u01a1ng v\u00e0 c\u00e1c h\u1ecdc vi\u00ean l\u1edbp cao s\u1ebd h\u1ecdc nhi\u1ec1u m\u00f4n chuy\u00ean ng\u00e0nh.<br>\r\n\r\nTh\u00f4ng qua qu\u00e1 tr\u00ecnh h\u1ecdc t\u1eadp c\u00e1c m\u00f4n h\u1ecdc gi\u00e1o d\u1ee5c \u0111\u1ea1i c\u01b0\u01a1ng li\u00ean quan \u0111\u1ebfn c\u1ea3 hai l\u0129nh v\u1ef1c khoa h\u1ecdc nh\u00e2n v\u0103n v\u00e0 t\u1ef1 nhi\u00ean, nh\u00e0 tr\u01b0\u1eddng h\u01b0\u1edbng t\u1edbi \u0111\u00e0o t\u1ea1o \u0111\u1ed9i ng\u0169 k\u1ef9 s\u01b0 v\u1eeba c\u00f3 t\u00ednh nh\u00e2n v\u0103n phong ph\u00fa v\u1eeba c\u00f3 \u0111\u01b0\u1ee3c m\u1ed9t tinh th\u1ea7n c\u1ee9ng r\u1eafn v\u00e0 \u00f3c s\u00e1ng t\u1ea1o.<br>\r\n\r\n<img decoding=\"async\" class=\"img100 aligncenter size-full wp-image-334\" src=\"https:\/\/www.ube-k.ac.jp\/en\/cms\/wp-content\/uploads\/2015\/06\/general-education.jpg\" alt=\"general-education\" \/>","protected":false},"excerpt":{"rendered":"<p>Khoa Gi\u00e1o d\u1ee5c \u0110\u1ea1i c\u01b0\u01a1ng h\u01b0\u1edbng t\u1edbi \u0111\u00e0o t\u1ea1o ngu\u1ed3n nh\u00e2n l\u1ef1c c\u00f3 ki\u1ebfn th\u1ee9c v\u1eefng ch\u1eafc v\u00e0 v\u0103n ho\u00e1 phong ph\u00fa \u0111\u1ec3 c\u00f3 th\u1ec3 [&hellip;]<\/p>\n","protected":false},"author":1,"featured_media":2274,"parent":67,"menu_order":17,"comment_status":"open","ping_status":"open","template":"","meta":{"footnotes":""},"_links":{"self":[{"href":"https:\/\/www.ube-k.ac.jp\/vi\/wp-json\/wp\/v2\/pages\/84"}],"collection":[{"href":"https:\/\/www.ube-k.ac.jp\/vi\/wp-json\/wp\/v2\/pages"}],"about":[{"href":"https:\/\/www.ube-k.ac.jp\/vi\/wp-json\/wp\/v2\/types\/page"}],"author":[{"embeddable":true,"href":"https:\/\/www.ube-k.ac.jp\/vi\/wp-json\/wp\/v2\/users\/1"}],"replies":[{"embeddable":true,"href":"https:\/\/www.ube-k.ac.jp\/vi\/wp-json\/wp\/v2\/comments?post=84"}],"version-history":[{"count":4,"href":"https:\/\/www.ube-k.ac.jp\/vi\/wp-json\/wp\/v2\/pages\/84\/revisions"}],"predecessor-version":[{"id":2779,"href":"https:\/\/www.ube-k.ac.jp\/vi\/wp-json\/wp\/v2\/pages\/84\/revisions\/2779"}],"up":[{"embeddable":true,"href":"https:\/\/www.ube-k.ac.jp\/vi\/wp-json\/wp\/v2\/pages\/67"}],"wp:featuredmedia":[{"embeddable":true,"href":"https:\/\/www.ube-k.ac.jp\/vi\/wp-json\/wp\/v2\/media\/2274"}],"wp:attachment":[{"href":"https:\/\/www.ube-k.ac.jp\/vi\/wp-json\/wp\/v2\/media?parent=84"}],"curies":[{"name":"wp","href":"https:\/\/api.w.org\/{rel}","templated":true}]}}