{"id":86,"date":"2015-06-15T18:37:41","date_gmt":"2015-06-15T09:37:41","guid":{"rendered":"http:\/\/www.ube-k.ac.jp\/en\/?page_id=86"},"modified":"2022-02-18T14:20:31","modified_gmt":"2022-02-18T05:20:31","slug":"advanced-course","status":"publish","type":"page","link":"https:\/\/www.ube-k.ac.jp\/vi\/departments\/advanced-course\/","title":{"rendered":"Ch\u01b0\u01a1ng Tr\u00ecnh H\u1ecdc N\u00e2ng Cao"},"content":{"rendered":"<h3>Ch\u01b0\u01a1ng tr\u00ecnh h\u1ecdc n\u00e2ng cao h\u01b0\u1edbng t\u1edbi \u0111\u00e0o t\u1ea1o \u0111\u1ed9i ng\u0169 k\u1ef9 s\u01b0, nghi\u00ean c\u1ee9u vi\u00ean c\u00f3 ki\u1ebfn th\u1ee9c v\u00e0 k\u1ef9 thu\u1eadt \u1edf t\u1ea7m cao v\u00e0 s\u00e2u r\u1ed9ng h\u01a1n.<\/h3>\r\nCh\u01b0\u01a1ng tr\u00ecnh h\u1ecdc n\u00e2ng cao \u0111\u01b0\u1ee3c th\u00e0nh l\u1eadp v\u1edbi m\u1ee5c \u0111\u00edch l\u1ea5y ch\u01b0\u01a1ng tr\u00ecnh gi\u00e1o d\u1ee5c 5 n\u0103m c\u1ee7a h\u1ec7 th\u1ed1ng tr\u01b0\u1eddng cao \u0111\u1eb3ng chuy\u00ean nghi\u1ec7p &#8220;<em>gi\u00e1o d\u1ee5c ki\u1ebfn th\u1ee9c chuy\u00ean s\u00e2u v\u00e0 \u0111\u00e0o t\u1ea1o k\u1ef9 n\u0103ng c\u1ea7n thi\u1ebft cho ngh\u1ec1 nghi\u1ec7p<\/em>&#8221; l\u00e0m n\u1ec1n t\u1ea3ng, \u0111\u1ec3 &#8220;<em>th\u00f4ng qua vi\u1ec7c nghi\u00ean c\u1ee9u v\u00e0 gi\u00e1o d\u1ee5c nh\u1eefng ki\u1ebfn th\u1ee9c, k\u1ef9 thu\u1eadt chuy\u00ean s\u00e2u li\u00ean quan \u0111\u1ebfn c\u00f4ng nghi\u1ec7p t\u1eeb \u0111\u00f3 h\u01b0\u1edbng t\u1edbi \u0111\u00e0o t\u1ea1o ngu\u1ed3n nh\u00e2n l\u1ef1c c\u00f3 th\u1ec3 c\u1ed1ng hi\u1ebfn s\u00e2u r\u1ed9ng cho s\u1ef1 ph\u00e1t tri\u1ec3n c\u1ee7a n\u1ec1n kinh t\u1ebf.<\/em>&#8220;<br>\r\n\r\nCh\u01b0\u01a1ng tr\u00ecnh h\u1ecdc n\u00e2ng cao c\u1ee7a nh\u00e0 tr\u01b0\u1eddng c\u00f3 ba chuy\u00ean khoa n\u00e2ng cao. Ch\u01b0\u01a1ng tr\u00ecnh h\u1ecdc n\u00e2ng cao \u0111\u1eb7t ph\u01b0\u01a1ng ch\u00e2m gi\u00e1o d\u1ee5c kh\u00f4ng ch\u1ec9 \u0111\u00e0o t\u1ea1o \u0111\u1ed9i ng\u0169 k\u1ef9 s\u01b0 c\u00f3 ki\u1ebfn th\u1ee9c v\u00e0 k\u1ef9 thu\u1eadt chuy\u00ean m\u00f4n s\u00e2u m\u00e0 c\u00f2n ph\u1ea3i c\u00f3 \u0111\u01b0\u1ee3c ki\u1ebfn th\u1ee9c v\u00e0 k\u1ef9 n\u0103ng \u0111a d\u1ea1ng c\u0169ng nh\u01b0 c\u00f3 th\u1ec3 \u0111\u00f3ng m\u1ed9t vai tr\u00f2 t\u00edch c\u1ef1c tr\u00ean tr\u01b0\u1eddng qu\u1ed1c t\u1ebf.\r\n<p style=\"text-align: center;\"><img loading=\"lazy\" decoding=\"async\" class=\"img100 aligncenter wp-image-348 size-full\" src=\"http:\/\/www.ube-k.ac.jp\/en\/cms\/wp-content\/uploads\/2015\/06\/advanced-course640-400.jpg\" alt=\"advanced-course640-400\" width=\"640\" height=\"400\" \/><\/p>\r\n\r\n<h3>Khoa n\u00e2ng cao C\u00f4ng ngh\u1ec7 H\u1ec7 th\u1ed1ng S\u1ea3n xu\u1ea5t<\/h3>\r\nKhoa h\u01b0\u1edbng t\u1edbi m\u1ee5c \u0111\u00edch \u0111\u00e0o t\u1ea1o \u0111\u1ed9i ng\u0169 k\u1ef9 s\u01b0 xu\u1ea5t s\u1eafc c\u00f3 ki\u1ebfn th\u1ee9c \u0111\u00e1p \u1ee9ng \u0111\u01b0\u1ee3c v\u1edbi s\u1ef1 ph\u00e1t tri\u1ec3n c\u1ee7a c\u00f4ng ngh\u1ec7 k\u1ef9 thu\u1eadt ti\u00ean ti\u1ebfn v\u00e0 c\u00f3 kh\u1ea3 n\u0103ng ph\u00e2n t\u00edch m\u1ed9t c\u00e1ch s\u00e1ng t\u1ea1o.\r\n\r\nNg\u00e0nh c\u00f4ng nghi\u1ec7p r\u1ea5t c\u1ea7n \u0111\u1ed9i ng\u0169 k\u1ef9 s\u01b0 c\u00f3 th\u1ec3 hi\u1ec3u \u0111\u01b0\u1ee3c ki\u1ebfn th\u1ee9c, k\u1ef9 thu\u1eadt \u0111a l\u0129nh v\u1ef1c nh\u01b0 c\u01a1 kh\u00ed, \u0111i\u1ec7n &#8211; \u0111i\u1ec7n t\u1eed, v\u00e0 c\u00f4ng ngh\u1ec7 th\u00f4ng tin. B\u1eb1ng c\u00e1ch t\u1ea1o c\u01a1 h\u1ed9i cho h\u1ecdc vi\u00ean c\u00f3 th\u1ec3 t\u1ef1 l\u1ef1a ch\u1ecdn c\u00e1c m\u00f4n chuy\u00ean ng\u00e0nh \u0111a d\u1ea1ng, khoa h\u01b0\u1edbng t\u1edbi vi\u1ec7c \u0111\u00e0o t\u1ea1o c\u00e1c k\u1ef9 s\u01b0 v\u1edbi \u0111\u1eb7c tr\u01b0ng c\u00f3 th\u1ec3 t\u01b0 duy linh ho\u1ea1t.\r\n<h3>Khoa n\u00e2ng cao C\u00f4ng ngh\u1ec7 V\u1eadt ch\u1ea5t<\/h3>\r\nKhoa h\u01b0\u1edbng t\u1edbi m\u1ee5c \u0111\u00edch \u0111\u00e0o t\u1ea1o \u0111\u1ed9i ng\u0169 k\u1ef9 s\u01b0 c\u00f3 ki\u1ebfn th\u1ee9c v\u00e0 k\u1ef9 n\u0103ng chuy\u00ean s\u00e2u \u0111\u1ec3 c\u00f3 th\u1ec3 \u0111\u00e1p \u1ee9ng \u0111\u01b0\u1ee3c s\u1ef1 ph\u00e1t tri\u1ec3n c\u1ee7a c\u00e1c c\u00f4ng ngh\u1ec7 chuy\u1ec3n \u0111\u1ed5i ch\u1ea5t, chuy\u1ec3n \u0111\u1ed5i n\u0103ng l\u01b0\u1ee3ng, c\u00f4ng ngh\u1ec7 sinh h\u1ecdc v\u00e0 b\u1ea3o v\u1ec7 m\u00f4i tr\u01b0\u1eddng.<br>\r\n\r\nNg\u00e0nh c\u00f4ng nghi\u1ec7p m\u00e0 ch\u1ee7 y\u1ebfu l\u00e0 c\u00f4ng nghi\u1ec7p h\u00f3a ch\u1ea5t, c\u00f4ng ngh\u1ec7 sinh h\u1ecdc, b\u1ea3o v\u1ec7 m\u00f4i tr\u01b0\u1eddng \u0111ang r\u1ea5t c\u1ea7n \u0111\u1ed9i ng\u0169 k\u1ef9 s\u01b0 c\u00f3 ki\u1ebfn th\u1ee9c chuy\u00ean s\u00e2u c\u00f3 th\u1ec3 ho\u1ea1t \u0111\u1ed9ng trong nhi\u1ec1u l\u0129nh v\u1ef1c chuy\u00ean m\u00f4n kh\u00e1c nhau. Khoa h\u01b0\u1edbng t\u1edbi vi\u1ec7c \u0111\u00e0o t\u1ea1o \u0111\u1ed9i ng\u0169 k\u1ef9 s\u01b0 th\u00f4ng qua vi\u1ec7c l\u0129nh h\u1ed9i c\u00e1c ki\u1ebfn th\u1ee9c chuy\u00ean m\u00f4n nh\u01b0 h\u00f3a h\u1ecdc, sinh h\u1ecdc, v\u1eadt li\u1ec7u, v\u00e0 m\u00f4i tr\u01b0\u1eddng \u0111\u1ec3 t\u1eeb \u0111\u00f3 c\u00f3 th\u1ec3 \u0111\u00e1p \u1ee9ng \u0111\u01b0\u1ee3c nhu c\u1ea7u c\u1ee7a nh\u1eefng l\u0129nh v\u1ef1c \u0111\u00f3 \u0111ang trong th\u1eddi k\u1ef3 ph\u00e1t tri\u1ec3n c\u1ea5p t\u1ed1c.\r\n<h3>Khoa n\u00e2ng cao C\u00f4ng ngh\u1ec7 Th\u00f4ng tin Kinh doanh<\/h3>\r\nKhoa h\u01b0\u1edbng t\u1edbi m\u1ee5c \u0111\u00edch \u0111\u00e0o t\u1ea1o \u0111\u1ed9i ng\u0169 k\u1ef9 s\u01b0 (k\u1ef9 s\u01b0 kinh doanh) c\u00f3 ki\u1ebfn th\u1ee9c v\u00e0 k\u1ef9 thu\u1eadt chuy\u00ean s\u00e2u \u0111\u1ec3 c\u00f3 th\u1ec3 \u0111\u00e1p \u1ee9ng \u0111\u01b0\u1ee3c v\u1edbi s\u1ef1 ph\u00e1t tri\u1ec3n c\u1ee7a x\u00e3 h\u1ed9i kinh t\u1ebf v\u00e0 c\u00f4ng ngh\u1ec7 th\u00f4ng tin.<br>\r\n\r\nNg\u00e0nh c\u00f4ng nghi\u1ec7p trong l\u0129nh v\u1ef1c n\u00e0y c\u00f3 y\u00eau c\u1ea7u r\u1ea5t \u0111a d\u1ea1ng v\u1ec1 \u0111\u1ed9i ng\u0169 k\u1ef9 s\u01b0. \u0110\u1ec3 \u0111\u00e1p \u1ee9ng \u0111\u01b0\u1ee3c t\u00ecnh th\u1ebf n\u00e0y, Khoa t\u1ea1o \u0111i\u1ec1u ki\u1ec7n cho h\u1ecdc vi\u00ean c\u00f3 th\u1ec3 h\u1ecdc \u0111\u01b0\u1ee3c nh\u1eefng l\u0129nh v\u1ef1c chuy\u00ean m\u00f4n nh\u01b0 kinh doanh, th\u00f4ng tin v\u00e0 to\u00e1n h\u1ecdc theo nguy\u1ec7n v\u1ecdng c\u1ee7a m\u00ecnh \u0111\u1ec3 h\u01b0\u1edbng t\u1edbi vi\u1ec7c \u0111\u00e0o t\u1ea1o \u0111\u1ed9i ng\u0169 k\u1ef9 s\u01b0 c\u00f3 \u0111\u01b0\u1ee3c ki\u1ebfn th\u1ee9c v\u00e0 k\u1ef9 n\u0103ng \u0111a d\u1ea1ng v\u00e0 phong ph\u00fa.","protected":false},"excerpt":{"rendered":"<p>Ch\u01b0\u01a1ng tr\u00ecnh h\u1ecdc n\u00e2ng cao h\u01b0\u1edbng t\u1edbi \u0111\u00e0o t\u1ea1o \u0111\u1ed9i ng\u0169 k\u1ef9 s\u01b0, nghi\u00ean c\u1ee9u vi\u00ean c\u00f3 ki\u1ebfn th\u1ee9c v\u00e0 k\u1ef9 thu\u1eadt \u1edf t\u1ea7m cao  [&hellip;]<\/p>\n","protected":false},"author":1,"featured_media":2311,"parent":67,"menu_order":16,"comment_status":"open","ping_status":"open","template":"","meta":{"footnotes":""},"_links":{"self":[{"href":"https:\/\/www.ube-k.ac.jp\/vi\/wp-json\/wp\/v2\/pages\/86"}],"collection":[{"href":"https:\/\/www.ube-k.ac.jp\/vi\/wp-json\/wp\/v2\/pages"}],"about":[{"href":"https:\/\/www.ube-k.ac.jp\/vi\/wp-json\/wp\/v2\/types\/page"}],"author":[{"embeddable":true,"href":"https:\/\/www.ube-k.ac.jp\/vi\/wp-json\/wp\/v2\/users\/1"}],"replies":[{"embeddable":true,"href":"https:\/\/www.ube-k.ac.jp\/vi\/wp-json\/wp\/v2\/comments?post=86"}],"version-history":[{"count":2,"href":"https:\/\/www.ube-k.ac.jp\/vi\/wp-json\/wp\/v2\/pages\/86\/revisions"}],"predecessor-version":[{"id":2391,"href":"https:\/\/www.ube-k.ac.jp\/vi\/wp-json\/wp\/v2\/pages\/86\/revisions\/2391"}],"up":[{"embeddable":true,"href":"https:\/\/www.ube-k.ac.jp\/vi\/wp-json\/wp\/v2\/pages\/67"}],"wp:featuredmedia":[{"embeddable":true,"href":"https:\/\/www.ube-k.ac.jp\/vi\/wp-json\/wp\/v2\/media\/2311"}],"wp:attachment":[{"href":"https:\/\/www.ube-k.ac.jp\/vi\/wp-json\/wp\/v2\/media?parent=86"}],"curies":[{"name":"wp","href":"https:\/\/api.w.org\/{rel}","templated":true}]}}