{"id":91,"date":"2015-06-15T18:43:08","date_gmt":"2015-06-15T09:43:08","guid":{"rendered":"http:\/\/www.ube-k.ac.jp\/en\/?page_id=91"},"modified":"2022-02-18T14:23:32","modified_gmt":"2022-02-18T05:23:32","slug":"library","status":"publish","type":"page","link":"https:\/\/www.ube-k.ac.jp\/vi\/facilities\/library\/","title":{"rendered":"Th\u01b0 Vi\u1ec7n"},"content":{"rendered":"<img loading=\"lazy\" decoding=\"async\" class=\"img_sp alignleft size-full wp-image-181\" src=\"https:\/\/www.ube-k.ac.jp\/en\/cms\/wp-content\/uploads\/2015\/06\/library-1b.jpg\" alt=\"library-1b\" width=\"250\" height=\"180\" \/>\r\n\r\nTh\u01b0 vi\u1ec7n c\u1ee7a Tr\u01b0\u1eddng Ube Kosen thu\u1ed9c nh\u00f3m nh\u1eefng tr\u01b0\u1eddng c\u00f3 nhi\u1ec1u s\u00e1ch nh\u1ea5t trong h\u1ec7 th\u1ed1ng tr\u01b0\u1eddng Kosen tr\u00ean to\u00e0n qu\u1ed1c v\u1edbi kho\u1ea3ng 130.000 quy\u1ec3n s\u00e1ch v\u00e0 t\u1ea1p ch\u00ed. Ph\u00f2ng \u0111\u1ecdc s\u00e1ch v\u1edbi kh\u00f4ng gian h\u1ecdc t\u1eadp v\u00e0 kh\u00f4ng gian xem DVD \u0111\u00f3ng vai tr\u00f2 nh\u01b0 m\u1ed9t trung t\u00e2m h\u1ecdc t\u1eadp v\u00e0 th\u00f4ng tin t\u1ed5ng qu\u00e1t h\u1ed7 tr\u1ee3 cho c\u00e1c ho\u1ea1t \u0111\u1ed9ng gi\u00e1o d\u1ee5c v\u00e0 nghi\u00ean c\u1ee9u. Th\u01b0 vi\u1ec7n c\u0169ng t\u00edch c\u1ef1c m\u1edf c\u1eeda v\u00e0o ban t\u1ed1i ho\u1eb7c v\u00e0o th\u1ee9 b\u1ea3y v\u00e0 ch\u1ee7 nh\u1eadt, c\u0169ng nh\u01b0 m\u1edf c\u1eeda cho c\u1ea3 ng\u01b0\u1eddi d\u00e2n \u0111\u1ecba ph\u01b0\u01a1ng.\r\n\r\n<p class='cl'><\/p>","protected":false},"excerpt":{"rendered":"<p>Th\u01b0 vi\u1ec7n c\u1ee7a Tr\u01b0\u1eddng Ube Kosen thu\u1ed9c nh\u00f3m nh\u1eefng tr\u01b0\u1eddng c\u00f3 nhi\u1ec1u s\u00e1ch nh\u1ea5t trong h\u1ec7 th\u1ed1ng tr\u01b0\u1eddng Kosen tr\u00ean to\u00e0n [&hellip;]<\/p>\n","protected":false},"author":1,"featured_media":2234,"parent":88,"menu_order":19,"comment_status":"open","ping_status":"open","template":"","meta":{"footnotes":""},"_links":{"self":[{"href":"https:\/\/www.ube-k.ac.jp\/vi\/wp-json\/wp\/v2\/pages\/91"}],"collection":[{"href":"https:\/\/www.ube-k.ac.jp\/vi\/wp-json\/wp\/v2\/pages"}],"about":[{"href":"https:\/\/www.ube-k.ac.jp\/vi\/wp-json\/wp\/v2\/types\/page"}],"author":[{"embeddable":true,"href":"https:\/\/www.ube-k.ac.jp\/vi\/wp-json\/wp\/v2\/users\/1"}],"replies":[{"embeddable":true,"href":"https:\/\/www.ube-k.ac.jp\/vi\/wp-json\/wp\/v2\/comments?post=91"}],"version-history":[{"count":3,"href":"https:\/\/www.ube-k.ac.jp\/vi\/wp-json\/wp\/v2\/pages\/91\/revisions"}],"predecessor-version":[{"id":2780,"href":"https:\/\/www.ube-k.ac.jp\/vi\/wp-json\/wp\/v2\/pages\/91\/revisions\/2780"}],"up":[{"embeddable":true,"href":"https:\/\/www.ube-k.ac.jp\/vi\/wp-json\/wp\/v2\/pages\/88"}],"wp:featuredmedia":[{"embeddable":true,"href":"https:\/\/www.ube-k.ac.jp\/vi\/wp-json\/wp\/v2\/media\/2234"}],"wp:attachment":[{"href":"https:\/\/www.ube-k.ac.jp\/vi\/wp-json\/wp\/v2\/media?parent=91"}],"curies":[{"name":"wp","href":"https:\/\/api.w.org\/{rel}","templated":true}]}}