{"id":95,"date":"2015-06-15T18:49:09","date_gmt":"2015-06-15T09:49:09","guid":{"rendered":"http:\/\/www.ube-k.ac.jp\/en\/?page_id=95"},"modified":"2022-02-18T14:25:41","modified_gmt":"2022-02-18T05:25:41","slug":"training-workshop","status":"publish","type":"page","link":"https:\/\/www.ube-k.ac.jp\/vi\/facilities\/training-workshop\/","title":{"rendered":"X\u01b0\u1edfng Th\u1ef1c H\u00e0nh"},"content":{"rendered":"<img loading=\"lazy\" decoding=\"async\" class=\"img_sp size-full wp-image-191 alignleft\" src=\"http:\/\/www.ube-k.ac.jp\/en\/cms\/wp-content\/uploads\/2015\/06\/m-center01.jpg\" alt=\"m-center01\" width=\"225\" height=\"170\" \/>\r\n\r\nX\u01b0\u1edfng th\u1ef1c h\u00e0nh v\u1edbi m\u1ee5c \u0111\u00edch \u0111\u00e0o t\u1ea1o ki\u1ebfn th\u1ee9c gia c\u00f4ng c\u01a1 kh\u00ed, \u0111\u01b0\u1ee3c th\u00e0nh l\u1eadp nh\u1eb1m t\u1ed5 ch\u1ee9c cho c\u00e1c h\u1ecdc vi\u00ean t\u1eeb n\u0103m th\u1ee9 nh\u1ea5t \u0111\u1ebfn n\u0103m th\u1ee9 3 c\u1ee7a Khoa C\u00f4ng ngh\u1ec7 C\u01a1 kh\u00ed th\u1ef1c h\u00e0nh ch\u1ebf t\u1ea1o m\u00e1y m\u00f3c. H\u1ecdc vi\u00ean n\u0103m th\u1ee9 nh\u1ea5t s\u1ebd \u0111\u01b0\u1ee3c h\u1ecdc ti\u1ec7n b\u1eb1ng m\u00e1y ti\u1ec7n, c\u1eaft g\u1ecdt b\u1eb1ng m\u00e1y phay v\u00e0 h\u1ecdc ho\u00e0n thi\u1ec7n b\u1ec1 m\u1eb7t s\u1ea3n ph\u1ea9m b\u1eb1ng tay v\u1edbi c\u00e1c d\u1ee5ng c\u1ee5 nh\u01b0 gi\u0169a. Song song \u0111\u00f3, h\u1ecdc vi\u00ean c\u0169ng \u0111\u01b0\u1ee3c h\u1ecdc ki\u1ebfn th\u1ee9c c\u0103n b\u1ea3n v\u1ec1 l\u1eadp tr\u00ecnh m\u00e1y c\u00f4ng c\u1ee5 NC, h\u00e0n h\u1ed3 quang, v.v&#8230; H\u1ecdc vi\u00ean n\u0103m th\u1ee9 3 s\u1ebd \u0111\u01b0\u1ee3c h\u1ecdc t\u1ed5ng h\u1ee3p c\u00e1c ki\u1ebfn th\u1ee9c n\u00e0y \u0111\u1ec3 th\u1ef1c h\u00e0nh ch\u1ebf t\u1ea1o s\u1ea3n ph\u1ea9m trong kho\u1ea3ng th\u1eddi gian n\u1eeda h\u1ecdc k\u1ef3. Vi\u1ec7c \u0111\u00e0o t\u1ea1o m\u1ed9t k\u1ef9 s\u01b0 xu\u1ea5t s\u1eafc kh\u00f4ng ch\u1ec9 d\u1eebng l\u1ea1i \u1edf vi\u1ec7c (nghe, nh\u00ecn), m\u00e0 c\u1ea7n ph\u1ea3i c\u00f3 s\u1ef1 tr\u1ea3i nghi\u1ec7m th\u1ef1c t\u1ebf. X\u01b0\u1edfng th\u1ef1c h\u00e0nh \u0111\u01b0\u1ee3c s\u1eed d\u1ee5ng v\u1edbi nhi\u1ec1u m\u1ee5c \u0111\u00edch nh\u01b0 ngo\u00e0i th\u1ef1c h\u00e0nh ch\u1ebf t\u1ea1o, c\u00f2n s\u1eed d\u1ee5ng \u0111\u1ec3 ch\u1ebf t\u1ea1o d\u1ee5ng c\u1ee5 th\u00ed nghi\u1ec7m, thi\u1ebft b\u1ecb th\u1eed nghi\u1ec7m trong nghi\u00ean c\u1ee9u \u0111\u1ed3 \u00e1n t\u1ed1t nghi\u1ec7p, c\u0169ng nh\u01b0 ch\u1ebf t\u1ea1o robot \u0111\u1ec3 d\u1ef1 thi trong cu\u1ed9c thi robocon. Ngo\u00e0i ra, nh\u01b0 l\u00e0 m\u1ed9t ho\u1ea1t \u0111\u1ed9ng c\u1ed1ng hi\u1ebfn cho khu v\u1ef1c \u0111\u1ecba ph\u01b0\u01a1ng, X\u01b0\u1edfng c\u00f2n t\u1ed5 ch\u1ee9c l\u1edbp h\u1ecdc c\u00f4ng khai &#8220;<em>L\u1edbp h\u1ecdc ch\u1ebf t\u1ea1o s\u1ea3n ph\u1ea9m v\u1ee1 l\u00f2ng<\/em>&#8221; d\u00e0nh cho c\u00e1c k\u1ef9 s\u01b0 t\u01b0\u01a1ng lai l\u00e0 c\u00e1c h\u1ecdc sinh ti\u1ec3u h\u1ecdc tr\u1ea3i nghi\u1ec7m \u0111\u01b0\u1ee3c ni\u1ec1m vui trong ch\u1ebf t\u1ea1o s\u1ea3n ph\u1ea9m.\r\n\r\n<p class='cl'><\/p>\r\n<h3>C\u00e1c thi\u1ebft b\u1ecb ch\u00ednh c\u1ee7a X\u01b0\u1edfng th\u1ef1c h\u00e0nh<\/h3>\r\nM\u00e1y ti\u1ec7n, m\u00e1y phay, m\u00e1y khoan, m\u00e1y m\u00e0i h\u00ecnh tr\u1ee5, m\u00e1y m\u00e0i b\u1ec1 m\u1eb7t, m\u00e1y gia c\u00f4ng c\u1eaft b\u1eb1ng d\u00e2y ph\u00f3ng \u0111i\u1ec7n, m\u00e1y gia c\u00f4ng trung t\u00e2m, m\u00e1y turning center, m\u00e1y c\u1eaft, m\u00e1y nh\u1ea5n phanh, m\u00e1y h\u00e0n TIG, m\u00e1y h\u00e0n \u0111i\u1ec3m, m\u00e1y in 3D.\r\n\r\n<img decoding=\"async\" class=\"img100 aligncenter size-full wp-image-340\" src=\"https:\/\/www.ube-k.ac.jp\/en\/cms\/wp-content\/uploads\/2015\/06\/mechanical-workshop02.jpg\" alt=\"mechanical-workshop02\" \/>","protected":false},"excerpt":{"rendered":"<p>X\u01b0\u1edfng th\u1ef1c h\u00e0nh v\u1edbi m\u1ee5c \u0111\u00edch \u0111\u00e0o t\u1ea1o ki\u1ebfn th\u1ee9c gia c\u00f4ng c\u01a1 kh\u00ed, \u0111\u01b0\u1ee3c th\u00e0nh l\u1eadp nh\u1eb1m t\u1ed5 ch\u1ee9c cho c\u00e1c h\u1ecdc vi\u00ean t [&hellip;]<\/p>\n","protected":false},"author":1,"featured_media":2245,"parent":88,"menu_order":27,"comment_status":"open","ping_status":"open","template":"","meta":{"footnotes":""},"_links":{"self":[{"href":"https:\/\/www.ube-k.ac.jp\/vi\/wp-json\/wp\/v2\/pages\/95"}],"collection":[{"href":"https:\/\/www.ube-k.ac.jp\/vi\/wp-json\/wp\/v2\/pages"}],"about":[{"href":"https:\/\/www.ube-k.ac.jp\/vi\/wp-json\/wp\/v2\/types\/page"}],"author":[{"embeddable":true,"href":"https:\/\/www.ube-k.ac.jp\/vi\/wp-json\/wp\/v2\/users\/1"}],"replies":[{"embeddable":true,"href":"https:\/\/www.ube-k.ac.jp\/vi\/wp-json\/wp\/v2\/comments?post=95"}],"version-history":[{"count":2,"href":"https:\/\/www.ube-k.ac.jp\/vi\/wp-json\/wp\/v2\/pages\/95\/revisions"}],"predecessor-version":[{"id":2783,"href":"https:\/\/www.ube-k.ac.jp\/vi\/wp-json\/wp\/v2\/pages\/95\/revisions\/2783"}],"up":[{"embeddable":true,"href":"https:\/\/www.ube-k.ac.jp\/vi\/wp-json\/wp\/v2\/pages\/88"}],"wp:featuredmedia":[{"embeddable":true,"href":"https:\/\/www.ube-k.ac.jp\/vi\/wp-json\/wp\/v2\/media\/2245"}],"wp:attachment":[{"href":"https:\/\/www.ube-k.ac.jp\/vi\/wp-json\/wp\/v2\/media?parent=95"}],"curies":[{"name":"wp","href":"https:\/\/api.w.org\/{rel}","templated":true}]}}