{"id":98,"date":"2015-06-15T18:51:57","date_gmt":"2015-06-15T09:51:57","guid":{"rendered":"http:\/\/www.ube-k.ac.jp\/en\/?page_id=98"},"modified":"2022-02-18T14:25:13","modified_gmt":"2022-02-18T05:25:13","slug":"collaborative-research-center","status":"publish","type":"page","link":"https:\/\/www.ube-k.ac.jp\/vi\/facilities\/collaborative-research-center\/","title":{"rendered":"Trung t\u00e2m K\u1ef9 thu\u1eadt H\u1ee3p t\u00e1c Khu v\u1ef1c"},"content":{"rendered":"<img loading=\"lazy\" decoding=\"async\" class=\"img_sp size-full wp-image-186 alignleft\" src=\"https:\/\/www.ube-k.ac.jp\/en\/cms\/wp-content\/uploads\/2015\/06\/centerphoto1.jpg\" alt=\"centerphoto1\" width=\"250\" height=\"180\" \/>\r\n\r\nTrung t\u00e2m ti\u1ebfn h\u00e0nh h\u1ee3p t\u00e1c v\u00e0 giao l\u01b0u nghi\u00ean c\u1ee9u v\u1edbi c\u00e1c doanh nghi\u1ec7p t\u01b0 nh\u00e2n g\u00f3p ph\u1ea7n c\u1ed1ng hi\u1ebfn cho s\u1ef1 ph\u00e1t tri\u1ec3n tr\u00ecnh \u0111\u1ed9 k\u1ef9 thu\u1eadt c\u00f4ng nghi\u1ec7p t\u1ea1i \u0111\u1ecba ph\u01b0\u01a1ng. Trong c\u01a1 s\u1edf c\u1ee7a Trung t\u00e2m c\u00f3 r\u1ea5t nhi\u1ec1u c\u00e1c trang thi\u1ebft b\u1ecb bao g\u1ed3m k\u00ednh hi\u1ec3n vi t\u1ed1i t\u00e2n v\u00e0 m\u00e1y ph\u00e2n t\u00edch, v.v&#8230; H\u1ecdc vi\u00ean c\u00f3 th\u1ec3 s\u1eed d\u1ee5ng trong gi\u1edd gi\u1ea3ng c\u0169ng nh\u01b0 trong ho\u1ea1t \u0111\u1ed9ng nghi\u00ean c\u1ee9u \u0111\u1ed3 \u00e1n t\u1ed1t nghi\u1ec7p. Trung t\u00e2m c\u00f2n b\u1ed1 tr\u00ed 2 ph\u00f2ng x\u00fac ti\u1ebfn v\u1ec1 &#8220;gi\u00e1o d\u1ee5c v\u00e0 nghi\u00ean c\u1ee9u&#8221;, &#8220;giao l\u01b0u khu v\u1ef1c&#8221;, c\u0169ng nh\u01b0 c\u00f3 c\u01a1 s\u1edf v\u1eadt ch\u1ea5t nh\u01b0 ph\u00f2ng th\u00ed nghi\u1ec7m v\u1edbi thi\u1ebft b\u1ecb t\u1ed1i t\u00e2n, ph\u00f2ng h\u1ed9i th\u1ea3o, ph\u00f2ng t\u01b0 v\u1ea5n k\u1ef9 thu\u1eadt, v\u00e0 ph\u00f2ng th\u00ed nghi\u1ec7m h\u1ee3p t\u00e1c khu v\u1ef1c. T\u1ed5ng di\u1ec7n t\u00edch s\u00e0n l\u00e0 977\u33a1.<br>\r\n\r\nT\u1ea1i t\u1ea7ng 3 c\u1ee7a Trung t\u00e2m \u0111\u01b0\u1ee3c g\u1ecdi l\u00e0 Ube Kosen Techno Coffee v\u00e0 \u0111\u01b0\u1ee3c m\u1edf c\u1eeda r\u1ed9ng r\u00e3i cho c\u00e1c k\u1ef9 s\u01b0 c\u1ee7a doanh nghi\u1ec7p.\r\n\r\n<p class='cl'><\/p>\r\n\r\n<a href=\"https:\/\/www.ube-k.ac.jp\/en\/cms\/wp-content\/uploads\/2015\/06\/techinfo.jpg\"><img loading=\"lazy\" decoding=\"async\" class=\"img100 aligncenter size-full wp-image-675\" src=\"https:\/\/www.ube-k.ac.jp\/en\/cms\/wp-content\/uploads\/2015\/06\/techinfo.jpg\" alt=\"techinfo\" width=\"842\" height=\"595\" \/><\/a>","protected":false},"excerpt":{"rendered":"<p>Trung t\u00e2m ti\u1ebfn h\u00e0nh h\u1ee3p t\u00e1c v\u00e0 giao l\u01b0u nghi\u00ean c\u1ee9u v\u1edbi c\u00e1c doanh nghi\u1ec7p t\u01b0 nh\u00e2n g\u00f3p ph\u1ea7n c\u1ed1ng hi\u1ebfn cho s\u1ef1 ph\u00e1t [&hellip;]<\/p>\n","protected":false},"author":1,"featured_media":2280,"parent":88,"menu_order":26,"comment_status":"open","ping_status":"open","template":"","meta":{"footnotes":""},"_links":{"self":[{"href":"https:\/\/www.ube-k.ac.jp\/vi\/wp-json\/wp\/v2\/pages\/98"}],"collection":[{"href":"https:\/\/www.ube-k.ac.jp\/vi\/wp-json\/wp\/v2\/pages"}],"about":[{"href":"https:\/\/www.ube-k.ac.jp\/vi\/wp-json\/wp\/v2\/types\/page"}],"author":[{"embeddable":true,"href":"https:\/\/www.ube-k.ac.jp\/vi\/wp-json\/wp\/v2\/users\/1"}],"replies":[{"embeddable":true,"href":"https:\/\/www.ube-k.ac.jp\/vi\/wp-json\/wp\/v2\/comments?post=98"}],"version-history":[{"count":3,"href":"https:\/\/www.ube-k.ac.jp\/vi\/wp-json\/wp\/v2\/pages\/98\/revisions"}],"predecessor-version":[{"id":2782,"href":"https:\/\/www.ube-k.ac.jp\/vi\/wp-json\/wp\/v2\/pages\/98\/revisions\/2782"}],"up":[{"embeddable":true,"href":"https:\/\/www.ube-k.ac.jp\/vi\/wp-json\/wp\/v2\/pages\/88"}],"wp:featuredmedia":[{"embeddable":true,"href":"https:\/\/www.ube-k.ac.jp\/vi\/wp-json\/wp\/v2\/media\/2280"}],"wp:attachment":[{"href":"https:\/\/www.ube-k.ac.jp\/vi\/wp-json\/wp\/v2\/media?parent=98"}],"curies":[{"name":"wp","href":"https:\/\/api.w.org\/{rel}","templated":true}]}}